{"id":4514,"date":"2023-10-06T11:36:57","date_gmt":"2023-10-06T09:36:57","guid":{"rendered":"https:\/\/marquisdesthes.com\/?page_id=4514"},"modified":"2023-10-06T13:17:27","modified_gmt":"2023-10-06T11:17:27","slug":"nous-contacter","status":"publish","type":"page","link":"https:\/\/marquisdesthes.com\/en\/nous-contacter\/","title":{"rendered":"Nous contacter"},"content":{"rendered":"\t\t<div data-elementor-type=\"wp-page\" data-elementor-id=\"4514\" class=\"elementor elementor-4514\" data-elementor-post-type=\"page\">\n\t\t\t\t<div class=\"elementor-element elementor-element-9e73674 e-flex e-con-boxed e-con e-parent\" data-id=\"9e73674\" data-element_type=\"container\" data-e-type=\"container\">\n\t\t\t\t\t<div class=\"e-con-inner\">\n\t\t\t\t<div class=\"elementor-element elementor-element-98f689b elementor-align-center elementor-widget elementor-widget-breadcrumbs\" data-id=\"98f689b\" data-element_type=\"widget\" data-e-type=\"widget\" data-widget_type=\"breadcrumbs.default\">\n\t\t\t\t<div class=\"elementor-widget-container\">\n\t\t\t\t\t<p id=\"breadcrumbs\"><span><span><a href=\"https:\/\/marquisdesthes.com\/\">Accueil<\/a><\/span><\/span><\/p>\t\t\t\t<\/div>\n\t\t\t\t<\/div>\n\t\t\t\t<div class=\"elementor-element elementor-element-8433456 elementor-widget elementor-widget-heading\" data-id=\"8433456\" data-element_type=\"widget\" data-e-type=\"widget\" data-widget_type=\"heading.default\">\n\t\t\t\t<div class=\"elementor-widget-container\">\n\t\t\t\t\t<h1 class=\"elementor-heading-title elementor-size-xxl\">Nous contacter<\/h1>\t\t\t\t<\/div>\n\t\t\t\t<\/div>\n\t\t\t\t<div class=\"elementor-element elementor-element-65cfd3a elementor-widget elementor-widget-text-editor\" data-id=\"65cfd3a\" data-element_type=\"widget\" data-e-type=\"widget\" data-widget_type=\"text-editor.default\">\n\t\t\t\t<div class=\"elementor-widget-container\">\n\t\t\t\t\t\t\t\t\t<p>Pour toute demande d&rsquo;informations sur nos th\u00e9s, la team du Marquis est disponible pour vous.\u00a0<\/p><p>Remplissez le formulaire ou \u00e9crivez-nous \u00e0 contact@marquisdesthes.com. <span style=\"font-size: 16px; font-style: normal; font-weight: 400;\">Nous sommes \u00e0 votre \u00e9coute.\u00a0<\/span><\/p>\t\t\t\t\t\t\t\t<\/div>\n\t\t\t\t<\/div>\n\t\t\t\t<div class=\"elementor-element elementor-element-a03ae87 elementor-button-align-stretch elementor-widget elementor-widget-form\" data-id=\"a03ae87\" data-element_type=\"widget\" data-e-type=\"widget\" data-settings=\"{&quot;step_next_label&quot;:&quot;Suivant&quot;,&quot;step_previous_label&quot;:&quot;Pr\\u00e9c\\u00e9dent&quot;,&quot;button_width&quot;:&quot;100&quot;,&quot;step_type&quot;:&quot;number_text&quot;,&quot;step_icon_shape&quot;:&quot;circle&quot;}\" data-widget_type=\"form.default\">\n\t\t\t\t<div class=\"elementor-widget-container\">\n\t\t\t\t\t\t\t<form class=\"elementor-form\" method=\"post\" name=\"Nouveau formulaire\">\n\t\t\t<input type=\"hidden\" name=\"post_id\" value=\"4514\"\/>\n\t\t\t<input type=\"hidden\" name=\"form_id\" value=\"a03ae87\"\/>\n\t\t\t<input type=\"hidden\" name=\"referer_title\" value=\"Nous contacter - Marquis des th\u00e9s\" \/>\n\n\t\t\t\t\t\t\t<input type=\"hidden\" name=\"queried_id\" value=\"4514\"\/>\n\t\t\t\n\t\t\t<div class=\"elementor-form-fields-wrapper elementor-labels-above\">\n\t\t\t\t\t\t\t\t<div class=\"elementor-field-type-select elementor-field-group elementor-column elementor-field-group-sujet elementor-col-100 elementor-field-required elementor-mark-required\">\n\t\t\t\t\t\t\t\t\t\t\t\t<label for=\"form-field-sujet\" class=\"elementor-field-label\">\n\t\t\t\t\t\t\t\tSujet\t\t\t\t\t\t\t<\/label>\n\t\t\t\t\t\t\t\t<div class=\"elementor-field elementor-select-wrapper remove-before \">\n\t\t\t<div class=\"select-caret-down-wrapper\">\n\t\t\t\t<svg aria-hidden=\"true\" class=\"e-font-icon-svg e-eicon-caret-down\" viewBox=\"0 0 571.4 571.4\" xmlns=\"http:\/\/www.w3.org\/2000\/svg\"><path d=\"M571 393Q571 407 561 418L311 668Q300 679 286 679T261 668L11 418Q0 407 0 393T11 368 36 357H536Q550 357 561 368T571 393Z\"><\/path><\/svg>\t\t\t<\/div>\n\t\t\t<select name=\"form_fields[sujet]\" id=\"form-field-sujet\" class=\"elementor-field-textual elementor-size-md\" required=\"required\">\n\t\t\t\t\t\t\t\t\t<option value=\"Un produit\">Un produit<\/option>\n\t\t\t\t\t\t\t\t\t<option value=\"Ma commande\">Ma commande<\/option>\n\t\t\t\t\t\t\t\t\t<option value=\"Demande de presse\">Demande de presse<\/option>\n\t\t\t\t\t\t\t\t\t<option value=\"Autres\">Autres<\/option>\n\t\t\t\t\t\t\t<\/select>\n\t\t<\/div>\n\t\t\t\t\t\t<\/div>\n\t\t\t\t\t\t\t\t<div class=\"elementor-field-type-text elementor-field-group elementor-column elementor-field-group-prenom elementor-col-50\">\n\t\t\t\t\t\t\t\t\t\t\t\t<label for=\"form-field-prenom\" class=\"elementor-field-label\">\n\t\t\t\t\t\t\t\tPr\u00e9nom\t\t\t\t\t\t\t<\/label>\n\t\t\t\t\t\t\t\t\t\t\t\t\t\t<input size=\"1\" type=\"text\" name=\"form_fields[prenom]\" id=\"form-field-prenom\" class=\"elementor-field elementor-size-md  elementor-field-textual\" placeholder=\"Pr\u00e9nom\">\n\t\t\t\t\t\t\t\t\t\t\t<\/div>\n\t\t\t\t\t\t\t\t<div class=\"elementor-field-type-text elementor-field-group elementor-column elementor-field-group-nom elementor-col-50\">\n\t\t\t\t\t\t\t\t\t\t\t\t<label for=\"form-field-nom\" class=\"elementor-field-label\">\n\t\t\t\t\t\t\t\tNom\t\t\t\t\t\t\t<\/label>\n\t\t\t\t\t\t\t\t\t\t\t\t\t\t<input size=\"1\" type=\"text\" name=\"form_fields[nom]\" id=\"form-field-nom\" class=\"elementor-field elementor-size-md  elementor-field-textual\" placeholder=\"Nom\">\n\t\t\t\t\t\t\t\t\t\t\t<\/div>\n\t\t\t\t\t\t\t\t<div class=\"elementor-field-type-tel elementor-field-group elementor-column elementor-field-group-field_1b4de68 elementor-col-100\">\n\t\t\t\t\t\t\t\t\t\t\t\t<label for=\"form-field-field_1b4de68\" class=\"elementor-field-label\">\n\t\t\t\t\t\t\t\tNum\u00e9ro de t\u00e9l\u00e9phone\t\t\t\t\t\t\t<\/label>\n\t\t\t\t\t\t\t\t<input size=\"1\" type=\"tel\" name=\"form_fields[field_1b4de68]\" id=\"form-field-field_1b4de68\" class=\"elementor-field elementor-size-md  elementor-field-textual\" placeholder=\"Num\u00e9ro de t\u00e9l\u00e9phone\" pattern=\"[0-9()#&amp;+*-=.]+\" title=\"Seuls les caract\u00e8res de num\u00e9ros de t\u00e9l\u00e9phone (#, -, *, etc.) sont accept\u00e9s.\">\n\n\t\t\t\t\t\t<\/div>\n\t\t\t\t\t\t\t\t<div class=\"elementor-field-type-email elementor-field-group elementor-column elementor-field-group-email elementor-col-100 elementor-field-required elementor-mark-required\">\n\t\t\t\t\t\t\t\t\t\t\t\t<label for=\"form-field-email\" class=\"elementor-field-label\">\n\t\t\t\t\t\t\t\tE-mail\t\t\t\t\t\t\t<\/label>\n\t\t\t\t\t\t\t\t\t\t\t\t\t\t<input size=\"1\" type=\"email\" name=\"form_fields[email]\" id=\"form-field-email\" class=\"elementor-field elementor-size-md  elementor-field-textual\" placeholder=\"E-mail\" required=\"required\">\n\t\t\t\t\t\t\t\t\t\t\t<\/div>\n\t\t\t\t\t\t\t\t<div class=\"elementor-field-type-textarea elementor-field-group elementor-column elementor-field-group-message elementor-col-100 elementor-field-required elementor-mark-required\">\n\t\t\t\t\t\t\t\t\t\t\t\t<label for=\"form-field-message\" class=\"elementor-field-label\">\n\t\t\t\t\t\t\t\tMessage\t\t\t\t\t\t\t<\/label>\n\t\t\t\t\t\t<textarea class=\"elementor-field-textual elementor-field  elementor-size-md\" name=\"form_fields[message]\" id=\"form-field-message\" rows=\"4\" placeholder=\"Message\" required=\"required\"><\/textarea>\t\t\t\t<\/div>\n\t\t\t\t\t\t\t\t<div class=\"elementor-field-group elementor-column elementor-field-type-submit elementor-col-100 e-form__buttons\">\n\t\t\t\t\t<button class=\"elementor-button elementor-size-sm\" type=\"submit\">\n\t\t\t\t\t\t<span class=\"elementor-button-content-wrapper\">\n\t\t\t\t\t\t\t\t\t\t\t\t\t\t\t\t\t\t\t\t\t\t<span class=\"elementor-button-text\">Envoyer<\/span>\n\t\t\t\t\t\t\t\t\t\t\t\t\t<\/span>\n\t\t\t\t\t<\/button>\n\t\t\t\t<\/div>\n\t\t\t<\/div>\n\t\t<\/form>\n\t\t\t\t\t\t<\/div>\n\t\t\t\t<\/div>\n\t\t\t\t\t<\/div>\n\t\t\t\t<\/div>\n\t\t\t\t<\/div>\n\t\t","protected":false},"excerpt":{"rendered":"<p>Nous contacter Pour toute demande d&rsquo;informations sur nos th\u00e9s, la team du Marquis est disponible pour vous. Remplissez le formulaire ou \u00e9crivez-nous \u00e0 contact@marquisdesthes.com. Nous sommes \u00e0 votre \u00e9coute.<\/p>","protected":false},"author":1,"featured_media":0,"parent":0,"menu_order":0,"comment_status":"closed","ping_status":"closed","template":"","meta":{"_acf_changed":false,"site-sidebar-layout":"no-sidebar","site-content-layout":"page-builder","ast-site-content-layout":"full-width-container","site-content-style":"default","site-sidebar-style":"default","ast-global-header-display":"","ast-banner-title-visibility":"","ast-main-header-display":"","ast-hfb-above-header-display":"","ast-hfb-below-header-display":"","ast-hfb-mobile-header-display":"","site-post-title":"disabled","ast-breadcrumbs-content":"","ast-featured-img":"disabled","footer-sml-layout":"","ast-disable-related-posts":"","theme-transparent-header-meta":"","adv-header-id-meta":"","stick-header-meta":"","header-above-stick-meta":"","header-main-stick-meta":"","header-below-stick-meta":"","astra-migrate-meta-layouts":"set","ast-page-background-enabled":"default","ast-page-background-meta":{"desktop":{"background-color":"","background-image":"","background-repeat":"repeat","background-position":"center center","background-size":"auto","background-attachment":"scroll","background-type":"","background-media":"","overlay-type":"","overlay-color":"","overlay-opacity":"","overlay-gradient":""},"tablet":{"background-color":"","background-image":"","background-repeat":"repeat","background-position":"center center","background-size":"auto","background-attachment":"scroll","background-type":"","background-media":"","overlay-type":"","overlay-color":"","overlay-opacity":"","overlay-gradient":""},"mobile":{"background-color":"","background-image":"","background-repeat":"repeat","background-position":"center center","background-size":"auto","background-attachment":"scroll","background-type":"","background-media":"","overlay-type":"","overlay-color":"","overlay-opacity":"","overlay-gradient":""}},"ast-content-background-meta":{"desktop":{"background-color":"var(--ast-global-color-5)","background-image":"","background-repeat":"repeat","background-position":"center center","background-size":"auto","background-attachment":"scroll","background-type":"","background-media":"","overlay-type":"","overlay-color":"","overlay-opacity":"","overlay-gradient":""},"tablet":{"background-color":"var(--ast-global-color-5)","background-image":"","background-repeat":"repeat","background-position":"center center","background-size":"auto","background-attachment":"scroll","background-type":"","background-media":"","overlay-type":"","overlay-color":"","overlay-opacity":"","overlay-gradient":""},"mobile":{"background-color":"var(--ast-global-color-5)","background-image":"","background-repeat":"repeat","background-position":"center center","background-size":"auto","background-attachment":"scroll","background-type":"","background-media":"","overlay-type":"","overlay-color":"","overlay-opacity":"","overlay-gradient":""}},"footnotes":""},"class_list":["post-4514","page","type-page","status-publish","hentry"],"acf":[],"yoast_head":"<!-- This site is optimized with the Yoast SEO plugin v27.5 - https:\/\/yoast.com\/product\/yoast-seo-wordpress\/ -->\n<title>Nous contacter - Marquis des th\u00e9s<\/title>\n<meta name=\"robots\" content=\"index, follow, max-snippet:-1, max-image-preview:large, max-video-preview:-1\" \/>\n<link rel=\"canonical\" href=\"https:\/\/marquisdesthes.com\/en\/nous-contacter\/\" \/>\n<meta property=\"og:locale\" content=\"en_US\" \/>\n<meta property=\"og:type\" content=\"article\" \/>\n<meta property=\"og:title\" content=\"Nous contacter - Marquis des th\u00e9s\" \/>\n<meta property=\"og:description\" content=\"Nous contacter Pour toute demande d&rsquo;informations sur nos th\u00e9s, la team du Marquis est disponible pour vous. Remplissez le formulaire ou \u00e9crivez-nous \u00e0 contact@marquisdesthes.com. Nous sommes \u00e0 votre \u00e9coute.\" \/>\n<meta property=\"og:url\" content=\"https:\/\/marquisdesthes.com\/en\/nous-contacter\/\" \/>\n<meta property=\"og:site_name\" content=\"Marquis des th\u00e9s\" \/>\n<meta property=\"article:modified_time\" content=\"2023-10-06T11:17:27+00:00\" \/>\n<meta name=\"twitter:card\" content=\"summary_large_image\" \/>\n<meta name=\"twitter:label1\" content=\"Est. reading time\" \/>\n\t<meta name=\"twitter:data1\" content=\"1 minute\" \/>\n<script type=\"application\/ld+json\" class=\"yoast-schema-graph\">{\"@context\":\"https:\\\/\\\/schema.org\",\"@graph\":[{\"@type\":[\"WebPage\",\"ContactPage\"],\"@id\":\"https:\\\/\\\/marquisdesthes.com\\\/nous-contacter\\\/\",\"url\":\"https:\\\/\\\/marquisdesthes.com\\\/nous-contacter\\\/\",\"name\":\"Nous contacter - Marquis des th\u00e9s\",\"isPartOf\":{\"@id\":\"https:\\\/\\\/marquisdesthes.com\\\/#website\"},\"datePublished\":\"2023-10-06T09:36:57+00:00\",\"dateModified\":\"2023-10-06T11:17:27+00:00\",\"breadcrumb\":{\"@id\":\"https:\\\/\\\/marquisdesthes.com\\\/nous-contacter\\\/#breadcrumb\"},\"inLanguage\":\"en-US\",\"potentialAction\":[{\"@type\":\"ReadAction\",\"target\":[\"https:\\\/\\\/marquisdesthes.com\\\/nous-contacter\\\/\"]}]},{\"@type\":\"BreadcrumbList\",\"@id\":\"https:\\\/\\\/marquisdesthes.com\\\/nous-contacter\\\/#breadcrumb\",\"itemListElement\":[{\"@type\":\"ListItem\",\"position\":1,\"name\":\"Accueil\",\"item\":\"https:\\\/\\\/marquisdesthes.com\\\/\"},{\"@type\":\"ListItem\",\"position\":2,\"name\":\"Nous contacter\"}]},{\"@type\":\"WebSite\",\"@id\":\"https:\\\/\\\/marquisdesthes.com\\\/#website\",\"url\":\"https:\\\/\\\/marquisdesthes.com\\\/\",\"name\":\"Marquis des th\u00e9s\",\"description\":\"\",\"publisher\":{\"@id\":\"https:\\\/\\\/marquisdesthes.com\\\/#organization\"},\"potentialAction\":[{\"@type\":\"SearchAction\",\"target\":{\"@type\":\"EntryPoint\",\"urlTemplate\":\"https:\\\/\\\/marquisdesthes.com\\\/?s={search_term_string}\"},\"query-input\":{\"@type\":\"PropertyValueSpecification\",\"valueRequired\":true,\"valueName\":\"search_term_string\"}}],\"inLanguage\":\"en-US\"},{\"@type\":\"Organization\",\"@id\":\"https:\\\/\\\/marquisdesthes.com\\\/#organization\",\"name\":\"Marquis des th\u00e9s\",\"url\":\"https:\\\/\\\/marquisdesthes.com\\\/\",\"logo\":{\"@type\":\"ImageObject\",\"inLanguage\":\"en-US\",\"@id\":\"https:\\\/\\\/marquisdesthes.com\\\/#\\\/schema\\\/logo\\\/image\\\/\",\"url\":\"https:\\\/\\\/marquisdesthes.com\\\/wp-content\\\/uploads\\\/2022\\\/06\\\/Logo-site-web-marquis-des-thes-e1667926864494.png\",\"contentUrl\":\"https:\\\/\\\/marquisdesthes.com\\\/wp-content\\\/uploads\\\/2022\\\/06\\\/Logo-site-web-marquis-des-thes-e1667926864494.png\",\"width\":744,\"height\":279,\"caption\":\"Marquis des th\u00e9s\"},\"image\":{\"@id\":\"https:\\\/\\\/marquisdesthes.com\\\/#\\\/schema\\\/logo\\\/image\\\/\"},\"sameAs\":[\"https:\\\/\\\/www.instagram.com\\\/marquisdesthes\\\/\",\"https:\\\/\\\/www.tiktok.com\\\/@marquisdesthes\",\"https:\\\/\\\/www.pinterest.fr\\\/marquisdesthes\\\/\",\"https:\\\/\\\/www.youtube.com\\\/channel\\\/UC903SUajBZcvK-BcncSHcJg\"]}]}<\/script>\n<!-- \/ Yoast SEO plugin. -->","yoast_head_json":{"title":"Nous contacter - Marquis des th\u00e9s","robots":{"index":"index","follow":"follow","max-snippet":"max-snippet:-1","max-image-preview":"max-image-preview:large","max-video-preview":"max-video-preview:-1"},"canonical":"https:\/\/marquisdesthes.com\/en\/nous-contacter\/","og_locale":"en_US","og_type":"article","og_title":"Nous contacter - Marquis des th\u00e9s","og_description":"Nous contacter Pour toute demande d&rsquo;informations sur nos th\u00e9s, la team du Marquis est disponible pour vous. Remplissez le formulaire ou \u00e9crivez-nous \u00e0 contact@marquisdesthes.com. Nous sommes \u00e0 votre \u00e9coute.","og_url":"https:\/\/marquisdesthes.com\/en\/nous-contacter\/","og_site_name":"Marquis des th\u00e9s","article_modified_time":"2023-10-06T11:17:27+00:00","twitter_card":"summary_large_image","twitter_misc":{"Est. reading time":"1 minute"},"schema":{"@context":"https:\/\/schema.org","@graph":[{"@type":["WebPage","ContactPage"],"@id":"https:\/\/marquisdesthes.com\/nous-contacter\/","url":"https:\/\/marquisdesthes.com\/nous-contacter\/","name":"Nous contacter - Marquis des th\u00e9s","isPartOf":{"@id":"https:\/\/marquisdesthes.com\/#website"},"datePublished":"2023-10-06T09:36:57+00:00","dateModified":"2023-10-06T11:17:27+00:00","breadcrumb":{"@id":"https:\/\/marquisdesthes.com\/nous-contacter\/#breadcrumb"},"inLanguage":"en-US","potentialAction":[{"@type":"ReadAction","target":["https:\/\/marquisdesthes.com\/nous-contacter\/"]}]},{"@type":"BreadcrumbList","@id":"https:\/\/marquisdesthes.com\/nous-contacter\/#breadcrumb","itemListElement":[{"@type":"ListItem","position":1,"name":"Accueil","item":"https:\/\/marquisdesthes.com\/"},{"@type":"ListItem","position":2,"name":"Nous contacter"}]},{"@type":"WebSite","@id":"https:\/\/marquisdesthes.com\/#website","url":"https:\/\/marquisdesthes.com\/","name":"Marquis des th\u00e9s","description":"","publisher":{"@id":"https:\/\/marquisdesthes.com\/#organization"},"potentialAction":[{"@type":"SearchAction","target":{"@type":"EntryPoint","urlTemplate":"https:\/\/marquisdesthes.com\/?s={search_term_string}"},"query-input":{"@type":"PropertyValueSpecification","valueRequired":true,"valueName":"search_term_string"}}],"inLanguage":"en-US"},{"@type":"Organization","@id":"https:\/\/marquisdesthes.com\/#organization","name":"Marquis des th\u00e9s","url":"https:\/\/marquisdesthes.com\/","logo":{"@type":"ImageObject","inLanguage":"en-US","@id":"https:\/\/marquisdesthes.com\/#\/schema\/logo\/image\/","url":"https:\/\/marquisdesthes.com\/wp-content\/uploads\/2022\/06\/Logo-site-web-marquis-des-thes-e1667926864494.png","contentUrl":"https:\/\/marquisdesthes.com\/wp-content\/uploads\/2022\/06\/Logo-site-web-marquis-des-thes-e1667926864494.png","width":744,"height":279,"caption":"Marquis des th\u00e9s"},"image":{"@id":"https:\/\/marquisdesthes.com\/#\/schema\/logo\/image\/"},"sameAs":["https:\/\/www.instagram.com\/marquisdesthes\/","https:\/\/www.tiktok.com\/@marquisdesthes","https:\/\/www.pinterest.fr\/marquisdesthes\/","https:\/\/www.youtube.com\/channel\/UC903SUajBZcvK-BcncSHcJg"]}]}},"_links":{"self":[{"href":"https:\/\/marquisdesthes.com\/en\/wp-json\/wp\/v2\/pages\/4514","targetHints":{"allow":["GET"]}}],"collection":[{"href":"https:\/\/marquisdesthes.com\/en\/wp-json\/wp\/v2\/pages"}],"about":[{"href":"https:\/\/marquisdesthes.com\/en\/wp-json\/wp\/v2\/types\/page"}],"author":[{"embeddable":true,"href":"https:\/\/marquisdesthes.com\/en\/wp-json\/wp\/v2\/users\/1"}],"replies":[{"embeddable":true,"href":"https:\/\/marquisdesthes.com\/en\/wp-json\/wp\/v2\/comments?post=4514"}],"version-history":[{"count":23,"href":"https:\/\/marquisdesthes.com\/en\/wp-json\/wp\/v2\/pages\/4514\/revisions"}],"predecessor-version":[{"id":4543,"href":"https:\/\/marquisdesthes.com\/en\/wp-json\/wp\/v2\/pages\/4514\/revisions\/4543"}],"wp:attachment":[{"href":"https:\/\/marquisdesthes.com\/en\/wp-json\/wp\/v2\/media?parent=4514"}],"curies":[{"name":"wp","href":"https:\/\/api.w.org\/{rel}","templated":true}]}}