{"id":1624,"date":"2023-06-29T16:57:25","date_gmt":"2023-06-29T14:57:25","guid":{"rendered":"https:\/\/marquisdesthes.fr\/?post_type=product&#038;p=1624"},"modified":"2025-09-22T19:27:07","modified_gmt":"2025-09-22T17:27:07","slug":"fleur-de-the-olympe","status":"publish","type":"product","link":"https:\/\/marquisdesthes.com\/en\/product\/fleur-de-the-olympe\/","title":{"rendered":"OLYMPE"},"content":{"rendered":"<p><span style=\"font-weight: 400;\">Une pivoine pour Olympe, voici ce que le marquis a souhait\u00e9 pour rendre hommage \u00e0 la pionni\u00e8re du f\u00e9minisme : <a href=\"https:\/\/fr.wikipedia.org\/wiki\/Olympe_de_Gouges\" target=\"_blank\" rel=\"noopener\">Olympe de Gouges<\/a>. \u2764\ufe0f<\/span><\/p>\n<p><span style=\"font-weight: 400;\">Parce qu\u2019en 1791, il fallait un courage plus qu\u2019h\u00e9ro\u00efque pour r\u00e9diger une d\u00e9claration des droits de la femme et de la citoyenne. Olympe, une femme qui se veut libre et insoumise \u00e0 une \u00e9poque ou la femme n\u2019a pas de droit. Il fallait \u00e9galement du courage pour demander l\u2019instauration du divorce, de m\u00eame pour demander l\u2019instauration de la reconnaissance des enfants n\u00e9es hors mariage ?<\/span><\/p>\n<p><span style=\"font-weight: 400;\">Olympe \u00e9tait courageuse et pionni\u00e8re dans son domaine et dans ses convictions, le marquis et toutes les femmes de ce monde la remercient pour ces actions.<\/span><\/p>","protected":false},"excerpt":{"rendered":"<p><span style=\"vertical-align: inherit;\"><span style=\"vertical-align: inherit;\">Fleur de th\u00e9 vert \u00e0 la pivoine appel\u00e9 Olympe en hommage \u00e0 Olympe de Gouges.<\/span><\/span><\/p>","protected":false},"featured_media":2022,"template":"","meta":{"_acf_changed":false,"site-sidebar-layout":"default","site-content-layout":"default","ast-site-content-layout":"default","site-content-style":"default","site-sidebar-style":"default","ast-global-header-display":"","ast-banner-title-visibility":"","ast-main-header-display":"","ast-hfb-above-header-display":"","ast-hfb-below-header-display":"","ast-hfb-mobile-header-display":"","site-post-title":"","ast-breadcrumbs-content":"","ast-featured-img":"","footer-sml-layout":"","ast-disable-related-posts":"","theme-transparent-header-meta":"default","adv-header-id-meta":"","stick-header-meta":"","header-above-stick-meta":"","header-main-stick-meta":"","header-below-stick-meta":"","astra-migrate-meta-layouts":"set","ast-page-background-enabled":"default","ast-page-background-meta":{"desktop":{"background-color":"","background-image":"","background-repeat":"repeat","background-position":"center center","background-size":"auto","background-attachment":"scroll","background-type":"","background-media":"","overlay-type":"","overlay-color":"","overlay-opacity":"","overlay-gradient":""},"tablet":{"background-color":"","background-image":"","background-repeat":"repeat","background-position":"center center","background-size":"auto","background-attachment":"scroll","background-type":"","background-media":"","overlay-type":"","overlay-color":"","overlay-opacity":"","overlay-gradient":""},"mobile":{"background-color":"","background-image":"","background-repeat":"repeat","background-position":"center center","background-size":"auto","background-attachment":"scroll","background-type":"","background-media":"","overlay-type":"","overlay-color":"","overlay-opacity":"","overlay-gradient":""}},"ast-content-background-meta":{"desktop":{"background-color":"var(--ast-global-color-5)","background-image":"","background-repeat":"repeat","background-position":"center center","background-size":"auto","background-attachment":"scroll","background-type":"","background-media":"","overlay-type":"","overlay-color":"","overlay-opacity":"","overlay-gradient":""},"tablet":{"background-color":"var(--ast-global-color-5)","background-image":"","background-repeat":"repeat","background-position":"center center","background-size":"auto","background-attachment":"scroll","background-type":"","background-media":"","overlay-type":"","overlay-color":"","overlay-opacity":"","overlay-gradient":""},"mobile":{"background-color":"var(--ast-global-color-5)","background-image":"","background-repeat":"repeat","background-position":"center center","background-size":"auto","background-attachment":"scroll","background-type":"","background-media":"","overlay-type":"","overlay-color":"","overlay-opacity":"","overlay-gradient":""}}},"product_brand":[],"product_cat":[38,55],"product_tag":[66],"class_list":{"0":"post-1624","1":"product","2":"type-product","3":"status-publish","4":"has-post-thumbnail","6":"product_cat-fleurs-the","7":"product_cat-thes-pivoine","8":"product_tag-fleurs-the","9":"desktop-align-center","10":"tablet-align-center","11":"mobile-align-center","12":"ast-product-gallery-layout-horizontal-slider","13":"ast-product-gallery-with-no-image","14":"ast-magnify-disabled","15":"ast-product-tabs-layout-horizontal","17":"first","18":"instock","19":"taxable","20":"shipping-taxable","21":"purchasable","22":"product-type-simple"},"acf":[],"yoast_head":"<!-- This site is optimized with the Yoast SEO plugin v27.5 - https:\/\/yoast.com\/product\/yoast-seo-wordpress\/ -->\n<title>OLYMPE - Fleur de th\u00e9 vert \u00e0 la pivoine.<\/title>\n<meta name=\"description\" content=\"D\u00e9couvrez notre composition artistique intitul\u00e9 fleur de th\u00e9 Olympe. Un th\u00e9 sculpt\u00e9 avec du th\u00e9 vert et une fleur de pivoine.\" \/>\n<meta name=\"robots\" content=\"index, follow, max-snippet:-1, max-image-preview:large, max-video-preview:-1\" \/>\n<link rel=\"canonical\" href=\"https:\/\/marquisdesthes.com\/en\/product\/fleur-de-the-olympe\/\" \/>\n<meta property=\"og:locale\" content=\"en_US\" \/>\n<meta property=\"og:type\" content=\"article\" \/>\n<meta property=\"og:title\" content=\"OLYMPE - Fleur de th\u00e9 vert \u00e0 la pivoine.\" \/>\n<meta property=\"og:description\" content=\"D\u00e9couvrez notre composition artistique intitul\u00e9 fleur de th\u00e9 Olympe. Un th\u00e9 sculpt\u00e9 avec du th\u00e9 vert et une fleur de pivoine.\" \/>\n<meta property=\"og:url\" content=\"https:\/\/marquisdesthes.com\/en\/product\/fleur-de-the-olympe\/\" \/>\n<meta property=\"og:site_name\" content=\"Marquis des th\u00e9s\" \/>\n<meta property=\"article:modified_time\" content=\"2025-09-22T17:27:07+00:00\" \/>\n<meta property=\"og:image\" content=\"https:\/\/marquisdesthes.com\/wp-content\/uploads\/2022\/07\/Fleur-de-the-Olympe.jpg\" \/>\n\t<meta property=\"og:image:width\" content=\"1080\" \/>\n\t<meta property=\"og:image:height\" content=\"1080\" \/>\n\t<meta property=\"og:image:type\" content=\"image\/jpeg\" \/>\n<meta name=\"twitter:card\" content=\"summary_large_image\" \/>\n<meta name=\"twitter:label1\" content=\"Est. reading time\" \/>\n\t<meta name=\"twitter:data1\" content=\"1 minute\" \/>\n<script type=\"application\/ld+json\" class=\"yoast-schema-graph\">{\"@context\":\"https:\\\/\\\/schema.org\",\"@graph\":[{\"@type\":\"WebPage\",\"@id\":\"https:\\\/\\\/marquisdesthes.com\\\/produit\\\/fleur-de-the-olympe\\\/\",\"url\":\"https:\\\/\\\/marquisdesthes.com\\\/produit\\\/fleur-de-the-olympe\\\/\",\"name\":\"OLYMPE - Fleur de th\u00e9 vert \u00e0 la pivoine.\",\"isPartOf\":{\"@id\":\"https:\\\/\\\/marquisdesthes.com\\\/#website\"},\"primaryImageOfPage\":{\"@id\":\"https:\\\/\\\/marquisdesthes.com\\\/produit\\\/fleur-de-the-olympe\\\/#primaryimage\"},\"image\":{\"@id\":\"https:\\\/\\\/marquisdesthes.com\\\/produit\\\/fleur-de-the-olympe\\\/#primaryimage\"},\"thumbnailUrl\":\"https:\\\/\\\/marquisdesthes.com\\\/wp-content\\\/uploads\\\/2022\\\/07\\\/Fleur-de-the-Olympe.jpg\",\"datePublished\":\"2023-06-29T14:57:25+00:00\",\"dateModified\":\"2025-09-22T17:27:07+00:00\",\"description\":\"D\u00e9couvrez notre composition artistique intitul\u00e9 fleur de th\u00e9 Olympe. Un th\u00e9 sculpt\u00e9 avec du th\u00e9 vert et une fleur de pivoine.\",\"breadcrumb\":{\"@id\":\"https:\\\/\\\/marquisdesthes.com\\\/produit\\\/fleur-de-the-olympe\\\/#breadcrumb\"},\"inLanguage\":\"en-US\",\"potentialAction\":[{\"@type\":\"ReadAction\",\"target\":[\"https:\\\/\\\/marquisdesthes.com\\\/produit\\\/fleur-de-the-olympe\\\/\"]}]},{\"@type\":\"ImageObject\",\"inLanguage\":\"en-US\",\"@id\":\"https:\\\/\\\/marquisdesthes.com\\\/produit\\\/fleur-de-the-olympe\\\/#primaryimage\",\"url\":\"https:\\\/\\\/marquisdesthes.com\\\/wp-content\\\/uploads\\\/2022\\\/07\\\/Fleur-de-the-Olympe.jpg\",\"contentUrl\":\"https:\\\/\\\/marquisdesthes.com\\\/wp-content\\\/uploads\\\/2022\\\/07\\\/Fleur-de-the-Olympe.jpg\",\"width\":1080,\"height\":1080,\"caption\":\"Fleur de th\u00e9 Olympe, Th\u00e9 vert, Pivoine\"},{\"@type\":\"BreadcrumbList\",\"@id\":\"https:\\\/\\\/marquisdesthes.com\\\/produit\\\/fleur-de-the-olympe\\\/#breadcrumb\",\"itemListElement\":[{\"@type\":\"ListItem\",\"position\":1,\"name\":\"Accueil\",\"item\":\"https:\\\/\\\/marquisdesthes.com\\\/\"},{\"@type\":\"ListItem\",\"position\":2,\"name\":\"Boutique\",\"item\":\"https:\\\/\\\/marquisdesthes.com\\\/boutique\\\/\"},{\"@type\":\"ListItem\",\"position\":3,\"name\":\"OLYMPE\"}]},{\"@type\":\"WebSite\",\"@id\":\"https:\\\/\\\/marquisdesthes.com\\\/#website\",\"url\":\"https:\\\/\\\/marquisdesthes.com\\\/\",\"name\":\"Marquis des th\u00e9s\",\"description\":\"\",\"publisher\":{\"@id\":\"https:\\\/\\\/marquisdesthes.com\\\/#organization\"},\"potentialAction\":[{\"@type\":\"SearchAction\",\"target\":{\"@type\":\"EntryPoint\",\"urlTemplate\":\"https:\\\/\\\/marquisdesthes.com\\\/?s={search_term_string}\"},\"query-input\":{\"@type\":\"PropertyValueSpecification\",\"valueRequired\":true,\"valueName\":\"search_term_string\"}}],\"inLanguage\":\"en-US\"},{\"@type\":\"Organization\",\"@id\":\"https:\\\/\\\/marquisdesthes.com\\\/#organization\",\"name\":\"Marquis des th\u00e9s\",\"url\":\"https:\\\/\\\/marquisdesthes.com\\\/\",\"logo\":{\"@type\":\"ImageObject\",\"inLanguage\":\"en-US\",\"@id\":\"https:\\\/\\\/marquisdesthes.com\\\/#\\\/schema\\\/logo\\\/image\\\/\",\"url\":\"https:\\\/\\\/marquisdesthes.com\\\/wp-content\\\/uploads\\\/2022\\\/06\\\/Logo-site-web-marquis-des-thes-e1667926864494.png\",\"contentUrl\":\"https:\\\/\\\/marquisdesthes.com\\\/wp-content\\\/uploads\\\/2022\\\/06\\\/Logo-site-web-marquis-des-thes-e1667926864494.png\",\"width\":744,\"height\":279,\"caption\":\"Marquis des th\u00e9s\"},\"image\":{\"@id\":\"https:\\\/\\\/marquisdesthes.com\\\/#\\\/schema\\\/logo\\\/image\\\/\"},\"sameAs\":[\"https:\\\/\\\/www.instagram.com\\\/marquisdesthes\\\/\",\"https:\\\/\\\/www.tiktok.com\\\/@marquisdesthes\",\"https:\\\/\\\/www.pinterest.fr\\\/marquisdesthes\\\/\",\"https:\\\/\\\/www.youtube.com\\\/channel\\\/UC903SUajBZcvK-BcncSHcJg\"]}]}<\/script>\n<!-- \/ Yoast SEO plugin. -->","yoast_head_json":{"title":"OLYMPE - Fleur de th\u00e9 vert \u00e0 la pivoine.","description":"D\u00e9couvrez notre composition artistique intitul\u00e9 fleur de th\u00e9 Olympe. Un th\u00e9 sculpt\u00e9 avec du th\u00e9 vert et une fleur de pivoine.","robots":{"index":"index","follow":"follow","max-snippet":"max-snippet:-1","max-image-preview":"max-image-preview:large","max-video-preview":"max-video-preview:-1"},"canonical":"https:\/\/marquisdesthes.com\/en\/product\/fleur-de-the-olympe\/","og_locale":"en_US","og_type":"article","og_title":"OLYMPE - Fleur de th\u00e9 vert \u00e0 la pivoine.","og_description":"D\u00e9couvrez notre composition artistique intitul\u00e9 fleur de th\u00e9 Olympe. Un th\u00e9 sculpt\u00e9 avec du th\u00e9 vert et une fleur de pivoine.","og_url":"https:\/\/marquisdesthes.com\/en\/product\/fleur-de-the-olympe\/","og_site_name":"Marquis des th\u00e9s","article_modified_time":"2025-09-22T17:27:07+00:00","og_image":[{"width":1080,"height":1080,"url":"https:\/\/marquisdesthes.com\/wp-content\/uploads\/2022\/07\/Fleur-de-the-Olympe.jpg","type":"image\/jpeg"}],"twitter_card":"summary_large_image","twitter_misc":{"Est. reading time":"1 minute"},"schema":{"@context":"https:\/\/schema.org","@graph":[{"@type":"WebPage","@id":"https:\/\/marquisdesthes.com\/produit\/fleur-de-the-olympe\/","url":"https:\/\/marquisdesthes.com\/produit\/fleur-de-the-olympe\/","name":"OLYMPE - Fleur de th\u00e9 vert \u00e0 la pivoine.","isPartOf":{"@id":"https:\/\/marquisdesthes.com\/#website"},"primaryImageOfPage":{"@id":"https:\/\/marquisdesthes.com\/produit\/fleur-de-the-olympe\/#primaryimage"},"image":{"@id":"https:\/\/marquisdesthes.com\/produit\/fleur-de-the-olympe\/#primaryimage"},"thumbnailUrl":"https:\/\/marquisdesthes.com\/wp-content\/uploads\/2022\/07\/Fleur-de-the-Olympe.jpg","datePublished":"2023-06-29T14:57:25+00:00","dateModified":"2025-09-22T17:27:07+00:00","description":"D\u00e9couvrez notre composition artistique intitul\u00e9 fleur de th\u00e9 Olympe. Un th\u00e9 sculpt\u00e9 avec du th\u00e9 vert et une fleur de pivoine.","breadcrumb":{"@id":"https:\/\/marquisdesthes.com\/produit\/fleur-de-the-olympe\/#breadcrumb"},"inLanguage":"en-US","potentialAction":[{"@type":"ReadAction","target":["https:\/\/marquisdesthes.com\/produit\/fleur-de-the-olympe\/"]}]},{"@type":"ImageObject","inLanguage":"en-US","@id":"https:\/\/marquisdesthes.com\/produit\/fleur-de-the-olympe\/#primaryimage","url":"https:\/\/marquisdesthes.com\/wp-content\/uploads\/2022\/07\/Fleur-de-the-Olympe.jpg","contentUrl":"https:\/\/marquisdesthes.com\/wp-content\/uploads\/2022\/07\/Fleur-de-the-Olympe.jpg","width":1080,"height":1080,"caption":"Fleur de th\u00e9 Olympe, Th\u00e9 vert, Pivoine"},{"@type":"BreadcrumbList","@id":"https:\/\/marquisdesthes.com\/produit\/fleur-de-the-olympe\/#breadcrumb","itemListElement":[{"@type":"ListItem","position":1,"name":"Accueil","item":"https:\/\/marquisdesthes.com\/"},{"@type":"ListItem","position":2,"name":"Boutique","item":"https:\/\/marquisdesthes.com\/boutique\/"},{"@type":"ListItem","position":3,"name":"OLYMPE"}]},{"@type":"WebSite","@id":"https:\/\/marquisdesthes.com\/#website","url":"https:\/\/marquisdesthes.com\/","name":"Marquis des th\u00e9s","description":"","publisher":{"@id":"https:\/\/marquisdesthes.com\/#organization"},"potentialAction":[{"@type":"SearchAction","target":{"@type":"EntryPoint","urlTemplate":"https:\/\/marquisdesthes.com\/?s={search_term_string}"},"query-input":{"@type":"PropertyValueSpecification","valueRequired":true,"valueName":"search_term_string"}}],"inLanguage":"en-US"},{"@type":"Organization","@id":"https:\/\/marquisdesthes.com\/#organization","name":"Marquis des th\u00e9s","url":"https:\/\/marquisdesthes.com\/","logo":{"@type":"ImageObject","inLanguage":"en-US","@id":"https:\/\/marquisdesthes.com\/#\/schema\/logo\/image\/","url":"https:\/\/marquisdesthes.com\/wp-content\/uploads\/2022\/06\/Logo-site-web-marquis-des-thes-e1667926864494.png","contentUrl":"https:\/\/marquisdesthes.com\/wp-content\/uploads\/2022\/06\/Logo-site-web-marquis-des-thes-e1667926864494.png","width":744,"height":279,"caption":"Marquis des th\u00e9s"},"image":{"@id":"https:\/\/marquisdesthes.com\/#\/schema\/logo\/image\/"},"sameAs":["https:\/\/www.instagram.com\/marquisdesthes\/","https:\/\/www.tiktok.com\/@marquisdesthes","https:\/\/www.pinterest.fr\/marquisdesthes\/","https:\/\/www.youtube.com\/channel\/UC903SUajBZcvK-BcncSHcJg"]}]}},"_links":{"self":[{"href":"https:\/\/marquisdesthes.com\/en\/wp-json\/wp\/v2\/product\/1624","targetHints":{"allow":["GET"]}}],"collection":[{"href":"https:\/\/marquisdesthes.com\/en\/wp-json\/wp\/v2\/product"}],"about":[{"href":"https:\/\/marquisdesthes.com\/en\/wp-json\/wp\/v2\/types\/product"}],"version-history":[{"count":1,"href":"https:\/\/marquisdesthes.com\/en\/wp-json\/wp\/v2\/product\/1624\/revisions"}],"predecessor-version":[{"id":4442,"href":"https:\/\/marquisdesthes.com\/en\/wp-json\/wp\/v2\/product\/1624\/revisions\/4442"}],"wp:featuredmedia":[{"embeddable":true,"href":"https:\/\/marquisdesthes.com\/en\/wp-json\/wp\/v2\/media\/2022"}],"wp:attachment":[{"href":"https:\/\/marquisdesthes.com\/en\/wp-json\/wp\/v2\/media?parent=1624"}],"wp:term":[{"taxonomy":"product_brand","embeddable":true,"href":"https:\/\/marquisdesthes.com\/en\/wp-json\/wp\/v2\/product_brand?post=1624"},{"taxonomy":"product_cat","embeddable":true,"href":"https:\/\/marquisdesthes.com\/en\/wp-json\/wp\/v2\/product_cat?post=1624"},{"taxonomy":"product_tag","embeddable":true,"href":"https:\/\/marquisdesthes.com\/en\/wp-json\/wp\/v2\/product_tag?post=1624"}],"curies":[{"name":"wp","href":"https:\/\/api.w.org\/{rel}","templated":true}]}}