{"id":2045,"date":"2023-07-20T18:03:42","date_gmt":"2023-07-20T16:03:42","guid":{"rendered":"https:\/\/marquisdesthes.fr\/?post_type=product&#038;p=2045"},"modified":"2025-09-22T19:27:07","modified_gmt":"2025-09-22T17:27:07","slug":"fleur-de-the-simone","status":"publish","type":"product","link":"https:\/\/marquisdesthes.com\/en\/product\/fleur-de-the-simone\/","title":{"rendered":"SIMONE"},"content":{"rendered":"<p><span style=\"font-weight: 400;\">Si le marquis vous dit : premi\u00e8re pr\u00e9sidente du parlement europ\u00e9en, et femme politique l\u00e9galisant l\u2019avortement ? Vous l\u2019avez n\u2019est-ce pas ?<\/span><\/p>\n<p><span style=\"font-weight: 400;\"><a href=\"https:\/\/fr.wikipedia.org\/wiki\/Simone_Veil\" target=\"_blank\" rel=\"noopener\">Simone Veil<\/a>, le marquis, a souhait\u00e9 lui d\u00e9dier la fleur Jasmin, Fleur d&rsquo;Or et Rose. \u2764\ufe0f<\/span><\/p>\n<p><span style=\"font-weight: 400;\">D\u00e9port\u00e9e \u00e0 l\u2019\u00e2ge de 16 ans durant la Shoa, ic\u00f4ne de la lutte contre la discrimination des femmes en France, et l\u2019une des premi\u00e8res promotrice pour la r\u00e9conciliation avec l\u2019Allemagne. Le marquis ne peut que tirer son haut-de-forme devant une telle personnalit\u00e9, un tel courage, une vie si tourment\u00e9e mais au service de causes honorables.<\/span><\/p>","protected":false},"excerpt":{"rendered":"<p>La fleur de th\u00e9 Simone est sculpt\u00e9 avec du th\u00e9 vert, du jasmin, une fleur d&rsquo;or et une rose.<\/p>","protected":false},"featured_media":2024,"template":"","meta":{"_acf_changed":false,"site-sidebar-layout":"default","site-content-layout":"default","ast-site-content-layout":"default","site-content-style":"default","site-sidebar-style":"default","ast-global-header-display":"","ast-banner-title-visibility":"","ast-main-header-display":"","ast-hfb-above-header-display":"","ast-hfb-below-header-display":"","ast-hfb-mobile-header-display":"","site-post-title":"","ast-breadcrumbs-content":"","ast-featured-img":"","footer-sml-layout":"","ast-disable-related-posts":"","theme-transparent-header-meta":"default","adv-header-id-meta":"","stick-header-meta":"","header-above-stick-meta":"","header-main-stick-meta":"","header-below-stick-meta":"","astra-migrate-meta-layouts":"set","ast-page-background-enabled":"default","ast-page-background-meta":{"desktop":{"background-color":"","background-image":"","background-repeat":"repeat","background-position":"center center","background-size":"auto","background-attachment":"scroll","background-type":"","background-media":"","overlay-type":"","overlay-color":"","overlay-opacity":"","overlay-gradient":""},"tablet":{"background-color":"","background-image":"","background-repeat":"repeat","background-position":"center center","background-size":"auto","background-attachment":"scroll","background-type":"","background-media":"","overlay-type":"","overlay-color":"","overlay-opacity":"","overlay-gradient":""},"mobile":{"background-color":"","background-image":"","background-repeat":"repeat","background-position":"center center","background-size":"auto","background-attachment":"scroll","background-type":"","background-media":"","overlay-type":"","overlay-color":"","overlay-opacity":"","overlay-gradient":""}},"ast-content-background-meta":{"desktop":{"background-color":"var(--ast-global-color-5)","background-image":"","background-repeat":"repeat","background-position":"center center","background-size":"auto","background-attachment":"scroll","background-type":"","background-media":"","overlay-type":"","overlay-color":"","overlay-opacity":"","overlay-gradient":""},"tablet":{"background-color":"var(--ast-global-color-5)","background-image":"","background-repeat":"repeat","background-position":"center center","background-size":"auto","background-attachment":"scroll","background-type":"","background-media":"","overlay-type":"","overlay-color":"","overlay-opacity":"","overlay-gradient":""},"mobile":{"background-color":"var(--ast-global-color-5)","background-image":"","background-repeat":"repeat","background-position":"center center","background-size":"auto","background-attachment":"scroll","background-type":"","background-media":"","overlay-type":"","overlay-color":"","overlay-opacity":"","overlay-gradient":""}}},"product_brand":[],"product_cat":[54,38,58,59],"product_tag":[66],"class_list":{"0":"post-2045","1":"product","2":"type-product","3":"status-publish","4":"has-post-thumbnail","6":"product_cat-fleur-dor","7":"product_cat-fleurs-the","8":"product_cat-thes-jasmin","9":"product_cat-thes-rose","10":"product_tag-fleurs-the","11":"desktop-align-center","12":"tablet-align-center","13":"mobile-align-center","14":"ast-product-gallery-layout-horizontal-slider","15":"ast-product-gallery-with-no-image","16":"ast-magnify-disabled","17":"ast-product-tabs-layout-horizontal","19":"first","20":"instock","21":"taxable","22":"shipping-taxable","23":"purchasable","24":"product-type-simple"},"acf":[],"yoast_head":"<!-- This site is optimized with the Yoast SEO plugin v27.5 - https:\/\/yoast.com\/product\/yoast-seo-wordpress\/ -->\n<title>SIMONE - Fleur de th\u00e9 vert jasmin, chrysanth\u00e8me et rose<\/title>\n<meta name=\"description\" content=\"D\u00e9couvrez notre composition artistique intitul\u00e9 fleur de th\u00e9 Simone. Un th\u00e9 sculpt\u00e9 : th\u00e9 vert, jasmin, chrysanth\u00e8me et une rose.\" \/>\n<meta name=\"robots\" content=\"index, follow, max-snippet:-1, max-image-preview:large, max-video-preview:-1\" \/>\n<link rel=\"canonical\" href=\"https:\/\/marquisdesthes.com\/en\/product\/fleur-de-the-simone\/\" \/>\n<meta property=\"og:locale\" content=\"en_US\" \/>\n<meta property=\"og:type\" content=\"article\" \/>\n<meta property=\"og:title\" content=\"SIMONE - Fleur de th\u00e9 vert jasmin, chrysanth\u00e8me et rose\" \/>\n<meta property=\"og:description\" content=\"D\u00e9couvrez notre composition artistique intitul\u00e9 fleur de th\u00e9 Simone. Un th\u00e9 sculpt\u00e9 : th\u00e9 vert, jasmin, chrysanth\u00e8me et une rose.\" \/>\n<meta property=\"og:url\" content=\"https:\/\/marquisdesthes.com\/en\/product\/fleur-de-the-simone\/\" \/>\n<meta property=\"og:site_name\" content=\"Marquis des th\u00e9s\" \/>\n<meta property=\"article:modified_time\" content=\"2025-09-22T17:27:07+00:00\" \/>\n<meta property=\"og:image\" content=\"https:\/\/marquisdesthes.com\/wp-content\/uploads\/2022\/07\/Fleur-de-the-Simone.jpg\" \/>\n\t<meta property=\"og:image:width\" content=\"1080\" \/>\n\t<meta property=\"og:image:height\" content=\"1080\" \/>\n\t<meta property=\"og:image:type\" content=\"image\/jpeg\" \/>\n<meta name=\"twitter:card\" content=\"summary_large_image\" \/>\n<meta name=\"twitter:label1\" content=\"Est. reading time\" \/>\n\t<meta name=\"twitter:data1\" content=\"1 minute\" \/>\n<script type=\"application\/ld+json\" class=\"yoast-schema-graph\">{\"@context\":\"https:\\\/\\\/schema.org\",\"@graph\":[{\"@type\":\"WebPage\",\"@id\":\"https:\\\/\\\/marquisdesthes.com\\\/produit\\\/fleur-de-the-simone\\\/\",\"url\":\"https:\\\/\\\/marquisdesthes.com\\\/produit\\\/fleur-de-the-simone\\\/\",\"name\":\"SIMONE - Fleur de th\u00e9 vert jasmin, chrysanth\u00e8me et rose\",\"isPartOf\":{\"@id\":\"https:\\\/\\\/marquisdesthes.com\\\/#website\"},\"primaryImageOfPage\":{\"@id\":\"https:\\\/\\\/marquisdesthes.com\\\/produit\\\/fleur-de-the-simone\\\/#primaryimage\"},\"image\":{\"@id\":\"https:\\\/\\\/marquisdesthes.com\\\/produit\\\/fleur-de-the-simone\\\/#primaryimage\"},\"thumbnailUrl\":\"https:\\\/\\\/marquisdesthes.com\\\/wp-content\\\/uploads\\\/2022\\\/07\\\/Fleur-de-the-Simone.jpg\",\"datePublished\":\"2023-07-20T16:03:42+00:00\",\"dateModified\":\"2025-09-22T17:27:07+00:00\",\"description\":\"D\u00e9couvrez notre composition artistique intitul\u00e9 fleur de th\u00e9 Simone. Un th\u00e9 sculpt\u00e9 : th\u00e9 vert, jasmin, chrysanth\u00e8me et une rose.\",\"breadcrumb\":{\"@id\":\"https:\\\/\\\/marquisdesthes.com\\\/produit\\\/fleur-de-the-simone\\\/#breadcrumb\"},\"inLanguage\":\"en-US\",\"potentialAction\":[{\"@type\":\"ReadAction\",\"target\":[\"https:\\\/\\\/marquisdesthes.com\\\/produit\\\/fleur-de-the-simone\\\/\"]}]},{\"@type\":\"ImageObject\",\"inLanguage\":\"en-US\",\"@id\":\"https:\\\/\\\/marquisdesthes.com\\\/produit\\\/fleur-de-the-simone\\\/#primaryimage\",\"url\":\"https:\\\/\\\/marquisdesthes.com\\\/wp-content\\\/uploads\\\/2022\\\/07\\\/Fleur-de-the-Simone.jpg\",\"contentUrl\":\"https:\\\/\\\/marquisdesthes.com\\\/wp-content\\\/uploads\\\/2022\\\/07\\\/Fleur-de-the-Simone.jpg\",\"width\":1080,\"height\":1080,\"caption\":\"Fleur de th\u00e9 Simone, Th\u00e9 vert, Jasmin, Rose, Chrysanth\u00e8me, fleur d'or, Marquis des th\u00e9s\"},{\"@type\":\"BreadcrumbList\",\"@id\":\"https:\\\/\\\/marquisdesthes.com\\\/produit\\\/fleur-de-the-simone\\\/#breadcrumb\",\"itemListElement\":[{\"@type\":\"ListItem\",\"position\":1,\"name\":\"Accueil\",\"item\":\"https:\\\/\\\/marquisdesthes.com\\\/\"},{\"@type\":\"ListItem\",\"position\":2,\"name\":\"Boutique\",\"item\":\"https:\\\/\\\/marquisdesthes.com\\\/boutique\\\/\"},{\"@type\":\"ListItem\",\"position\":3,\"name\":\"SIMONE\"}]},{\"@type\":\"WebSite\",\"@id\":\"https:\\\/\\\/marquisdesthes.com\\\/#website\",\"url\":\"https:\\\/\\\/marquisdesthes.com\\\/\",\"name\":\"Marquis des th\u00e9s\",\"description\":\"\",\"publisher\":{\"@id\":\"https:\\\/\\\/marquisdesthes.com\\\/#organization\"},\"potentialAction\":[{\"@type\":\"SearchAction\",\"target\":{\"@type\":\"EntryPoint\",\"urlTemplate\":\"https:\\\/\\\/marquisdesthes.com\\\/?s={search_term_string}\"},\"query-input\":{\"@type\":\"PropertyValueSpecification\",\"valueRequired\":true,\"valueName\":\"search_term_string\"}}],\"inLanguage\":\"en-US\"},{\"@type\":\"Organization\",\"@id\":\"https:\\\/\\\/marquisdesthes.com\\\/#organization\",\"name\":\"Marquis des th\u00e9s\",\"url\":\"https:\\\/\\\/marquisdesthes.com\\\/\",\"logo\":{\"@type\":\"ImageObject\",\"inLanguage\":\"en-US\",\"@id\":\"https:\\\/\\\/marquisdesthes.com\\\/#\\\/schema\\\/logo\\\/image\\\/\",\"url\":\"https:\\\/\\\/marquisdesthes.com\\\/wp-content\\\/uploads\\\/2022\\\/06\\\/Logo-site-web-marquis-des-thes-e1667926864494.png\",\"contentUrl\":\"https:\\\/\\\/marquisdesthes.com\\\/wp-content\\\/uploads\\\/2022\\\/06\\\/Logo-site-web-marquis-des-thes-e1667926864494.png\",\"width\":744,\"height\":279,\"caption\":\"Marquis des th\u00e9s\"},\"image\":{\"@id\":\"https:\\\/\\\/marquisdesthes.com\\\/#\\\/schema\\\/logo\\\/image\\\/\"},\"sameAs\":[\"https:\\\/\\\/www.instagram.com\\\/marquisdesthes\\\/\",\"https:\\\/\\\/www.tiktok.com\\\/@marquisdesthes\",\"https:\\\/\\\/www.pinterest.fr\\\/marquisdesthes\\\/\",\"https:\\\/\\\/www.youtube.com\\\/channel\\\/UC903SUajBZcvK-BcncSHcJg\"]}]}<\/script>\n<!-- \/ Yoast SEO plugin. -->","yoast_head_json":{"title":"SIMONE - Fleur de th\u00e9 vert jasmin, chrysanth\u00e8me et rose","description":"D\u00e9couvrez notre composition artistique intitul\u00e9 fleur de th\u00e9 Simone. Un th\u00e9 sculpt\u00e9 : th\u00e9 vert, jasmin, chrysanth\u00e8me et une rose.","robots":{"index":"index","follow":"follow","max-snippet":"max-snippet:-1","max-image-preview":"max-image-preview:large","max-video-preview":"max-video-preview:-1"},"canonical":"https:\/\/marquisdesthes.com\/en\/product\/fleur-de-the-simone\/","og_locale":"en_US","og_type":"article","og_title":"SIMONE - Fleur de th\u00e9 vert jasmin, chrysanth\u00e8me et rose","og_description":"D\u00e9couvrez notre composition artistique intitul\u00e9 fleur de th\u00e9 Simone. Un th\u00e9 sculpt\u00e9 : th\u00e9 vert, jasmin, chrysanth\u00e8me et une rose.","og_url":"https:\/\/marquisdesthes.com\/en\/product\/fleur-de-the-simone\/","og_site_name":"Marquis des th\u00e9s","article_modified_time":"2025-09-22T17:27:07+00:00","og_image":[{"width":1080,"height":1080,"url":"https:\/\/marquisdesthes.com\/wp-content\/uploads\/2022\/07\/Fleur-de-the-Simone.jpg","type":"image\/jpeg"}],"twitter_card":"summary_large_image","twitter_misc":{"Est. reading time":"1 minute"},"schema":{"@context":"https:\/\/schema.org","@graph":[{"@type":"WebPage","@id":"https:\/\/marquisdesthes.com\/produit\/fleur-de-the-simone\/","url":"https:\/\/marquisdesthes.com\/produit\/fleur-de-the-simone\/","name":"SIMONE - Fleur de th\u00e9 vert jasmin, chrysanth\u00e8me et rose","isPartOf":{"@id":"https:\/\/marquisdesthes.com\/#website"},"primaryImageOfPage":{"@id":"https:\/\/marquisdesthes.com\/produit\/fleur-de-the-simone\/#primaryimage"},"image":{"@id":"https:\/\/marquisdesthes.com\/produit\/fleur-de-the-simone\/#primaryimage"},"thumbnailUrl":"https:\/\/marquisdesthes.com\/wp-content\/uploads\/2022\/07\/Fleur-de-the-Simone.jpg","datePublished":"2023-07-20T16:03:42+00:00","dateModified":"2025-09-22T17:27:07+00:00","description":"D\u00e9couvrez notre composition artistique intitul\u00e9 fleur de th\u00e9 Simone. Un th\u00e9 sculpt\u00e9 : th\u00e9 vert, jasmin, chrysanth\u00e8me et une rose.","breadcrumb":{"@id":"https:\/\/marquisdesthes.com\/produit\/fleur-de-the-simone\/#breadcrumb"},"inLanguage":"en-US","potentialAction":[{"@type":"ReadAction","target":["https:\/\/marquisdesthes.com\/produit\/fleur-de-the-simone\/"]}]},{"@type":"ImageObject","inLanguage":"en-US","@id":"https:\/\/marquisdesthes.com\/produit\/fleur-de-the-simone\/#primaryimage","url":"https:\/\/marquisdesthes.com\/wp-content\/uploads\/2022\/07\/Fleur-de-the-Simone.jpg","contentUrl":"https:\/\/marquisdesthes.com\/wp-content\/uploads\/2022\/07\/Fleur-de-the-Simone.jpg","width":1080,"height":1080,"caption":"Fleur de th\u00e9 Simone, Th\u00e9 vert, Jasmin, Rose, Chrysanth\u00e8me, fleur d'or, Marquis des th\u00e9s"},{"@type":"BreadcrumbList","@id":"https:\/\/marquisdesthes.com\/produit\/fleur-de-the-simone\/#breadcrumb","itemListElement":[{"@type":"ListItem","position":1,"name":"Accueil","item":"https:\/\/marquisdesthes.com\/"},{"@type":"ListItem","position":2,"name":"Boutique","item":"https:\/\/marquisdesthes.com\/boutique\/"},{"@type":"ListItem","position":3,"name":"SIMONE"}]},{"@type":"WebSite","@id":"https:\/\/marquisdesthes.com\/#website","url":"https:\/\/marquisdesthes.com\/","name":"Marquis des th\u00e9s","description":"","publisher":{"@id":"https:\/\/marquisdesthes.com\/#organization"},"potentialAction":[{"@type":"SearchAction","target":{"@type":"EntryPoint","urlTemplate":"https:\/\/marquisdesthes.com\/?s={search_term_string}"},"query-input":{"@type":"PropertyValueSpecification","valueRequired":true,"valueName":"search_term_string"}}],"inLanguage":"en-US"},{"@type":"Organization","@id":"https:\/\/marquisdesthes.com\/#organization","name":"Marquis des th\u00e9s","url":"https:\/\/marquisdesthes.com\/","logo":{"@type":"ImageObject","inLanguage":"en-US","@id":"https:\/\/marquisdesthes.com\/#\/schema\/logo\/image\/","url":"https:\/\/marquisdesthes.com\/wp-content\/uploads\/2022\/06\/Logo-site-web-marquis-des-thes-e1667926864494.png","contentUrl":"https:\/\/marquisdesthes.com\/wp-content\/uploads\/2022\/06\/Logo-site-web-marquis-des-thes-e1667926864494.png","width":744,"height":279,"caption":"Marquis des th\u00e9s"},"image":{"@id":"https:\/\/marquisdesthes.com\/#\/schema\/logo\/image\/"},"sameAs":["https:\/\/www.instagram.com\/marquisdesthes\/","https:\/\/www.tiktok.com\/@marquisdesthes","https:\/\/www.pinterest.fr\/marquisdesthes\/","https:\/\/www.youtube.com\/channel\/UC903SUajBZcvK-BcncSHcJg"]}]}},"_links":{"self":[{"href":"https:\/\/marquisdesthes.com\/en\/wp-json\/wp\/v2\/product\/2045","targetHints":{"allow":["GET"]}}],"collection":[{"href":"https:\/\/marquisdesthes.com\/en\/wp-json\/wp\/v2\/product"}],"about":[{"href":"https:\/\/marquisdesthes.com\/en\/wp-json\/wp\/v2\/types\/product"}],"version-history":[{"count":2,"href":"https:\/\/marquisdesthes.com\/en\/wp-json\/wp\/v2\/product\/2045\/revisions"}],"predecessor-version":[{"id":4447,"href":"https:\/\/marquisdesthes.com\/en\/wp-json\/wp\/v2\/product\/2045\/revisions\/4447"}],"wp:featuredmedia":[{"embeddable":true,"href":"https:\/\/marquisdesthes.com\/en\/wp-json\/wp\/v2\/media\/2024"}],"wp:attachment":[{"href":"https:\/\/marquisdesthes.com\/en\/wp-json\/wp\/v2\/media?parent=2045"}],"wp:term":[{"taxonomy":"product_brand","embeddable":true,"href":"https:\/\/marquisdesthes.com\/en\/wp-json\/wp\/v2\/product_brand?post=2045"},{"taxonomy":"product_cat","embeddable":true,"href":"https:\/\/marquisdesthes.com\/en\/wp-json\/wp\/v2\/product_cat?post=2045"},{"taxonomy":"product_tag","embeddable":true,"href":"https:\/\/marquisdesthes.com\/en\/wp-json\/wp\/v2\/product_tag?post=2045"}],"curies":[{"name":"wp","href":"https:\/\/api.w.org\/{rel}","templated":true}]}}