{"id":2050,"date":"2022-08-20T18:47:39","date_gmt":"2022-08-20T16:47:39","guid":{"rendered":"https:\/\/marquisdesthes.fr\/?post_type=product&#038;p=2050"},"modified":"2025-09-22T19:27:08","modified_gmt":"2025-09-22T17:27:08","slug":"fleur-de-the-helen","status":"publish","type":"product","link":"https:\/\/marquisdesthes.com\/en\/product\/fleur-de-the-helen\/","title":{"rendered":"HELEN"},"content":{"rendered":"<p><span style=\"font-weight: 400;\">La beaut\u00e9 et la d\u00e9licatesse de l&rsquo;\u0153illet, le marquis vous pr\u00e9sente la Fleur de Th\u00e9 Helen. \ud83d\udc90<\/span><\/p>\n<p><span style=\"font-weight: 400;\">Conf\u00e9renci\u00e8re, militante politique am\u00e9ricaine, et premi\u00e8re personne handicap\u00e9e \u00e0 obtenir un dipl\u00f4me universitaire. <a href=\"https:\/\/fr.wikipedia.org\/wiki\/Helen_Keller\" target=\"_blank\" rel=\"noopener\">Helen Keller<\/a>, sourde et aveugle d\u00e8s son premier \u00e2ge, s\u2019est battu pour sortir de l\u2019isolement. Elle a \u00e9crit une douzaine de livres, et de nombreux articles. \ud83d\udcda<\/span><\/p>\n<p><span style=\"font-weight: 400;\">Helen prouve au monde des ann\u00e9es 1900 qu\u2019une absence quasi totale de langage n\u2019\u00e9tait pas un obstacle \u00e0 la vie, et c\u2019est ce message que le marquis a souhait\u00e9 partager.<\/span><\/p>\n<p><span style=\"font-weight: 400;\">Une fleur d&rsquo;\u0153illet pour une vie de d\u00e9termination. \u2764\ufe0f<\/span><\/p>","protected":false},"excerpt":{"rendered":"<p>La fleur de th\u00e9 H\u00e9l\u00e8ne est sculpt\u00e9e avec du th\u00e9 vert et une fleur d&rsquo;\u0153illet.<\/p>","protected":false},"featured_media":2018,"template":"","meta":{"_acf_changed":false,"site-sidebar-layout":"default","site-content-layout":"default","ast-site-content-layout":"default","site-content-style":"default","site-sidebar-style":"default","ast-global-header-display":"","ast-banner-title-visibility":"","ast-main-header-display":"","ast-hfb-above-header-display":"","ast-hfb-below-header-display":"","ast-hfb-mobile-header-display":"","site-post-title":"","ast-breadcrumbs-content":"","ast-featured-img":"","footer-sml-layout":"","ast-disable-related-posts":"","theme-transparent-header-meta":"default","adv-header-id-meta":"","stick-header-meta":"","header-above-stick-meta":"","header-main-stick-meta":"","header-below-stick-meta":"","astra-migrate-meta-layouts":"set","ast-page-background-enabled":"default","ast-page-background-meta":{"desktop":{"background-color":"","background-image":"","background-repeat":"repeat","background-position":"center center","background-size":"auto","background-attachment":"scroll","background-type":"","background-media":"","overlay-type":"","overlay-color":"","overlay-opacity":"","overlay-gradient":""},"tablet":{"background-color":"","background-image":"","background-repeat":"repeat","background-position":"center center","background-size":"auto","background-attachment":"scroll","background-type":"","background-media":"","overlay-type":"","overlay-color":"","overlay-opacity":"","overlay-gradient":""},"mobile":{"background-color":"","background-image":"","background-repeat":"repeat","background-position":"center center","background-size":"auto","background-attachment":"scroll","background-type":"","background-media":"","overlay-type":"","overlay-color":"","overlay-opacity":"","overlay-gradient":""}},"ast-content-background-meta":{"desktop":{"background-color":"var(--ast-global-color-5)","background-image":"","background-repeat":"repeat","background-position":"center center","background-size":"auto","background-attachment":"scroll","background-type":"","background-media":"","overlay-type":"","overlay-color":"","overlay-opacity":"","overlay-gradient":""},"tablet":{"background-color":"var(--ast-global-color-5)","background-image":"","background-repeat":"repeat","background-position":"center center","background-size":"auto","background-attachment":"scroll","background-type":"","background-media":"","overlay-type":"","overlay-color":"","overlay-opacity":"","overlay-gradient":""},"mobile":{"background-color":"var(--ast-global-color-5)","background-image":"","background-repeat":"repeat","background-position":"center center","background-size":"auto","background-attachment":"scroll","background-type":"","background-media":"","overlay-type":"","overlay-color":"","overlay-opacity":"","overlay-gradient":""}}},"product_brand":[],"product_cat":[38,60],"product_tag":[66],"class_list":{"0":"post-2050","1":"product","2":"type-product","3":"status-publish","4":"has-post-thumbnail","6":"product_cat-fleurs-the","7":"product_cat-oeillet","8":"product_tag-fleurs-the","9":"desktop-align-center","10":"tablet-align-center","11":"mobile-align-center","12":"ast-product-gallery-layout-horizontal-slider","13":"ast-product-gallery-with-no-image","14":"ast-magnify-disabled","15":"ast-product-tabs-layout-horizontal","17":"first","18":"instock","19":"taxable","20":"shipping-taxable","21":"purchasable","22":"product-type-simple"},"acf":[],"yoast_head":"<!-- This site is optimized with the Yoast SEO plugin v27.5 - https:\/\/yoast.com\/product\/yoast-seo-wordpress\/ -->\n<title>HELEN - Fleur de th\u00e9 vert \u00e0 l&#039;\u0153illet<\/title>\n<meta name=\"description\" content=\"D\u00e9couvrez notre composition artistique intitul\u00e9 fleur de th\u00e9 H\u00e9l\u00e8ne. Un th\u00e9 sculpt\u00e9 : th\u00e9 vert et d&#039;une fleur d&#039;\u0153illet.\" \/>\n<meta name=\"robots\" content=\"index, follow, max-snippet:-1, max-image-preview:large, max-video-preview:-1\" \/>\n<link rel=\"canonical\" href=\"https:\/\/marquisdesthes.com\/en\/product\/fleur-de-the-helen\/\" \/>\n<meta property=\"og:locale\" content=\"en_US\" \/>\n<meta property=\"og:type\" content=\"article\" \/>\n<meta property=\"og:title\" content=\"HELEN - Fleur de th\u00e9 vert \u00e0 l&#039;\u0153illet\" \/>\n<meta property=\"og:description\" content=\"D\u00e9couvrez notre composition artistique intitul\u00e9 fleur de th\u00e9 H\u00e9l\u00e8ne. Un th\u00e9 sculpt\u00e9 : th\u00e9 vert et d&#039;une fleur d&#039;\u0153illet.\" \/>\n<meta property=\"og:url\" content=\"https:\/\/marquisdesthes.com\/en\/product\/fleur-de-the-helen\/\" \/>\n<meta property=\"og:site_name\" content=\"Marquis des th\u00e9s\" \/>\n<meta property=\"article:modified_time\" content=\"2025-09-22T17:27:08+00:00\" \/>\n<meta property=\"og:image\" content=\"https:\/\/marquisdesthes.com\/wp-content\/uploads\/2022\/07\/Fleur-de-the-Helene.jpg\" \/>\n\t<meta property=\"og:image:width\" content=\"1080\" \/>\n\t<meta property=\"og:image:height\" content=\"1080\" \/>\n\t<meta property=\"og:image:type\" content=\"image\/jpeg\" \/>\n<meta name=\"twitter:card\" content=\"summary_large_image\" \/>\n<meta name=\"twitter:label1\" content=\"Est. reading time\" \/>\n\t<meta name=\"twitter:data1\" content=\"1 minute\" \/>\n<script type=\"application\/ld+json\" class=\"yoast-schema-graph\">{\"@context\":\"https:\\\/\\\/schema.org\",\"@graph\":[{\"@type\":\"WebPage\",\"@id\":\"https:\\\/\\\/marquisdesthes.com\\\/produit\\\/fleur-de-the-helen\\\/\",\"url\":\"https:\\\/\\\/marquisdesthes.com\\\/produit\\\/fleur-de-the-helen\\\/\",\"name\":\"HELEN - Fleur de th\u00e9 vert \u00e0 l'\u0153illet\",\"isPartOf\":{\"@id\":\"https:\\\/\\\/marquisdesthes.com\\\/#website\"},\"primaryImageOfPage\":{\"@id\":\"https:\\\/\\\/marquisdesthes.com\\\/produit\\\/fleur-de-the-helen\\\/#primaryimage\"},\"image\":{\"@id\":\"https:\\\/\\\/marquisdesthes.com\\\/produit\\\/fleur-de-the-helen\\\/#primaryimage\"},\"thumbnailUrl\":\"https:\\\/\\\/marquisdesthes.com\\\/wp-content\\\/uploads\\\/2022\\\/07\\\/Fleur-de-the-Helene.jpg\",\"datePublished\":\"2022-08-20T16:47:39+00:00\",\"dateModified\":\"2025-09-22T17:27:08+00:00\",\"description\":\"D\u00e9couvrez notre composition artistique intitul\u00e9 fleur de th\u00e9 H\u00e9l\u00e8ne. Un th\u00e9 sculpt\u00e9 : th\u00e9 vert et d'une fleur d'\u0153illet.\",\"breadcrumb\":{\"@id\":\"https:\\\/\\\/marquisdesthes.com\\\/produit\\\/fleur-de-the-helen\\\/#breadcrumb\"},\"inLanguage\":\"en-US\",\"potentialAction\":[{\"@type\":\"ReadAction\",\"target\":[\"https:\\\/\\\/marquisdesthes.com\\\/produit\\\/fleur-de-the-helen\\\/\"]}]},{\"@type\":\"ImageObject\",\"inLanguage\":\"en-US\",\"@id\":\"https:\\\/\\\/marquisdesthes.com\\\/produit\\\/fleur-de-the-helen\\\/#primaryimage\",\"url\":\"https:\\\/\\\/marquisdesthes.com\\\/wp-content\\\/uploads\\\/2022\\\/07\\\/Fleur-de-the-Helene.jpg\",\"contentUrl\":\"https:\\\/\\\/marquisdesthes.com\\\/wp-content\\\/uploads\\\/2022\\\/07\\\/Fleur-de-the-Helene.jpg\",\"width\":1080,\"height\":1080,\"caption\":\"Fleur de th\u00e9 H\u00e9l\u00e8ne, Th\u00e9 vert, \u0152illet, Marquis des th\u00e9s\"},{\"@type\":\"BreadcrumbList\",\"@id\":\"https:\\\/\\\/marquisdesthes.com\\\/produit\\\/fleur-de-the-helen\\\/#breadcrumb\",\"itemListElement\":[{\"@type\":\"ListItem\",\"position\":1,\"name\":\"Accueil\",\"item\":\"https:\\\/\\\/marquisdesthes.com\\\/\"},{\"@type\":\"ListItem\",\"position\":2,\"name\":\"Boutique\",\"item\":\"https:\\\/\\\/marquisdesthes.com\\\/boutique\\\/\"},{\"@type\":\"ListItem\",\"position\":3,\"name\":\"HELEN\"}]},{\"@type\":\"WebSite\",\"@id\":\"https:\\\/\\\/marquisdesthes.com\\\/#website\",\"url\":\"https:\\\/\\\/marquisdesthes.com\\\/\",\"name\":\"Marquis des th\u00e9s\",\"description\":\"\",\"publisher\":{\"@id\":\"https:\\\/\\\/marquisdesthes.com\\\/#organization\"},\"potentialAction\":[{\"@type\":\"SearchAction\",\"target\":{\"@type\":\"EntryPoint\",\"urlTemplate\":\"https:\\\/\\\/marquisdesthes.com\\\/?s={search_term_string}\"},\"query-input\":{\"@type\":\"PropertyValueSpecification\",\"valueRequired\":true,\"valueName\":\"search_term_string\"}}],\"inLanguage\":\"en-US\"},{\"@type\":\"Organization\",\"@id\":\"https:\\\/\\\/marquisdesthes.com\\\/#organization\",\"name\":\"Marquis des th\u00e9s\",\"url\":\"https:\\\/\\\/marquisdesthes.com\\\/\",\"logo\":{\"@type\":\"ImageObject\",\"inLanguage\":\"en-US\",\"@id\":\"https:\\\/\\\/marquisdesthes.com\\\/#\\\/schema\\\/logo\\\/image\\\/\",\"url\":\"https:\\\/\\\/marquisdesthes.com\\\/wp-content\\\/uploads\\\/2022\\\/06\\\/Logo-site-web-marquis-des-thes-e1667926864494.png\",\"contentUrl\":\"https:\\\/\\\/marquisdesthes.com\\\/wp-content\\\/uploads\\\/2022\\\/06\\\/Logo-site-web-marquis-des-thes-e1667926864494.png\",\"width\":744,\"height\":279,\"caption\":\"Marquis des th\u00e9s\"},\"image\":{\"@id\":\"https:\\\/\\\/marquisdesthes.com\\\/#\\\/schema\\\/logo\\\/image\\\/\"},\"sameAs\":[\"https:\\\/\\\/www.instagram.com\\\/marquisdesthes\\\/\",\"https:\\\/\\\/www.tiktok.com\\\/@marquisdesthes\",\"https:\\\/\\\/www.pinterest.fr\\\/marquisdesthes\\\/\",\"https:\\\/\\\/www.youtube.com\\\/channel\\\/UC903SUajBZcvK-BcncSHcJg\"]}]}<\/script>\n<!-- \/ Yoast SEO plugin. -->","yoast_head_json":{"title":"HELEN - Fleur de th\u00e9 vert \u00e0 l'\u0153illet","description":"D\u00e9couvrez notre composition artistique intitul\u00e9 fleur de th\u00e9 H\u00e9l\u00e8ne. Un th\u00e9 sculpt\u00e9 : th\u00e9 vert et d'une fleur d'\u0153illet.","robots":{"index":"index","follow":"follow","max-snippet":"max-snippet:-1","max-image-preview":"max-image-preview:large","max-video-preview":"max-video-preview:-1"},"canonical":"https:\/\/marquisdesthes.com\/en\/product\/fleur-de-the-helen\/","og_locale":"en_US","og_type":"article","og_title":"HELEN - Fleur de th\u00e9 vert \u00e0 l'\u0153illet","og_description":"D\u00e9couvrez notre composition artistique intitul\u00e9 fleur de th\u00e9 H\u00e9l\u00e8ne. Un th\u00e9 sculpt\u00e9 : th\u00e9 vert et d'une fleur d'\u0153illet.","og_url":"https:\/\/marquisdesthes.com\/en\/product\/fleur-de-the-helen\/","og_site_name":"Marquis des th\u00e9s","article_modified_time":"2025-09-22T17:27:08+00:00","og_image":[{"width":1080,"height":1080,"url":"https:\/\/marquisdesthes.com\/wp-content\/uploads\/2022\/07\/Fleur-de-the-Helene.jpg","type":"image\/jpeg"}],"twitter_card":"summary_large_image","twitter_misc":{"Est. reading time":"1 minute"},"schema":{"@context":"https:\/\/schema.org","@graph":[{"@type":"WebPage","@id":"https:\/\/marquisdesthes.com\/produit\/fleur-de-the-helen\/","url":"https:\/\/marquisdesthes.com\/produit\/fleur-de-the-helen\/","name":"HELEN - Fleur de th\u00e9 vert \u00e0 l'\u0153illet","isPartOf":{"@id":"https:\/\/marquisdesthes.com\/#website"},"primaryImageOfPage":{"@id":"https:\/\/marquisdesthes.com\/produit\/fleur-de-the-helen\/#primaryimage"},"image":{"@id":"https:\/\/marquisdesthes.com\/produit\/fleur-de-the-helen\/#primaryimage"},"thumbnailUrl":"https:\/\/marquisdesthes.com\/wp-content\/uploads\/2022\/07\/Fleur-de-the-Helene.jpg","datePublished":"2022-08-20T16:47:39+00:00","dateModified":"2025-09-22T17:27:08+00:00","description":"D\u00e9couvrez notre composition artistique intitul\u00e9 fleur de th\u00e9 H\u00e9l\u00e8ne. Un th\u00e9 sculpt\u00e9 : th\u00e9 vert et d'une fleur d'\u0153illet.","breadcrumb":{"@id":"https:\/\/marquisdesthes.com\/produit\/fleur-de-the-helen\/#breadcrumb"},"inLanguage":"en-US","potentialAction":[{"@type":"ReadAction","target":["https:\/\/marquisdesthes.com\/produit\/fleur-de-the-helen\/"]}]},{"@type":"ImageObject","inLanguage":"en-US","@id":"https:\/\/marquisdesthes.com\/produit\/fleur-de-the-helen\/#primaryimage","url":"https:\/\/marquisdesthes.com\/wp-content\/uploads\/2022\/07\/Fleur-de-the-Helene.jpg","contentUrl":"https:\/\/marquisdesthes.com\/wp-content\/uploads\/2022\/07\/Fleur-de-the-Helene.jpg","width":1080,"height":1080,"caption":"Fleur de th\u00e9 H\u00e9l\u00e8ne, Th\u00e9 vert, \u0152illet, Marquis des th\u00e9s"},{"@type":"BreadcrumbList","@id":"https:\/\/marquisdesthes.com\/produit\/fleur-de-the-helen\/#breadcrumb","itemListElement":[{"@type":"ListItem","position":1,"name":"Accueil","item":"https:\/\/marquisdesthes.com\/"},{"@type":"ListItem","position":2,"name":"Boutique","item":"https:\/\/marquisdesthes.com\/boutique\/"},{"@type":"ListItem","position":3,"name":"HELEN"}]},{"@type":"WebSite","@id":"https:\/\/marquisdesthes.com\/#website","url":"https:\/\/marquisdesthes.com\/","name":"Marquis des th\u00e9s","description":"","publisher":{"@id":"https:\/\/marquisdesthes.com\/#organization"},"potentialAction":[{"@type":"SearchAction","target":{"@type":"EntryPoint","urlTemplate":"https:\/\/marquisdesthes.com\/?s={search_term_string}"},"query-input":{"@type":"PropertyValueSpecification","valueRequired":true,"valueName":"search_term_string"}}],"inLanguage":"en-US"},{"@type":"Organization","@id":"https:\/\/marquisdesthes.com\/#organization","name":"Marquis des th\u00e9s","url":"https:\/\/marquisdesthes.com\/","logo":{"@type":"ImageObject","inLanguage":"en-US","@id":"https:\/\/marquisdesthes.com\/#\/schema\/logo\/image\/","url":"https:\/\/marquisdesthes.com\/wp-content\/uploads\/2022\/06\/Logo-site-web-marquis-des-thes-e1667926864494.png","contentUrl":"https:\/\/marquisdesthes.com\/wp-content\/uploads\/2022\/06\/Logo-site-web-marquis-des-thes-e1667926864494.png","width":744,"height":279,"caption":"Marquis des th\u00e9s"},"image":{"@id":"https:\/\/marquisdesthes.com\/#\/schema\/logo\/image\/"},"sameAs":["https:\/\/www.instagram.com\/marquisdesthes\/","https:\/\/www.tiktok.com\/@marquisdesthes","https:\/\/www.pinterest.fr\/marquisdesthes\/","https:\/\/www.youtube.com\/channel\/UC903SUajBZcvK-BcncSHcJg"]}]}},"_links":{"self":[{"href":"https:\/\/marquisdesthes.com\/en\/wp-json\/wp\/v2\/product\/2050","targetHints":{"allow":["GET"]}}],"collection":[{"href":"https:\/\/marquisdesthes.com\/en\/wp-json\/wp\/v2\/product"}],"about":[{"href":"https:\/\/marquisdesthes.com\/en\/wp-json\/wp\/v2\/types\/product"}],"version-history":[{"count":2,"href":"https:\/\/marquisdesthes.com\/en\/wp-json\/wp\/v2\/product\/2050\/revisions"}],"predecessor-version":[{"id":4428,"href":"https:\/\/marquisdesthes.com\/en\/wp-json\/wp\/v2\/product\/2050\/revisions\/4428"}],"wp:featuredmedia":[{"embeddable":true,"href":"https:\/\/marquisdesthes.com\/en\/wp-json\/wp\/v2\/media\/2018"}],"wp:attachment":[{"href":"https:\/\/marquisdesthes.com\/en\/wp-json\/wp\/v2\/media?parent=2050"}],"wp:term":[{"taxonomy":"product_brand","embeddable":true,"href":"https:\/\/marquisdesthes.com\/en\/wp-json\/wp\/v2\/product_brand?post=2050"},{"taxonomy":"product_cat","embeddable":true,"href":"https:\/\/marquisdesthes.com\/en\/wp-json\/wp\/v2\/product_cat?post=2050"},{"taxonomy":"product_tag","embeddable":true,"href":"https:\/\/marquisdesthes.com\/en\/wp-json\/wp\/v2\/product_tag?post=2050"}],"curies":[{"name":"wp","href":"https:\/\/api.w.org\/{rel}","templated":true}]}}