{"id":2351,"date":"2022-07-31T12:48:14","date_gmt":"2022-07-31T10:48:14","guid":{"rendered":"https:\/\/marquisdesthes.fr\/?post_type=product&#038;p=2351"},"modified":"2026-04-04T19:41:39","modified_gmt":"2026-04-04T17:41:39","slug":"the-noir-caroline-mangue-rose","status":"publish","type":"product","link":"https:\/\/marquisdesthes.com\/en\/product\/the-noir-caroline-mangue-rose\/","title":{"rendered":"CAROLINE"},"content":{"rendered":"<p><span style=\"font-weight: 400;\">Un th\u00e9 noir exotique et fleuri \u00e0 la mangue et \u00e0 la rose pour <a href=\"https:\/\/fr.wikipedia.org\/wiki\/Caroline_Aigle\" target=\"_blank\" rel=\"noopener\">Caroline Aigle<\/a>.\u00a0\ud83e\udd6d<\/span><\/p>\n<p><span style=\"font-weight: 400;\">Est-ce que son nom de famille la pr\u00e9disposait \u00e0 son destin ? Le marquis s\u2019interroge\u2026 \ud83e\udd14<\/span><\/p>\n<p><span style=\"font-weight: 400;\">Caroline est la premi\u00e8re femme pilote de chasse \u00e0 \u00eatre affect\u00e9e au sein d\u2019un escadron de combat de l\u2019arm\u00e9e de l\u2019air fran\u00e7aise.<\/span><\/p>\n<p><span style=\"font-weight: 400;\">Incroyable n\u2019est-ce pas ? Oui, certes, mais aussi tard, trop tard.<\/span><\/p>\n<p><span style=\"font-weight: 400;\">Caroline a pu \u00e9crire l\u2019histoire en 1999, il n\u2019y a que 24 ans.<\/span><\/p>\n<p><span style=\"font-weight: 400;\">Le marquis est impressionn\u00e9 par son destin, mais d\u00e9\u00e7u pour toutes les femmes avant Caroline qui ont d\u00fb se voir refuser l\u2019honneur de l\u2019escadron de combat.<\/span><\/p>\n<p><span style=\"font-weight: 400;\">Le th\u00e9 Caroline est caract\u00e9riel et unique, tout comme Caroline. \u2764\ufe0f<\/span><\/p>","protected":false},"excerpt":{"rendered":"<p>Un th\u00e9 noir exotique et fleuri \u00e0 la mangue et \u00e0 la rose pour Caroline Aigle.\u00a0\ud83e\udd6d Est-ce que son nom de famille la pr\u00e9disposait \u00e0 son destin ? Le marquis s\u2019interroge\u2026 \ud83e\udd14 Caroline est la premi\u00e8re femme pilote de chasse \u00e0 \u00eatre affect\u00e9e au sein d\u2019un escadron de combat de l\u2019arm\u00e9e de l\u2019air fran\u00e7aise. Incroyable [&hellip;]<\/p>\n","protected":false},"featured_media":2428,"template":"","meta":{"_acf_changed":false,"site-sidebar-layout":"default","site-content-layout":"default","ast-site-content-layout":"default","site-content-style":"default","site-sidebar-style":"default","ast-global-header-display":"","ast-banner-title-visibility":"","ast-main-header-display":"","ast-hfb-above-header-display":"","ast-hfb-below-header-display":"","ast-hfb-mobile-header-display":"","site-post-title":"","ast-breadcrumbs-content":"","ast-featured-img":"","footer-sml-layout":"","ast-disable-related-posts":"","theme-transparent-header-meta":"default","adv-header-id-meta":"","stick-header-meta":"default","header-above-stick-meta":"","header-main-stick-meta":"","header-below-stick-meta":"","astra-migrate-meta-layouts":"set","ast-page-background-enabled":"default","ast-page-background-meta":{"desktop":{"background-color":"","background-image":"","background-repeat":"repeat","background-position":"center center","background-size":"auto","background-attachment":"scroll","background-type":"","background-media":"","overlay-type":"","overlay-color":"","overlay-opacity":"","overlay-gradient":""},"tablet":{"background-color":"","background-image":"","background-repeat":"repeat","background-position":"center center","background-size":"auto","background-attachment":"scroll","background-type":"","background-media":"","overlay-type":"","overlay-color":"","overlay-opacity":"","overlay-gradient":""},"mobile":{"background-color":"","background-image":"","background-repeat":"repeat","background-position":"center center","background-size":"auto","background-attachment":"scroll","background-type":"","background-media":"","overlay-type":"","overlay-color":"","overlay-opacity":"","overlay-gradient":""}},"ast-content-background-meta":{"desktop":{"background-color":"var(--ast-global-color-5)","background-image":"","background-repeat":"repeat","background-position":"center center","background-size":"auto","background-attachment":"scroll","background-type":"","background-media":"","overlay-type":"","overlay-color":"","overlay-opacity":"","overlay-gradient":""},"tablet":{"background-color":"var(--ast-global-color-5)","background-image":"","background-repeat":"repeat","background-position":"center center","background-size":"auto","background-attachment":"scroll","background-type":"","background-media":"","overlay-type":"","overlay-color":"","overlay-opacity":"","overlay-gradient":""},"mobile":{"background-color":"var(--ast-global-color-5)","background-image":"","background-repeat":"repeat","background-position":"center center","background-size":"auto","background-attachment":"scroll","background-type":"","background-media":"","overlay-type":"","overlay-color":"","overlay-opacity":"","overlay-gradient":""}}},"product_brand":[],"product_cat":[70,59,87,50],"product_tag":[137],"class_list":{"0":"post-2351","1":"product","2":"type-product","3":"status-publish","4":"has-post-thumbnail","6":"product_cat-mangue","7":"product_cat-thes-rose","8":"product_cat-the-noir","9":"product_cat-thes","10":"product_tag-the-noir","11":"desktop-align-center","12":"tablet-align-center","13":"mobile-align-center","14":"ast-product-gallery-layout-horizontal-slider","15":"ast-product-gallery-with-no-image","16":"ast-magnify-disabled","17":"ast-product-tabs-layout-horizontal","19":"first","20":"outofstock","21":"taxable","22":"shipping-taxable","23":"purchasable","24":"product-type-simple"},"acf":[],"yoast_head":"<!-- This site is optimized with the Yoast SEO plugin v27.5 - https:\/\/yoast.com\/product\/yoast-seo-wordpress\/ -->\n<title>CAROLINE - Th\u00e9 noir mangue rose<\/title>\n<meta name=\"description\" content=\"Le th\u00e9 noir CAROLINE Mangue Rose rend hommage \u00e0 Caroline Aigle, la premi\u00e8re femme fran\u00e7aise pilote de chasse de l&#039;arm\u00e9e l&#039;air.\" \/>\n<meta name=\"robots\" content=\"index, follow, max-snippet:-1, max-image-preview:large, max-video-preview:-1\" \/>\n<link rel=\"canonical\" href=\"https:\/\/marquisdesthes.com\/en\/product\/the-noir-caroline-mangue-rose\/\" \/>\n<meta property=\"og:locale\" content=\"en_US\" \/>\n<meta property=\"og:type\" content=\"article\" \/>\n<meta property=\"og:title\" content=\"CAROLINE - Th\u00e9 noir mangue rose\" \/>\n<meta property=\"og:description\" content=\"Le th\u00e9 noir CAROLINE Mangue Rose rend hommage \u00e0 Caroline Aigle, la premi\u00e8re femme fran\u00e7aise pilote de chasse de l&#039;arm\u00e9e l&#039;air.\" \/>\n<meta property=\"og:url\" content=\"https:\/\/marquisdesthes.com\/en\/product\/the-noir-caroline-mangue-rose\/\" \/>\n<meta property=\"og:site_name\" content=\"Marquis des th\u00e9s\" \/>\n<meta property=\"article:modified_time\" content=\"2026-04-04T17:41:39+00:00\" \/>\n<meta property=\"og:image\" content=\"https:\/\/marquisdesthes.com\/wp-content\/uploads\/2022\/08\/The-noir-Caroline-Mangue-Rose-Marquis-des-thes.jpg\" \/>\n\t<meta property=\"og:image:width\" content=\"800\" \/>\n\t<meta property=\"og:image:height\" content=\"800\" \/>\n\t<meta property=\"og:image:type\" content=\"image\/jpeg\" \/>\n<meta name=\"twitter:card\" content=\"summary_large_image\" \/>\n<meta name=\"twitter:label1\" content=\"Est. reading time\" \/>\n\t<meta name=\"twitter:data1\" content=\"1 minute\" \/>\n<script type=\"application\/ld+json\" class=\"yoast-schema-graph\">{\"@context\":\"https:\\\/\\\/schema.org\",\"@graph\":[{\"@type\":\"WebPage\",\"@id\":\"https:\\\/\\\/marquisdesthes.com\\\/produit\\\/the-noir-caroline-mangue-rose\\\/\",\"url\":\"https:\\\/\\\/marquisdesthes.com\\\/produit\\\/the-noir-caroline-mangue-rose\\\/\",\"name\":\"CAROLINE - Th\u00e9 noir mangue rose\",\"isPartOf\":{\"@id\":\"https:\\\/\\\/marquisdesthes.com\\\/#website\"},\"primaryImageOfPage\":{\"@id\":\"https:\\\/\\\/marquisdesthes.com\\\/produit\\\/the-noir-caroline-mangue-rose\\\/#primaryimage\"},\"image\":{\"@id\":\"https:\\\/\\\/marquisdesthes.com\\\/produit\\\/the-noir-caroline-mangue-rose\\\/#primaryimage\"},\"thumbnailUrl\":\"https:\\\/\\\/marquisdesthes.com\\\/wp-content\\\/uploads\\\/2022\\\/08\\\/The-noir-Caroline-Mangue-Rose-Marquis-des-thes.jpg\",\"datePublished\":\"2022-07-31T10:48:14+00:00\",\"dateModified\":\"2026-04-04T17:41:39+00:00\",\"description\":\"Le th\u00e9 noir CAROLINE Mangue Rose rend hommage \u00e0 Caroline Aigle, la premi\u00e8re femme fran\u00e7aise pilote de chasse de l'arm\u00e9e l'air.\",\"breadcrumb\":{\"@id\":\"https:\\\/\\\/marquisdesthes.com\\\/produit\\\/the-noir-caroline-mangue-rose\\\/#breadcrumb\"},\"inLanguage\":\"en-US\",\"potentialAction\":[{\"@type\":\"ReadAction\",\"target\":[\"https:\\\/\\\/marquisdesthes.com\\\/produit\\\/the-noir-caroline-mangue-rose\\\/\"]}]},{\"@type\":\"ImageObject\",\"inLanguage\":\"en-US\",\"@id\":\"https:\\\/\\\/marquisdesthes.com\\\/produit\\\/the-noir-caroline-mangue-rose\\\/#primaryimage\",\"url\":\"https:\\\/\\\/marquisdesthes.com\\\/wp-content\\\/uploads\\\/2022\\\/08\\\/The-noir-Caroline-Mangue-Rose-Marquis-des-thes.jpg\",\"contentUrl\":\"https:\\\/\\\/marquisdesthes.com\\\/wp-content\\\/uploads\\\/2022\\\/08\\\/The-noir-Caroline-Mangue-Rose-Marquis-des-thes.jpg\",\"width\":800,\"height\":800,\"caption\":\"Th\u00e9 noir Caroline Mangue Rose Marquis des th\u00e9s\"},{\"@type\":\"BreadcrumbList\",\"@id\":\"https:\\\/\\\/marquisdesthes.com\\\/produit\\\/the-noir-caroline-mangue-rose\\\/#breadcrumb\",\"itemListElement\":[{\"@type\":\"ListItem\",\"position\":1,\"name\":\"Accueil\",\"item\":\"https:\\\/\\\/marquisdesthes.com\\\/\"},{\"@type\":\"ListItem\",\"position\":2,\"name\":\"Boutique\",\"item\":\"https:\\\/\\\/marquisdesthes.com\\\/boutique\\\/\"},{\"@type\":\"ListItem\",\"position\":3,\"name\":\"CAROLINE\"}]},{\"@type\":\"WebSite\",\"@id\":\"https:\\\/\\\/marquisdesthes.com\\\/#website\",\"url\":\"https:\\\/\\\/marquisdesthes.com\\\/\",\"name\":\"Marquis des th\u00e9s\",\"description\":\"\",\"publisher\":{\"@id\":\"https:\\\/\\\/marquisdesthes.com\\\/#organization\"},\"potentialAction\":[{\"@type\":\"SearchAction\",\"target\":{\"@type\":\"EntryPoint\",\"urlTemplate\":\"https:\\\/\\\/marquisdesthes.com\\\/?s={search_term_string}\"},\"query-input\":{\"@type\":\"PropertyValueSpecification\",\"valueRequired\":true,\"valueName\":\"search_term_string\"}}],\"inLanguage\":\"en-US\"},{\"@type\":\"Organization\",\"@id\":\"https:\\\/\\\/marquisdesthes.com\\\/#organization\",\"name\":\"Marquis des th\u00e9s\",\"url\":\"https:\\\/\\\/marquisdesthes.com\\\/\",\"logo\":{\"@type\":\"ImageObject\",\"inLanguage\":\"en-US\",\"@id\":\"https:\\\/\\\/marquisdesthes.com\\\/#\\\/schema\\\/logo\\\/image\\\/\",\"url\":\"https:\\\/\\\/marquisdesthes.com\\\/wp-content\\\/uploads\\\/2022\\\/06\\\/Logo-site-web-marquis-des-thes-e1667926864494.png\",\"contentUrl\":\"https:\\\/\\\/marquisdesthes.com\\\/wp-content\\\/uploads\\\/2022\\\/06\\\/Logo-site-web-marquis-des-thes-e1667926864494.png\",\"width\":744,\"height\":279,\"caption\":\"Marquis des th\u00e9s\"},\"image\":{\"@id\":\"https:\\\/\\\/marquisdesthes.com\\\/#\\\/schema\\\/logo\\\/image\\\/\"},\"sameAs\":[\"https:\\\/\\\/www.instagram.com\\\/marquisdesthes\\\/\",\"https:\\\/\\\/www.tiktok.com\\\/@marquisdesthes\",\"https:\\\/\\\/www.pinterest.fr\\\/marquisdesthes\\\/\",\"https:\\\/\\\/www.youtube.com\\\/channel\\\/UC903SUajBZcvK-BcncSHcJg\"]}]}<\/script>\n<!-- \/ Yoast SEO plugin. -->","yoast_head_json":{"title":"CAROLINE - Th\u00e9 noir mangue rose","description":"Le th\u00e9 noir CAROLINE Mangue Rose rend hommage \u00e0 Caroline Aigle, la premi\u00e8re femme fran\u00e7aise pilote de chasse de l'arm\u00e9e l'air.","robots":{"index":"index","follow":"follow","max-snippet":"max-snippet:-1","max-image-preview":"max-image-preview:large","max-video-preview":"max-video-preview:-1"},"canonical":"https:\/\/marquisdesthes.com\/en\/product\/the-noir-caroline-mangue-rose\/","og_locale":"en_US","og_type":"article","og_title":"CAROLINE - Th\u00e9 noir mangue rose","og_description":"Le th\u00e9 noir CAROLINE Mangue Rose rend hommage \u00e0 Caroline Aigle, la premi\u00e8re femme fran\u00e7aise pilote de chasse de l'arm\u00e9e l'air.","og_url":"https:\/\/marquisdesthes.com\/en\/product\/the-noir-caroline-mangue-rose\/","og_site_name":"Marquis des th\u00e9s","article_modified_time":"2026-04-04T17:41:39+00:00","og_image":[{"width":800,"height":800,"url":"https:\/\/marquisdesthes.com\/wp-content\/uploads\/2022\/08\/The-noir-Caroline-Mangue-Rose-Marquis-des-thes.jpg","type":"image\/jpeg"}],"twitter_card":"summary_large_image","twitter_misc":{"Est. reading time":"1 minute"},"schema":{"@context":"https:\/\/schema.org","@graph":[{"@type":"WebPage","@id":"https:\/\/marquisdesthes.com\/produit\/the-noir-caroline-mangue-rose\/","url":"https:\/\/marquisdesthes.com\/produit\/the-noir-caroline-mangue-rose\/","name":"CAROLINE - Th\u00e9 noir mangue rose","isPartOf":{"@id":"https:\/\/marquisdesthes.com\/#website"},"primaryImageOfPage":{"@id":"https:\/\/marquisdesthes.com\/produit\/the-noir-caroline-mangue-rose\/#primaryimage"},"image":{"@id":"https:\/\/marquisdesthes.com\/produit\/the-noir-caroline-mangue-rose\/#primaryimage"},"thumbnailUrl":"https:\/\/marquisdesthes.com\/wp-content\/uploads\/2022\/08\/The-noir-Caroline-Mangue-Rose-Marquis-des-thes.jpg","datePublished":"2022-07-31T10:48:14+00:00","dateModified":"2026-04-04T17:41:39+00:00","description":"Le th\u00e9 noir CAROLINE Mangue Rose rend hommage \u00e0 Caroline Aigle, la premi\u00e8re femme fran\u00e7aise pilote de chasse de l'arm\u00e9e l'air.","breadcrumb":{"@id":"https:\/\/marquisdesthes.com\/produit\/the-noir-caroline-mangue-rose\/#breadcrumb"},"inLanguage":"en-US","potentialAction":[{"@type":"ReadAction","target":["https:\/\/marquisdesthes.com\/produit\/the-noir-caroline-mangue-rose\/"]}]},{"@type":"ImageObject","inLanguage":"en-US","@id":"https:\/\/marquisdesthes.com\/produit\/the-noir-caroline-mangue-rose\/#primaryimage","url":"https:\/\/marquisdesthes.com\/wp-content\/uploads\/2022\/08\/The-noir-Caroline-Mangue-Rose-Marquis-des-thes.jpg","contentUrl":"https:\/\/marquisdesthes.com\/wp-content\/uploads\/2022\/08\/The-noir-Caroline-Mangue-Rose-Marquis-des-thes.jpg","width":800,"height":800,"caption":"Th\u00e9 noir Caroline Mangue Rose Marquis des th\u00e9s"},{"@type":"BreadcrumbList","@id":"https:\/\/marquisdesthes.com\/produit\/the-noir-caroline-mangue-rose\/#breadcrumb","itemListElement":[{"@type":"ListItem","position":1,"name":"Accueil","item":"https:\/\/marquisdesthes.com\/"},{"@type":"ListItem","position":2,"name":"Boutique","item":"https:\/\/marquisdesthes.com\/boutique\/"},{"@type":"ListItem","position":3,"name":"CAROLINE"}]},{"@type":"WebSite","@id":"https:\/\/marquisdesthes.com\/#website","url":"https:\/\/marquisdesthes.com\/","name":"Marquis des th\u00e9s","description":"","publisher":{"@id":"https:\/\/marquisdesthes.com\/#organization"},"potentialAction":[{"@type":"SearchAction","target":{"@type":"EntryPoint","urlTemplate":"https:\/\/marquisdesthes.com\/?s={search_term_string}"},"query-input":{"@type":"PropertyValueSpecification","valueRequired":true,"valueName":"search_term_string"}}],"inLanguage":"en-US"},{"@type":"Organization","@id":"https:\/\/marquisdesthes.com\/#organization","name":"Marquis des th\u00e9s","url":"https:\/\/marquisdesthes.com\/","logo":{"@type":"ImageObject","inLanguage":"en-US","@id":"https:\/\/marquisdesthes.com\/#\/schema\/logo\/image\/","url":"https:\/\/marquisdesthes.com\/wp-content\/uploads\/2022\/06\/Logo-site-web-marquis-des-thes-e1667926864494.png","contentUrl":"https:\/\/marquisdesthes.com\/wp-content\/uploads\/2022\/06\/Logo-site-web-marquis-des-thes-e1667926864494.png","width":744,"height":279,"caption":"Marquis des th\u00e9s"},"image":{"@id":"https:\/\/marquisdesthes.com\/#\/schema\/logo\/image\/"},"sameAs":["https:\/\/www.instagram.com\/marquisdesthes\/","https:\/\/www.tiktok.com\/@marquisdesthes","https:\/\/www.pinterest.fr\/marquisdesthes\/","https:\/\/www.youtube.com\/channel\/UC903SUajBZcvK-BcncSHcJg"]}]}},"_links":{"self":[{"href":"https:\/\/marquisdesthes.com\/en\/wp-json\/wp\/v2\/product\/2351","targetHints":{"allow":["GET"]}}],"collection":[{"href":"https:\/\/marquisdesthes.com\/en\/wp-json\/wp\/v2\/product"}],"about":[{"href":"https:\/\/marquisdesthes.com\/en\/wp-json\/wp\/v2\/types\/product"}],"version-history":[{"count":3,"href":"https:\/\/marquisdesthes.com\/en\/wp-json\/wp\/v2\/product\/2351\/revisions"}],"predecessor-version":[{"id":4598,"href":"https:\/\/marquisdesthes.com\/en\/wp-json\/wp\/v2\/product\/2351\/revisions\/4598"}],"wp:featuredmedia":[{"embeddable":true,"href":"https:\/\/marquisdesthes.com\/en\/wp-json\/wp\/v2\/media\/2428"}],"wp:attachment":[{"href":"https:\/\/marquisdesthes.com\/en\/wp-json\/wp\/v2\/media?parent=2351"}],"wp:term":[{"taxonomy":"product_brand","embeddable":true,"href":"https:\/\/marquisdesthes.com\/en\/wp-json\/wp\/v2\/product_brand?post=2351"},{"taxonomy":"product_cat","embeddable":true,"href":"https:\/\/marquisdesthes.com\/en\/wp-json\/wp\/v2\/product_cat?post=2351"},{"taxonomy":"product_tag","embeddable":true,"href":"https:\/\/marquisdesthes.com\/en\/wp-json\/wp\/v2\/product_tag?post=2351"}],"curies":[{"name":"wp","href":"https:\/\/api.w.org\/{rel}","templated":true}]}}