{"id":2357,"date":"2022-07-31T14:46:06","date_gmt":"2022-07-31T12:46:06","guid":{"rendered":"https:\/\/marquisdesthes.fr\/?post_type=product&#038;p=2357"},"modified":"2026-04-04T19:41:12","modified_gmt":"2026-04-04T17:41:12","slug":"the-vert-julie-victoire-menthe","status":"publish","type":"product","link":"https:\/\/marquisdesthes.com\/en\/product\/the-vert-julie-victoire-menthe\/","title":{"rendered":"JULIE-VICTOIRE"},"content":{"rendered":"<p><span style=\"font-weight: 400;\">Le th\u00e9 vert \u00e0 la menthe, le classique, l\u2019incontournable, on pourrait presque dire : le choix du marquis ? \ud83c\udf75<\/span><\/p>\n<p><span style=\"font-weight: 400;\">Le marquis a souhait\u00e9 le nommer Julie, pourquoi ? pour qui ?<\/span><\/p>\n<p><span style=\"font-weight: 400;\">Pour Madame<a href=\"https:\/\/fr.wikipedia.org\/wiki\/Julie-Victoire_Daubi%C3%A9\" target=\"_blank\" rel=\"noopener\"> Julie Victoire Daubi\u00e9<\/a>, la premi\u00e8re femme fran\u00e7aise \u00e0 s&rsquo;inscrire aux \u00e9preuves du baccalaur\u00e9at \u00e0 Lyon en 1861, et la premi\u00e8re \u00e0 l&rsquo;obtenir le 17 ao\u00fbt 1861. \ud83d\udcdc<\/span><\/p>\n<p><span style=\"font-weight: 400;\">Fut un temps o\u00f9 les femmes n\u2019avaient pas acc\u00e8s \u00e0 l\u2019\u00e9ducation, ou devaient obtenir l\u2019autorisation d\u2019hommes pour travailler, ou ouvrir un compte en banque. Certaines femmes comme Julie ont os\u00e9, elles ont os\u00e9 pour leurs droits, leurs libert\u00e9s.<\/span><\/p>\n<p><span style=\"font-weight: 400;\">Le marquis remercie toutes ces femmes qui ont su oser, et qui ont eu le courage de le faire dans un monde d\u2019homme.<\/span><\/p>","protected":false},"excerpt":{"rendered":"<p>Le th\u00e9 vert \u00e0 la menthe, le classique, l\u2019incontournable, on pourrait presque dire : le choix du marquis ? \ud83c\udf75 Le marquis a souhait\u00e9 le nommer Julie, pourquoi ? pour qui ? Pour Madame Julie Victoire Daubi\u00e9, la premi\u00e8re femme fran\u00e7aise \u00e0 s&rsquo;inscrire aux \u00e9preuves du baccalaur\u00e9at \u00e0 Lyon en 1861, et la premi\u00e8re \u00e0 [&hellip;]<\/p>\n","protected":false},"featured_media":2430,"template":"","meta":{"_acf_changed":false,"site-sidebar-layout":"default","site-content-layout":"default","ast-site-content-layout":"default","site-content-style":"default","site-sidebar-style":"default","ast-global-header-display":"","ast-banner-title-visibility":"","ast-main-header-display":"","ast-hfb-above-header-display":"","ast-hfb-below-header-display":"","ast-hfb-mobile-header-display":"","site-post-title":"","ast-breadcrumbs-content":"","ast-featured-img":"","footer-sml-layout":"","ast-disable-related-posts":"","theme-transparent-header-meta":"default","adv-header-id-meta":"","stick-header-meta":"default","header-above-stick-meta":"","header-main-stick-meta":"","header-below-stick-meta":"","astra-migrate-meta-layouts":"set","ast-page-background-enabled":"default","ast-page-background-meta":{"desktop":{"background-color":"","background-image":"","background-repeat":"repeat","background-position":"center center","background-size":"auto","background-attachment":"scroll","background-type":"","background-media":"","overlay-type":"","overlay-color":"","overlay-opacity":"","overlay-gradient":""},"tablet":{"background-color":"","background-image":"","background-repeat":"repeat","background-position":"center center","background-size":"auto","background-attachment":"scroll","background-type":"","background-media":"","overlay-type":"","overlay-color":"","overlay-opacity":"","overlay-gradient":""},"mobile":{"background-color":"","background-image":"","background-repeat":"repeat","background-position":"center center","background-size":"auto","background-attachment":"scroll","background-type":"","background-media":"","overlay-type":"","overlay-color":"","overlay-opacity":"","overlay-gradient":""}},"ast-content-background-meta":{"desktop":{"background-color":"var(--ast-global-color-5)","background-image":"","background-repeat":"repeat","background-position":"center center","background-size":"auto","background-attachment":"scroll","background-type":"","background-media":"","overlay-type":"","overlay-color":"","overlay-opacity":"","overlay-gradient":""},"tablet":{"background-color":"var(--ast-global-color-5)","background-image":"","background-repeat":"repeat","background-position":"center center","background-size":"auto","background-attachment":"scroll","background-type":"","background-media":"","overlay-type":"","overlay-color":"","overlay-opacity":"","overlay-gradient":""},"mobile":{"background-color":"var(--ast-global-color-5)","background-image":"","background-repeat":"repeat","background-position":"center center","background-size":"auto","background-attachment":"scroll","background-type":"","background-media":"","overlay-type":"","overlay-color":"","overlay-opacity":"","overlay-gradient":""}}},"product_brand":[],"product_cat":[74,85,50],"product_tag":[134],"class_list":{"0":"post-2357","1":"product","2":"type-product","3":"status-publish","4":"has-post-thumbnail","6":"product_cat-menthe","7":"product_cat-the-vert","8":"product_cat-thes","9":"product_tag-the-vert","10":"desktop-align-center","11":"tablet-align-center","12":"mobile-align-center","13":"ast-product-gallery-layout-horizontal-slider","14":"ast-product-gallery-with-no-image","15":"ast-magnify-disabled","16":"ast-product-tabs-layout-horizontal","18":"first","19":"instock","20":"taxable","21":"shipping-taxable","22":"purchasable","23":"product-type-simple"},"acf":[],"yoast_head":"<!-- This site is optimized with the Yoast SEO plugin v27.5 - https:\/\/yoast.com\/product\/yoast-seo-wordpress\/ -->\n<title>JULIE-VICTOIRE - Th\u00e9 vert menthe<\/title>\n<meta name=\"description\" content=\"Le th\u00e9 vert JULIE-VICTOIRE Menthe rend hommage \u00e0 Julie-Victoire Daubi\u00e9 la premi\u00e8re femme fran\u00e7aise \u00e0 s\u2019inscrire aux \u00e9preuves du baccalaur\u00e9at \u00e0 Lyon en 1861.\" \/>\n<meta name=\"robots\" content=\"index, follow, max-snippet:-1, max-image-preview:large, max-video-preview:-1\" \/>\n<link rel=\"canonical\" href=\"https:\/\/marquisdesthes.com\/en\/product\/the-vert-julie-victoire-menthe\/\" \/>\n<meta property=\"og:locale\" content=\"en_US\" \/>\n<meta property=\"og:type\" content=\"article\" \/>\n<meta property=\"og:title\" content=\"JULIE-VICTOIRE - Th\u00e9 vert menthe\" \/>\n<meta property=\"og:description\" content=\"Le th\u00e9 vert JULIE-VICTOIRE Menthe rend hommage \u00e0 Julie-Victoire Daubi\u00e9 la premi\u00e8re femme fran\u00e7aise \u00e0 s\u2019inscrire aux \u00e9preuves du baccalaur\u00e9at \u00e0 Lyon en 1861.\" \/>\n<meta property=\"og:url\" content=\"https:\/\/marquisdesthes.com\/en\/product\/the-vert-julie-victoire-menthe\/\" \/>\n<meta property=\"og:site_name\" content=\"Marquis des th\u00e9s\" \/>\n<meta property=\"article:modified_time\" content=\"2026-04-04T17:41:12+00:00\" \/>\n<meta property=\"og:image\" content=\"https:\/\/marquisdesthes.com\/wp-content\/uploads\/2022\/08\/The-vert-Menthe-Julie-Victoire-Marquis-des-thes.jpg\" \/>\n\t<meta property=\"og:image:width\" content=\"800\" \/>\n\t<meta property=\"og:image:height\" content=\"800\" \/>\n\t<meta property=\"og:image:type\" content=\"image\/jpeg\" \/>\n<meta name=\"twitter:card\" content=\"summary_large_image\" \/>\n<meta name=\"twitter:label1\" content=\"Est. reading time\" \/>\n\t<meta name=\"twitter:data1\" content=\"1 minute\" \/>\n<script type=\"application\/ld+json\" class=\"yoast-schema-graph\">{\"@context\":\"https:\\\/\\\/schema.org\",\"@graph\":[{\"@type\":\"WebPage\",\"@id\":\"https:\\\/\\\/marquisdesthes.com\\\/produit\\\/the-vert-julie-victoire-menthe\\\/\",\"url\":\"https:\\\/\\\/marquisdesthes.com\\\/produit\\\/the-vert-julie-victoire-menthe\\\/\",\"name\":\"JULIE-VICTOIRE - Th\u00e9 vert menthe\",\"isPartOf\":{\"@id\":\"https:\\\/\\\/marquisdesthes.com\\\/#website\"},\"primaryImageOfPage\":{\"@id\":\"https:\\\/\\\/marquisdesthes.com\\\/produit\\\/the-vert-julie-victoire-menthe\\\/#primaryimage\"},\"image\":{\"@id\":\"https:\\\/\\\/marquisdesthes.com\\\/produit\\\/the-vert-julie-victoire-menthe\\\/#primaryimage\"},\"thumbnailUrl\":\"https:\\\/\\\/marquisdesthes.com\\\/wp-content\\\/uploads\\\/2022\\\/08\\\/The-vert-Menthe-Julie-Victoire-Marquis-des-thes.jpg\",\"datePublished\":\"2022-07-31T12:46:06+00:00\",\"dateModified\":\"2026-04-04T17:41:12+00:00\",\"description\":\"Le th\u00e9 vert JULIE-VICTOIRE Menthe rend hommage \u00e0 Julie-Victoire Daubi\u00e9 la premi\u00e8re femme fran\u00e7aise \u00e0 s\u2019inscrire aux \u00e9preuves du baccalaur\u00e9at \u00e0 Lyon en 1861.\",\"breadcrumb\":{\"@id\":\"https:\\\/\\\/marquisdesthes.com\\\/produit\\\/the-vert-julie-victoire-menthe\\\/#breadcrumb\"},\"inLanguage\":\"en-US\",\"potentialAction\":[{\"@type\":\"ReadAction\",\"target\":[\"https:\\\/\\\/marquisdesthes.com\\\/produit\\\/the-vert-julie-victoire-menthe\\\/\"]}]},{\"@type\":\"ImageObject\",\"inLanguage\":\"en-US\",\"@id\":\"https:\\\/\\\/marquisdesthes.com\\\/produit\\\/the-vert-julie-victoire-menthe\\\/#primaryimage\",\"url\":\"https:\\\/\\\/marquisdesthes.com\\\/wp-content\\\/uploads\\\/2022\\\/08\\\/The-vert-Menthe-Julie-Victoire-Marquis-des-thes.jpg\",\"contentUrl\":\"https:\\\/\\\/marquisdesthes.com\\\/wp-content\\\/uploads\\\/2022\\\/08\\\/The-vert-Menthe-Julie-Victoire-Marquis-des-thes.jpg\",\"width\":800,\"height\":800,\"caption\":\"Th\u00e9 vert Menthe Julie-Victoire Marquis des th\u00e9s\"},{\"@type\":\"BreadcrumbList\",\"@id\":\"https:\\\/\\\/marquisdesthes.com\\\/produit\\\/the-vert-julie-victoire-menthe\\\/#breadcrumb\",\"itemListElement\":[{\"@type\":\"ListItem\",\"position\":1,\"name\":\"Accueil\",\"item\":\"https:\\\/\\\/marquisdesthes.com\\\/\"},{\"@type\":\"ListItem\",\"position\":2,\"name\":\"Boutique\",\"item\":\"https:\\\/\\\/marquisdesthes.com\\\/boutique\\\/\"},{\"@type\":\"ListItem\",\"position\":3,\"name\":\"JULIE-VICTOIRE\"}]},{\"@type\":\"WebSite\",\"@id\":\"https:\\\/\\\/marquisdesthes.com\\\/#website\",\"url\":\"https:\\\/\\\/marquisdesthes.com\\\/\",\"name\":\"Marquis des th\u00e9s\",\"description\":\"\",\"publisher\":{\"@id\":\"https:\\\/\\\/marquisdesthes.com\\\/#organization\"},\"potentialAction\":[{\"@type\":\"SearchAction\",\"target\":{\"@type\":\"EntryPoint\",\"urlTemplate\":\"https:\\\/\\\/marquisdesthes.com\\\/?s={search_term_string}\"},\"query-input\":{\"@type\":\"PropertyValueSpecification\",\"valueRequired\":true,\"valueName\":\"search_term_string\"}}],\"inLanguage\":\"en-US\"},{\"@type\":\"Organization\",\"@id\":\"https:\\\/\\\/marquisdesthes.com\\\/#organization\",\"name\":\"Marquis des th\u00e9s\",\"url\":\"https:\\\/\\\/marquisdesthes.com\\\/\",\"logo\":{\"@type\":\"ImageObject\",\"inLanguage\":\"en-US\",\"@id\":\"https:\\\/\\\/marquisdesthes.com\\\/#\\\/schema\\\/logo\\\/image\\\/\",\"url\":\"https:\\\/\\\/marquisdesthes.com\\\/wp-content\\\/uploads\\\/2022\\\/06\\\/Logo-site-web-marquis-des-thes-e1667926864494.png\",\"contentUrl\":\"https:\\\/\\\/marquisdesthes.com\\\/wp-content\\\/uploads\\\/2022\\\/06\\\/Logo-site-web-marquis-des-thes-e1667926864494.png\",\"width\":744,\"height\":279,\"caption\":\"Marquis des th\u00e9s\"},\"image\":{\"@id\":\"https:\\\/\\\/marquisdesthes.com\\\/#\\\/schema\\\/logo\\\/image\\\/\"},\"sameAs\":[\"https:\\\/\\\/www.instagram.com\\\/marquisdesthes\\\/\",\"https:\\\/\\\/www.tiktok.com\\\/@marquisdesthes\",\"https:\\\/\\\/www.pinterest.fr\\\/marquisdesthes\\\/\",\"https:\\\/\\\/www.youtube.com\\\/channel\\\/UC903SUajBZcvK-BcncSHcJg\"]}]}<\/script>\n<!-- \/ Yoast SEO plugin. -->","yoast_head_json":{"title":"JULIE-VICTOIRE - Th\u00e9 vert menthe","description":"Le th\u00e9 vert JULIE-VICTOIRE Menthe rend hommage \u00e0 Julie-Victoire Daubi\u00e9 la premi\u00e8re femme fran\u00e7aise \u00e0 s\u2019inscrire aux \u00e9preuves du baccalaur\u00e9at \u00e0 Lyon en 1861.","robots":{"index":"index","follow":"follow","max-snippet":"max-snippet:-1","max-image-preview":"max-image-preview:large","max-video-preview":"max-video-preview:-1"},"canonical":"https:\/\/marquisdesthes.com\/en\/product\/the-vert-julie-victoire-menthe\/","og_locale":"en_US","og_type":"article","og_title":"JULIE-VICTOIRE - Th\u00e9 vert menthe","og_description":"Le th\u00e9 vert JULIE-VICTOIRE Menthe rend hommage \u00e0 Julie-Victoire Daubi\u00e9 la premi\u00e8re femme fran\u00e7aise \u00e0 s\u2019inscrire aux \u00e9preuves du baccalaur\u00e9at \u00e0 Lyon en 1861.","og_url":"https:\/\/marquisdesthes.com\/en\/product\/the-vert-julie-victoire-menthe\/","og_site_name":"Marquis des th\u00e9s","article_modified_time":"2026-04-04T17:41:12+00:00","og_image":[{"width":800,"height":800,"url":"https:\/\/marquisdesthes.com\/wp-content\/uploads\/2022\/08\/The-vert-Menthe-Julie-Victoire-Marquis-des-thes.jpg","type":"image\/jpeg"}],"twitter_card":"summary_large_image","twitter_misc":{"Est. reading time":"1 minute"},"schema":{"@context":"https:\/\/schema.org","@graph":[{"@type":"WebPage","@id":"https:\/\/marquisdesthes.com\/produit\/the-vert-julie-victoire-menthe\/","url":"https:\/\/marquisdesthes.com\/produit\/the-vert-julie-victoire-menthe\/","name":"JULIE-VICTOIRE - Th\u00e9 vert menthe","isPartOf":{"@id":"https:\/\/marquisdesthes.com\/#website"},"primaryImageOfPage":{"@id":"https:\/\/marquisdesthes.com\/produit\/the-vert-julie-victoire-menthe\/#primaryimage"},"image":{"@id":"https:\/\/marquisdesthes.com\/produit\/the-vert-julie-victoire-menthe\/#primaryimage"},"thumbnailUrl":"https:\/\/marquisdesthes.com\/wp-content\/uploads\/2022\/08\/The-vert-Menthe-Julie-Victoire-Marquis-des-thes.jpg","datePublished":"2022-07-31T12:46:06+00:00","dateModified":"2026-04-04T17:41:12+00:00","description":"Le th\u00e9 vert JULIE-VICTOIRE Menthe rend hommage \u00e0 Julie-Victoire Daubi\u00e9 la premi\u00e8re femme fran\u00e7aise \u00e0 s\u2019inscrire aux \u00e9preuves du baccalaur\u00e9at \u00e0 Lyon en 1861.","breadcrumb":{"@id":"https:\/\/marquisdesthes.com\/produit\/the-vert-julie-victoire-menthe\/#breadcrumb"},"inLanguage":"en-US","potentialAction":[{"@type":"ReadAction","target":["https:\/\/marquisdesthes.com\/produit\/the-vert-julie-victoire-menthe\/"]}]},{"@type":"ImageObject","inLanguage":"en-US","@id":"https:\/\/marquisdesthes.com\/produit\/the-vert-julie-victoire-menthe\/#primaryimage","url":"https:\/\/marquisdesthes.com\/wp-content\/uploads\/2022\/08\/The-vert-Menthe-Julie-Victoire-Marquis-des-thes.jpg","contentUrl":"https:\/\/marquisdesthes.com\/wp-content\/uploads\/2022\/08\/The-vert-Menthe-Julie-Victoire-Marquis-des-thes.jpg","width":800,"height":800,"caption":"Th\u00e9 vert Menthe Julie-Victoire Marquis des th\u00e9s"},{"@type":"BreadcrumbList","@id":"https:\/\/marquisdesthes.com\/produit\/the-vert-julie-victoire-menthe\/#breadcrumb","itemListElement":[{"@type":"ListItem","position":1,"name":"Accueil","item":"https:\/\/marquisdesthes.com\/"},{"@type":"ListItem","position":2,"name":"Boutique","item":"https:\/\/marquisdesthes.com\/boutique\/"},{"@type":"ListItem","position":3,"name":"JULIE-VICTOIRE"}]},{"@type":"WebSite","@id":"https:\/\/marquisdesthes.com\/#website","url":"https:\/\/marquisdesthes.com\/","name":"Marquis des th\u00e9s","description":"","publisher":{"@id":"https:\/\/marquisdesthes.com\/#organization"},"potentialAction":[{"@type":"SearchAction","target":{"@type":"EntryPoint","urlTemplate":"https:\/\/marquisdesthes.com\/?s={search_term_string}"},"query-input":{"@type":"PropertyValueSpecification","valueRequired":true,"valueName":"search_term_string"}}],"inLanguage":"en-US"},{"@type":"Organization","@id":"https:\/\/marquisdesthes.com\/#organization","name":"Marquis des th\u00e9s","url":"https:\/\/marquisdesthes.com\/","logo":{"@type":"ImageObject","inLanguage":"en-US","@id":"https:\/\/marquisdesthes.com\/#\/schema\/logo\/image\/","url":"https:\/\/marquisdesthes.com\/wp-content\/uploads\/2022\/06\/Logo-site-web-marquis-des-thes-e1667926864494.png","contentUrl":"https:\/\/marquisdesthes.com\/wp-content\/uploads\/2022\/06\/Logo-site-web-marquis-des-thes-e1667926864494.png","width":744,"height":279,"caption":"Marquis des th\u00e9s"},"image":{"@id":"https:\/\/marquisdesthes.com\/#\/schema\/logo\/image\/"},"sameAs":["https:\/\/www.instagram.com\/marquisdesthes\/","https:\/\/www.tiktok.com\/@marquisdesthes","https:\/\/www.pinterest.fr\/marquisdesthes\/","https:\/\/www.youtube.com\/channel\/UC903SUajBZcvK-BcncSHcJg"]}]}},"_links":{"self":[{"href":"https:\/\/marquisdesthes.com\/en\/wp-json\/wp\/v2\/product\/2357","targetHints":{"allow":["GET"]}}],"collection":[{"href":"https:\/\/marquisdesthes.com\/en\/wp-json\/wp\/v2\/product"}],"about":[{"href":"https:\/\/marquisdesthes.com\/en\/wp-json\/wp\/v2\/types\/product"}],"version-history":[{"count":1,"href":"https:\/\/marquisdesthes.com\/en\/wp-json\/wp\/v2\/product\/2357\/revisions"}],"predecessor-version":[{"id":4340,"href":"https:\/\/marquisdesthes.com\/en\/wp-json\/wp\/v2\/product\/2357\/revisions\/4340"}],"wp:featuredmedia":[{"embeddable":true,"href":"https:\/\/marquisdesthes.com\/en\/wp-json\/wp\/v2\/media\/2430"}],"wp:attachment":[{"href":"https:\/\/marquisdesthes.com\/en\/wp-json\/wp\/v2\/media?parent=2357"}],"wp:term":[{"taxonomy":"product_brand","embeddable":true,"href":"https:\/\/marquisdesthes.com\/en\/wp-json\/wp\/v2\/product_brand?post=2357"},{"taxonomy":"product_cat","embeddable":true,"href":"https:\/\/marquisdesthes.com\/en\/wp-json\/wp\/v2\/product_cat?post=2357"},{"taxonomy":"product_tag","embeddable":true,"href":"https:\/\/marquisdesthes.com\/en\/wp-json\/wp\/v2\/product_tag?post=2357"}],"curies":[{"name":"wp","href":"https:\/\/api.w.org\/{rel}","templated":true}]}}