{"id":2358,"date":"2022-07-31T14:51:49","date_gmt":"2022-07-31T12:51:49","guid":{"rendered":"https:\/\/marquisdesthes.fr\/?post_type=product&#038;p=2358"},"modified":"2026-04-04T19:40:51","modified_gmt":"2026-04-04T17:40:51","slug":"infusion-marie-rose","status":"publish","type":"product","link":"https:\/\/marquisdesthes.com\/en\/product\/infusion-marie-rose\/","title":{"rendered":"MARIE"},"content":{"rendered":"<p><span style=\"font-weight: 400;\">L\u2019infusion Marie, une infusion \u00e0 la rose pour la premi\u00e8re femme qui a \u00e9t\u00e9 admise au Panth\u00e9on. Le marquis parle ici de <a href=\"https:\/\/fr.wikipedia.org\/wiki\/Marie_Curie\" target=\"_blank\" rel=\"noopener\">Marie Curie<\/a>, cette femme scientifique qui a su se faire une place dans un monde d\u2019homme \u00e0 une \u00e9poque d\u2019homme.<\/span><\/p>\n<p><span style=\"font-weight: 400;\">Le marquis souhaite rappeler cette c\u00e9l\u00e8bre phrase de Marie lorsqu\u2019un journaliste lui demande : \u00ab Qu&rsquo;est-ce que cela fait d&rsquo;\u00e9pouser un g\u00e9nie ? \u00bb, Marie r\u00e9pond : \u00ab Allez donc demander \u00e0 mon mari \u00bb. \u270a<\/span><\/p>","protected":false},"excerpt":{"rendered":"<p>Pomme*, cynorrhodon*, hibiscus*, baie de sureau*, \u00e9corces d&rsquo;orange* et <span style=\"font-size: 16px; font-style: normal; font-weight: 400;\">ar\u00f4me naturel de<\/span><span style=\"font-size: 16px;\"> p\u00e9tales de rose* (4%).<\/span><\/p>\n<p>* Produits issus de l\u2018agriculture biologique<\/p>","protected":false},"featured_media":2425,"template":"","meta":{"_acf_changed":false,"site-sidebar-layout":"default","site-content-layout":"default","ast-site-content-layout":"default","site-content-style":"default","site-sidebar-style":"default","ast-global-header-display":"","ast-banner-title-visibility":"","ast-main-header-display":"","ast-hfb-above-header-display":"","ast-hfb-below-header-display":"","ast-hfb-mobile-header-display":"","site-post-title":"","ast-breadcrumbs-content":"","ast-featured-img":"","footer-sml-layout":"","ast-disable-related-posts":"","theme-transparent-header-meta":"default","adv-header-id-meta":"","stick-header-meta":"default","header-above-stick-meta":"","header-main-stick-meta":"","header-below-stick-meta":"","astra-migrate-meta-layouts":"set","ast-page-background-enabled":"default","ast-page-background-meta":{"desktop":{"background-color":"","background-image":"","background-repeat":"repeat","background-position":"center center","background-size":"auto","background-attachment":"scroll","background-type":"","background-media":"","overlay-type":"","overlay-color":"","overlay-opacity":"","overlay-gradient":""},"tablet":{"background-color":"","background-image":"","background-repeat":"repeat","background-position":"center center","background-size":"auto","background-attachment":"scroll","background-type":"","background-media":"","overlay-type":"","overlay-color":"","overlay-opacity":"","overlay-gradient":""},"mobile":{"background-color":"","background-image":"","background-repeat":"repeat","background-position":"center center","background-size":"auto","background-attachment":"scroll","background-type":"","background-media":"","overlay-type":"","overlay-color":"","overlay-opacity":"","overlay-gradient":""}},"ast-content-background-meta":{"desktop":{"background-color":"var(--ast-global-color-5)","background-image":"","background-repeat":"repeat","background-position":"center center","background-size":"auto","background-attachment":"scroll","background-type":"","background-media":"","overlay-type":"","overlay-color":"","overlay-opacity":"","overlay-gradient":""},"tablet":{"background-color":"var(--ast-global-color-5)","background-image":"","background-repeat":"repeat","background-position":"center center","background-size":"auto","background-attachment":"scroll","background-type":"","background-media":"","overlay-type":"","overlay-color":"","overlay-opacity":"","overlay-gradient":""},"mobile":{"background-color":"var(--ast-global-color-5)","background-image":"","background-repeat":"repeat","background-position":"center center","background-size":"auto","background-attachment":"scroll","background-type":"","background-media":"","overlay-type":"","overlay-color":"","overlay-opacity":"","overlay-gradient":""}}},"product_brand":[],"product_cat":[77,59,78],"product_tag":[138],"class_list":{"0":"post-2358","1":"product","2":"type-product","3":"status-publish","4":"has-post-thumbnail","6":"product_cat-infusions","7":"product_cat-thes-rose","8":"product_cat-tisanes","9":"product_tag-infusions","10":"desktop-align-center","11":"tablet-align-center","12":"mobile-align-center","13":"ast-product-gallery-layout-horizontal-slider","14":"ast-product-gallery-with-no-image","15":"ast-magnify-disabled","16":"ast-product-tabs-layout-horizontal","18":"first","19":"instock","20":"taxable","21":"shipping-taxable","22":"purchasable","23":"product-type-simple"},"acf":[],"yoast_head":"<!-- This site is optimized with the Yoast SEO plugin v27.5 - https:\/\/yoast.com\/product\/yoast-seo-wordpress\/ -->\n<title>MARIE - Infusion \u00e0 la Rose<\/title>\n<meta name=\"description\" content=\"L&#039;infusion MARIE \u00e0 la Rose rend hommage \u00e0 la c\u00e9l\u00e8bre physicienne et chimiste Marie Curie la premi\u00e8re femme qui a \u00e9t\u00e9 admise au Panth\u00e9on.\" \/>\n<meta name=\"robots\" content=\"index, follow, max-snippet:-1, max-image-preview:large, max-video-preview:-1\" \/>\n<link rel=\"canonical\" href=\"https:\/\/marquisdesthes.com\/en\/product\/infusion-marie-rose\/\" \/>\n<meta property=\"og:locale\" content=\"en_US\" \/>\n<meta property=\"og:type\" content=\"article\" \/>\n<meta property=\"og:title\" content=\"MARIE - Infusion \u00e0 la Rose\" \/>\n<meta property=\"og:description\" content=\"L&#039;infusion MARIE \u00e0 la Rose rend hommage \u00e0 la c\u00e9l\u00e8bre physicienne et chimiste Marie Curie la premi\u00e8re femme qui a \u00e9t\u00e9 admise au Panth\u00e9on.\" \/>\n<meta property=\"og:url\" content=\"https:\/\/marquisdesthes.com\/en\/product\/infusion-marie-rose\/\" \/>\n<meta property=\"og:site_name\" content=\"Marquis des th\u00e9s\" \/>\n<meta property=\"article:modified_time\" content=\"2026-04-04T17:40:51+00:00\" \/>\n<meta property=\"og:image\" content=\"https:\/\/marquisdesthes.com\/wp-content\/uploads\/2022\/08\/Infusion-Marie-Rose-Marquis-des-thes.jpg\" \/>\n\t<meta property=\"og:image:width\" content=\"800\" \/>\n\t<meta property=\"og:image:height\" content=\"800\" \/>\n\t<meta property=\"og:image:type\" content=\"image\/jpeg\" \/>\n<meta name=\"twitter:card\" content=\"summary_large_image\" \/>\n<meta name=\"twitter:label1\" content=\"Est. reading time\" \/>\n\t<meta name=\"twitter:data1\" content=\"1 minute\" \/>\n<script type=\"application\/ld+json\" class=\"yoast-schema-graph\">{\"@context\":\"https:\\\/\\\/schema.org\",\"@graph\":[{\"@type\":\"WebPage\",\"@id\":\"https:\\\/\\\/marquisdesthes.com\\\/produit\\\/infusion-marie-rose\\\/\",\"url\":\"https:\\\/\\\/marquisdesthes.com\\\/produit\\\/infusion-marie-rose\\\/\",\"name\":\"MARIE - Infusion \u00e0 la Rose\",\"isPartOf\":{\"@id\":\"https:\\\/\\\/marquisdesthes.com\\\/#website\"},\"primaryImageOfPage\":{\"@id\":\"https:\\\/\\\/marquisdesthes.com\\\/produit\\\/infusion-marie-rose\\\/#primaryimage\"},\"image\":{\"@id\":\"https:\\\/\\\/marquisdesthes.com\\\/produit\\\/infusion-marie-rose\\\/#primaryimage\"},\"thumbnailUrl\":\"https:\\\/\\\/marquisdesthes.com\\\/wp-content\\\/uploads\\\/2022\\\/08\\\/Infusion-Marie-Rose-Marquis-des-thes.jpg\",\"datePublished\":\"2022-07-31T12:51:49+00:00\",\"dateModified\":\"2026-04-04T17:40:51+00:00\",\"description\":\"L'infusion MARIE \u00e0 la Rose rend hommage \u00e0 la c\u00e9l\u00e8bre physicienne et chimiste Marie Curie la premi\u00e8re femme qui a \u00e9t\u00e9 admise au Panth\u00e9on.\",\"breadcrumb\":{\"@id\":\"https:\\\/\\\/marquisdesthes.com\\\/produit\\\/infusion-marie-rose\\\/#breadcrumb\"},\"inLanguage\":\"en-US\",\"potentialAction\":[{\"@type\":\"ReadAction\",\"target\":[\"https:\\\/\\\/marquisdesthes.com\\\/produit\\\/infusion-marie-rose\\\/\"]}]},{\"@type\":\"ImageObject\",\"inLanguage\":\"en-US\",\"@id\":\"https:\\\/\\\/marquisdesthes.com\\\/produit\\\/infusion-marie-rose\\\/#primaryimage\",\"url\":\"https:\\\/\\\/marquisdesthes.com\\\/wp-content\\\/uploads\\\/2022\\\/08\\\/Infusion-Marie-Rose-Marquis-des-thes.jpg\",\"contentUrl\":\"https:\\\/\\\/marquisdesthes.com\\\/wp-content\\\/uploads\\\/2022\\\/08\\\/Infusion-Marie-Rose-Marquis-des-thes.jpg\",\"width\":800,\"height\":800,\"caption\":\"Infusion Marie Rose Marquis des th\u00e9s\"},{\"@type\":\"BreadcrumbList\",\"@id\":\"https:\\\/\\\/marquisdesthes.com\\\/produit\\\/infusion-marie-rose\\\/#breadcrumb\",\"itemListElement\":[{\"@type\":\"ListItem\",\"position\":1,\"name\":\"Accueil\",\"item\":\"https:\\\/\\\/marquisdesthes.com\\\/\"},{\"@type\":\"ListItem\",\"position\":2,\"name\":\"Boutique\",\"item\":\"https:\\\/\\\/marquisdesthes.com\\\/boutique\\\/\"},{\"@type\":\"ListItem\",\"position\":3,\"name\":\"MARIE\"}]},{\"@type\":\"WebSite\",\"@id\":\"https:\\\/\\\/marquisdesthes.com\\\/#website\",\"url\":\"https:\\\/\\\/marquisdesthes.com\\\/\",\"name\":\"Marquis des th\u00e9s\",\"description\":\"\",\"publisher\":{\"@id\":\"https:\\\/\\\/marquisdesthes.com\\\/#organization\"},\"potentialAction\":[{\"@type\":\"SearchAction\",\"target\":{\"@type\":\"EntryPoint\",\"urlTemplate\":\"https:\\\/\\\/marquisdesthes.com\\\/?s={search_term_string}\"},\"query-input\":{\"@type\":\"PropertyValueSpecification\",\"valueRequired\":true,\"valueName\":\"search_term_string\"}}],\"inLanguage\":\"en-US\"},{\"@type\":\"Organization\",\"@id\":\"https:\\\/\\\/marquisdesthes.com\\\/#organization\",\"name\":\"Marquis des th\u00e9s\",\"url\":\"https:\\\/\\\/marquisdesthes.com\\\/\",\"logo\":{\"@type\":\"ImageObject\",\"inLanguage\":\"en-US\",\"@id\":\"https:\\\/\\\/marquisdesthes.com\\\/#\\\/schema\\\/logo\\\/image\\\/\",\"url\":\"https:\\\/\\\/marquisdesthes.com\\\/wp-content\\\/uploads\\\/2022\\\/06\\\/Logo-site-web-marquis-des-thes-e1667926864494.png\",\"contentUrl\":\"https:\\\/\\\/marquisdesthes.com\\\/wp-content\\\/uploads\\\/2022\\\/06\\\/Logo-site-web-marquis-des-thes-e1667926864494.png\",\"width\":744,\"height\":279,\"caption\":\"Marquis des th\u00e9s\"},\"image\":{\"@id\":\"https:\\\/\\\/marquisdesthes.com\\\/#\\\/schema\\\/logo\\\/image\\\/\"},\"sameAs\":[\"https:\\\/\\\/www.instagram.com\\\/marquisdesthes\\\/\",\"https:\\\/\\\/www.tiktok.com\\\/@marquisdesthes\",\"https:\\\/\\\/www.pinterest.fr\\\/marquisdesthes\\\/\",\"https:\\\/\\\/www.youtube.com\\\/channel\\\/UC903SUajBZcvK-BcncSHcJg\"]}]}<\/script>\n<!-- \/ Yoast SEO plugin. -->","yoast_head_json":{"title":"MARIE - Infusion \u00e0 la Rose","description":"L'infusion MARIE \u00e0 la Rose rend hommage \u00e0 la c\u00e9l\u00e8bre physicienne et chimiste Marie Curie la premi\u00e8re femme qui a \u00e9t\u00e9 admise au Panth\u00e9on.","robots":{"index":"index","follow":"follow","max-snippet":"max-snippet:-1","max-image-preview":"max-image-preview:large","max-video-preview":"max-video-preview:-1"},"canonical":"https:\/\/marquisdesthes.com\/en\/product\/infusion-marie-rose\/","og_locale":"en_US","og_type":"article","og_title":"MARIE - Infusion \u00e0 la Rose","og_description":"L'infusion MARIE \u00e0 la Rose rend hommage \u00e0 la c\u00e9l\u00e8bre physicienne et chimiste Marie Curie la premi\u00e8re femme qui a \u00e9t\u00e9 admise au Panth\u00e9on.","og_url":"https:\/\/marquisdesthes.com\/en\/product\/infusion-marie-rose\/","og_site_name":"Marquis des th\u00e9s","article_modified_time":"2026-04-04T17:40:51+00:00","og_image":[{"width":800,"height":800,"url":"https:\/\/marquisdesthes.com\/wp-content\/uploads\/2022\/08\/Infusion-Marie-Rose-Marquis-des-thes.jpg","type":"image\/jpeg"}],"twitter_card":"summary_large_image","twitter_misc":{"Est. reading time":"1 minute"},"schema":{"@context":"https:\/\/schema.org","@graph":[{"@type":"WebPage","@id":"https:\/\/marquisdesthes.com\/produit\/infusion-marie-rose\/","url":"https:\/\/marquisdesthes.com\/produit\/infusion-marie-rose\/","name":"MARIE - Infusion \u00e0 la Rose","isPartOf":{"@id":"https:\/\/marquisdesthes.com\/#website"},"primaryImageOfPage":{"@id":"https:\/\/marquisdesthes.com\/produit\/infusion-marie-rose\/#primaryimage"},"image":{"@id":"https:\/\/marquisdesthes.com\/produit\/infusion-marie-rose\/#primaryimage"},"thumbnailUrl":"https:\/\/marquisdesthes.com\/wp-content\/uploads\/2022\/08\/Infusion-Marie-Rose-Marquis-des-thes.jpg","datePublished":"2022-07-31T12:51:49+00:00","dateModified":"2026-04-04T17:40:51+00:00","description":"L'infusion MARIE \u00e0 la Rose rend hommage \u00e0 la c\u00e9l\u00e8bre physicienne et chimiste Marie Curie la premi\u00e8re femme qui a \u00e9t\u00e9 admise au Panth\u00e9on.","breadcrumb":{"@id":"https:\/\/marquisdesthes.com\/produit\/infusion-marie-rose\/#breadcrumb"},"inLanguage":"en-US","potentialAction":[{"@type":"ReadAction","target":["https:\/\/marquisdesthes.com\/produit\/infusion-marie-rose\/"]}]},{"@type":"ImageObject","inLanguage":"en-US","@id":"https:\/\/marquisdesthes.com\/produit\/infusion-marie-rose\/#primaryimage","url":"https:\/\/marquisdesthes.com\/wp-content\/uploads\/2022\/08\/Infusion-Marie-Rose-Marquis-des-thes.jpg","contentUrl":"https:\/\/marquisdesthes.com\/wp-content\/uploads\/2022\/08\/Infusion-Marie-Rose-Marquis-des-thes.jpg","width":800,"height":800,"caption":"Infusion Marie Rose Marquis des th\u00e9s"},{"@type":"BreadcrumbList","@id":"https:\/\/marquisdesthes.com\/produit\/infusion-marie-rose\/#breadcrumb","itemListElement":[{"@type":"ListItem","position":1,"name":"Accueil","item":"https:\/\/marquisdesthes.com\/"},{"@type":"ListItem","position":2,"name":"Boutique","item":"https:\/\/marquisdesthes.com\/boutique\/"},{"@type":"ListItem","position":3,"name":"MARIE"}]},{"@type":"WebSite","@id":"https:\/\/marquisdesthes.com\/#website","url":"https:\/\/marquisdesthes.com\/","name":"Marquis des th\u00e9s","description":"","publisher":{"@id":"https:\/\/marquisdesthes.com\/#organization"},"potentialAction":[{"@type":"SearchAction","target":{"@type":"EntryPoint","urlTemplate":"https:\/\/marquisdesthes.com\/?s={search_term_string}"},"query-input":{"@type":"PropertyValueSpecification","valueRequired":true,"valueName":"search_term_string"}}],"inLanguage":"en-US"},{"@type":"Organization","@id":"https:\/\/marquisdesthes.com\/#organization","name":"Marquis des th\u00e9s","url":"https:\/\/marquisdesthes.com\/","logo":{"@type":"ImageObject","inLanguage":"en-US","@id":"https:\/\/marquisdesthes.com\/#\/schema\/logo\/image\/","url":"https:\/\/marquisdesthes.com\/wp-content\/uploads\/2022\/06\/Logo-site-web-marquis-des-thes-e1667926864494.png","contentUrl":"https:\/\/marquisdesthes.com\/wp-content\/uploads\/2022\/06\/Logo-site-web-marquis-des-thes-e1667926864494.png","width":744,"height":279,"caption":"Marquis des th\u00e9s"},"image":{"@id":"https:\/\/marquisdesthes.com\/#\/schema\/logo\/image\/"},"sameAs":["https:\/\/www.instagram.com\/marquisdesthes\/","https:\/\/www.tiktok.com\/@marquisdesthes","https:\/\/www.pinterest.fr\/marquisdesthes\/","https:\/\/www.youtube.com\/channel\/UC903SUajBZcvK-BcncSHcJg"]}]}},"_links":{"self":[{"href":"https:\/\/marquisdesthes.com\/en\/wp-json\/wp\/v2\/product\/2358","targetHints":{"allow":["GET"]}}],"collection":[{"href":"https:\/\/marquisdesthes.com\/en\/wp-json\/wp\/v2\/product"}],"about":[{"href":"https:\/\/marquisdesthes.com\/en\/wp-json\/wp\/v2\/types\/product"}],"version-history":[{"count":2,"href":"https:\/\/marquisdesthes.com\/en\/wp-json\/wp\/v2\/product\/2358\/revisions"}],"predecessor-version":[{"id":4751,"href":"https:\/\/marquisdesthes.com\/en\/wp-json\/wp\/v2\/product\/2358\/revisions\/4751"}],"wp:featuredmedia":[{"embeddable":true,"href":"https:\/\/marquisdesthes.com\/en\/wp-json\/wp\/v2\/media\/2425"}],"wp:attachment":[{"href":"https:\/\/marquisdesthes.com\/en\/wp-json\/wp\/v2\/media?parent=2358"}],"wp:term":[{"taxonomy":"product_brand","embeddable":true,"href":"https:\/\/marquisdesthes.com\/en\/wp-json\/wp\/v2\/product_brand?post=2358"},{"taxonomy":"product_cat","embeddable":true,"href":"https:\/\/marquisdesthes.com\/en\/wp-json\/wp\/v2\/product_cat?post=2358"},{"taxonomy":"product_tag","embeddable":true,"href":"https:\/\/marquisdesthes.com\/en\/wp-json\/wp\/v2\/product_tag?post=2358"}],"curies":[{"name":"wp","href":"https:\/\/api.w.org\/{rel}","templated":true}]}}