{"id":2360,"date":"2022-07-31T15:07:18","date_gmt":"2022-07-31T13:07:18","guid":{"rendered":"https:\/\/marquisdesthes.fr\/?post_type=product&#038;p=2360"},"modified":"2026-04-04T19:40:26","modified_gmt":"2026-04-04T17:40:26","slug":"rooibos-charlotte-fleur-de-cerisier","status":"publish","type":"product","link":"https:\/\/marquisdesthes.com\/en\/product\/rooibos-charlotte-fleur-de-cerisier\/","title":{"rendered":"CHARLOTTE"},"content":{"rendered":"<p><span style=\"font-weight: 400;\">Le rooibos \u00e0 la fleur de cerisier, lors de sa d\u00e9gustation, le marquis vous assure que le Rooibos Charlotte ne vous laissera pas indiff\u00e9rent. \ud83c\udfbe<\/span><\/p>\n<p><span style=\"font-weight: 400;\">Cette infusion sans th\u00e9ine pr\u00e9nomm\u00e9e Charlotte, rend hommage \u00e0 <a href=\"https:\/\/fr.wikipedia.org\/wiki\/Charlotte_Cooper\" target=\"_blank\" rel=\"noopener\">Charlotte Cooper<\/a>.<\/span><\/p>\n<p><span style=\"font-weight: 400;\">En 1900, elle a marqu\u00e9 l\u2019histoire \u00e0 coup de raquette, en devenant la premi\u00e8re femme \u00e0 remporter une m\u00e9daille d\u2019or aux Jeux Olympiques. \ud83e\udd47<\/span><\/p>\n<p><span style=\"font-weight: 400;\">Le marquis ne peut que ressentir la fiert\u00e9 de Charlotte en tant que sportive de haut niveau, mais \u00e9galement en tant que femme. \u270a<\/span><\/p>","protected":false},"excerpt":{"rendered":"<p>Rooibos rouge*, Honeybush*, Rooibos vert*, <span style=\"font-size: 16px; font-style: normal; font-weight: 400;\">p\u00e9tales de rose*<\/span><span style=\"font-size: 16px;\"> et ar\u00f4me naturel de fleur de cerisier. <\/span>* Produits issus de l\u2018agriculture biologique<\/p>","protected":false},"featured_media":2426,"template":"","meta":{"_acf_changed":false,"site-sidebar-layout":"default","site-content-layout":"default","ast-site-content-layout":"default","site-content-style":"default","site-sidebar-style":"default","ast-global-header-display":"","ast-banner-title-visibility":"","ast-main-header-display":"","ast-hfb-above-header-display":"","ast-hfb-below-header-display":"","ast-hfb-mobile-header-display":"","site-post-title":"","ast-breadcrumbs-content":"","ast-featured-img":"","footer-sml-layout":"","ast-disable-related-posts":"","theme-transparent-header-meta":"default","adv-header-id-meta":"","stick-header-meta":"default","header-above-stick-meta":"","header-main-stick-meta":"","header-below-stick-meta":"","astra-migrate-meta-layouts":"set","ast-page-background-enabled":"default","ast-page-background-meta":{"desktop":{"background-color":"","background-image":"","background-repeat":"repeat","background-position":"center center","background-size":"auto","background-attachment":"scroll","background-type":"","background-media":"","overlay-type":"","overlay-color":"","overlay-opacity":"","overlay-gradient":""},"tablet":{"background-color":"","background-image":"","background-repeat":"repeat","background-position":"center center","background-size":"auto","background-attachment":"scroll","background-type":"","background-media":"","overlay-type":"","overlay-color":"","overlay-opacity":"","overlay-gradient":""},"mobile":{"background-color":"","background-image":"","background-repeat":"repeat","background-position":"center center","background-size":"auto","background-attachment":"scroll","background-type":"","background-media":"","overlay-type":"","overlay-color":"","overlay-opacity":"","overlay-gradient":""}},"ast-content-background-meta":{"desktop":{"background-color":"var(--ast-global-color-5)","background-image":"","background-repeat":"repeat","background-position":"center center","background-size":"auto","background-attachment":"scroll","background-type":"","background-media":"","overlay-type":"","overlay-color":"","overlay-opacity":"","overlay-gradient":""},"tablet":{"background-color":"var(--ast-global-color-5)","background-image":"","background-repeat":"repeat","background-position":"center center","background-size":"auto","background-attachment":"scroll","background-type":"","background-media":"","overlay-type":"","overlay-color":"","overlay-opacity":"","overlay-gradient":""},"mobile":{"background-color":"var(--ast-global-color-5)","background-image":"","background-repeat":"repeat","background-position":"center center","background-size":"auto","background-attachment":"scroll","background-type":"","background-media":"","overlay-type":"","overlay-color":"","overlay-opacity":"","overlay-gradient":""}}},"product_brand":[],"product_cat":[76,75,59,78],"product_tag":[139],"class_list":{"0":"post-2360","1":"product","2":"type-product","3":"status-publish","4":"has-post-thumbnail","6":"product_cat-fleur-de-cerisier","7":"product_cat-rooibos","8":"product_cat-thes-rose","9":"product_cat-tisanes","10":"product_tag-rooibos","11":"desktop-align-center","12":"tablet-align-center","13":"mobile-align-center","14":"ast-product-gallery-layout-horizontal-slider","15":"ast-product-gallery-with-no-image","16":"ast-magnify-disabled","17":"ast-product-tabs-layout-horizontal","19":"first","20":"instock","21":"taxable","22":"shipping-taxable","23":"purchasable","24":"product-type-simple"},"acf":[],"yoast_head":"<!-- This site is optimized with the Yoast SEO plugin v27.5 - https:\/\/yoast.com\/product\/yoast-seo-wordpress\/ -->\n<title>CHARLOTTE - Rooibos fleur de cerisier<\/title>\n<meta name=\"description\" content=\"Le rooibos CHARLOTTE Fleur de Cerisier rend hommage \u00e0 Charlotte Cooper la premi\u00e8re femme \u00e0 remporter une m\u00e9daille d\u2019or aux Jeux Olympiques.\" \/>\n<meta name=\"robots\" content=\"index, follow, max-snippet:-1, max-image-preview:large, max-video-preview:-1\" \/>\n<link rel=\"canonical\" href=\"https:\/\/marquisdesthes.com\/en\/product\/rooibos-charlotte-fleur-de-cerisier\/\" \/>\n<meta property=\"og:locale\" content=\"en_US\" \/>\n<meta property=\"og:type\" content=\"article\" \/>\n<meta property=\"og:title\" content=\"CHARLOTTE - Rooibos fleur de cerisier\" \/>\n<meta property=\"og:description\" content=\"Le rooibos CHARLOTTE Fleur de Cerisier rend hommage \u00e0 Charlotte Cooper la premi\u00e8re femme \u00e0 remporter une m\u00e9daille d\u2019or aux Jeux Olympiques.\" \/>\n<meta property=\"og:url\" content=\"https:\/\/marquisdesthes.com\/en\/product\/rooibos-charlotte-fleur-de-cerisier\/\" \/>\n<meta property=\"og:site_name\" content=\"Marquis des th\u00e9s\" \/>\n<meta property=\"article:modified_time\" content=\"2026-04-04T17:40:26+00:00\" \/>\n<meta property=\"og:image\" content=\"https:\/\/marquisdesthes.com\/wp-content\/uploads\/2022\/08\/Rooibos-Charlotte-Fleur-de-cerisier-Marquis-des-thes.jpg\" \/>\n\t<meta property=\"og:image:width\" content=\"800\" \/>\n\t<meta property=\"og:image:height\" content=\"800\" \/>\n\t<meta property=\"og:image:type\" content=\"image\/jpeg\" \/>\n<meta name=\"twitter:card\" content=\"summary_large_image\" \/>\n<meta name=\"twitter:label1\" content=\"Est. reading time\" \/>\n\t<meta name=\"twitter:data1\" content=\"1 minute\" \/>\n<script type=\"application\/ld+json\" class=\"yoast-schema-graph\">{\"@context\":\"https:\\\/\\\/schema.org\",\"@graph\":[{\"@type\":\"WebPage\",\"@id\":\"https:\\\/\\\/marquisdesthes.com\\\/produit\\\/rooibos-charlotte-fleur-de-cerisier\\\/\",\"url\":\"https:\\\/\\\/marquisdesthes.com\\\/produit\\\/rooibos-charlotte-fleur-de-cerisier\\\/\",\"name\":\"CHARLOTTE - Rooibos fleur de cerisier\",\"isPartOf\":{\"@id\":\"https:\\\/\\\/marquisdesthes.com\\\/#website\"},\"primaryImageOfPage\":{\"@id\":\"https:\\\/\\\/marquisdesthes.com\\\/produit\\\/rooibos-charlotte-fleur-de-cerisier\\\/#primaryimage\"},\"image\":{\"@id\":\"https:\\\/\\\/marquisdesthes.com\\\/produit\\\/rooibos-charlotte-fleur-de-cerisier\\\/#primaryimage\"},\"thumbnailUrl\":\"https:\\\/\\\/marquisdesthes.com\\\/wp-content\\\/uploads\\\/2022\\\/08\\\/Rooibos-Charlotte-Fleur-de-cerisier-Marquis-des-thes.jpg\",\"datePublished\":\"2022-07-31T13:07:18+00:00\",\"dateModified\":\"2026-04-04T17:40:26+00:00\",\"description\":\"Le rooibos CHARLOTTE Fleur de Cerisier rend hommage \u00e0 Charlotte Cooper la premi\u00e8re femme \u00e0 remporter une m\u00e9daille d\u2019or aux Jeux Olympiques.\",\"breadcrumb\":{\"@id\":\"https:\\\/\\\/marquisdesthes.com\\\/produit\\\/rooibos-charlotte-fleur-de-cerisier\\\/#breadcrumb\"},\"inLanguage\":\"en-US\",\"potentialAction\":[{\"@type\":\"ReadAction\",\"target\":[\"https:\\\/\\\/marquisdesthes.com\\\/produit\\\/rooibos-charlotte-fleur-de-cerisier\\\/\"]}]},{\"@type\":\"ImageObject\",\"inLanguage\":\"en-US\",\"@id\":\"https:\\\/\\\/marquisdesthes.com\\\/produit\\\/rooibos-charlotte-fleur-de-cerisier\\\/#primaryimage\",\"url\":\"https:\\\/\\\/marquisdesthes.com\\\/wp-content\\\/uploads\\\/2022\\\/08\\\/Rooibos-Charlotte-Fleur-de-cerisier-Marquis-des-thes.jpg\",\"contentUrl\":\"https:\\\/\\\/marquisdesthes.com\\\/wp-content\\\/uploads\\\/2022\\\/08\\\/Rooibos-Charlotte-Fleur-de-cerisier-Marquis-des-thes.jpg\",\"width\":800,\"height\":800,\"caption\":\"Rooibos Charlotte Fleur de cerisier Marquis des th\u00e9s\"},{\"@type\":\"BreadcrumbList\",\"@id\":\"https:\\\/\\\/marquisdesthes.com\\\/produit\\\/rooibos-charlotte-fleur-de-cerisier\\\/#breadcrumb\",\"itemListElement\":[{\"@type\":\"ListItem\",\"position\":1,\"name\":\"Accueil\",\"item\":\"https:\\\/\\\/marquisdesthes.com\\\/\"},{\"@type\":\"ListItem\",\"position\":2,\"name\":\"Boutique\",\"item\":\"https:\\\/\\\/marquisdesthes.com\\\/boutique\\\/\"},{\"@type\":\"ListItem\",\"position\":3,\"name\":\"CHARLOTTE\"}]},{\"@type\":\"WebSite\",\"@id\":\"https:\\\/\\\/marquisdesthes.com\\\/#website\",\"url\":\"https:\\\/\\\/marquisdesthes.com\\\/\",\"name\":\"Marquis des th\u00e9s\",\"description\":\"\",\"publisher\":{\"@id\":\"https:\\\/\\\/marquisdesthes.com\\\/#organization\"},\"potentialAction\":[{\"@type\":\"SearchAction\",\"target\":{\"@type\":\"EntryPoint\",\"urlTemplate\":\"https:\\\/\\\/marquisdesthes.com\\\/?s={search_term_string}\"},\"query-input\":{\"@type\":\"PropertyValueSpecification\",\"valueRequired\":true,\"valueName\":\"search_term_string\"}}],\"inLanguage\":\"en-US\"},{\"@type\":\"Organization\",\"@id\":\"https:\\\/\\\/marquisdesthes.com\\\/#organization\",\"name\":\"Marquis des th\u00e9s\",\"url\":\"https:\\\/\\\/marquisdesthes.com\\\/\",\"logo\":{\"@type\":\"ImageObject\",\"inLanguage\":\"en-US\",\"@id\":\"https:\\\/\\\/marquisdesthes.com\\\/#\\\/schema\\\/logo\\\/image\\\/\",\"url\":\"https:\\\/\\\/marquisdesthes.com\\\/wp-content\\\/uploads\\\/2022\\\/06\\\/Logo-site-web-marquis-des-thes-e1667926864494.png\",\"contentUrl\":\"https:\\\/\\\/marquisdesthes.com\\\/wp-content\\\/uploads\\\/2022\\\/06\\\/Logo-site-web-marquis-des-thes-e1667926864494.png\",\"width\":744,\"height\":279,\"caption\":\"Marquis des th\u00e9s\"},\"image\":{\"@id\":\"https:\\\/\\\/marquisdesthes.com\\\/#\\\/schema\\\/logo\\\/image\\\/\"},\"sameAs\":[\"https:\\\/\\\/www.instagram.com\\\/marquisdesthes\\\/\",\"https:\\\/\\\/www.tiktok.com\\\/@marquisdesthes\",\"https:\\\/\\\/www.pinterest.fr\\\/marquisdesthes\\\/\",\"https:\\\/\\\/www.youtube.com\\\/channel\\\/UC903SUajBZcvK-BcncSHcJg\"]}]}<\/script>\n<!-- \/ Yoast SEO plugin. -->","yoast_head_json":{"title":"CHARLOTTE - Rooibos fleur de cerisier","description":"Le rooibos CHARLOTTE Fleur de Cerisier rend hommage \u00e0 Charlotte Cooper la premi\u00e8re femme \u00e0 remporter une m\u00e9daille d\u2019or aux Jeux Olympiques.","robots":{"index":"index","follow":"follow","max-snippet":"max-snippet:-1","max-image-preview":"max-image-preview:large","max-video-preview":"max-video-preview:-1"},"canonical":"https:\/\/marquisdesthes.com\/en\/product\/rooibos-charlotte-fleur-de-cerisier\/","og_locale":"en_US","og_type":"article","og_title":"CHARLOTTE - Rooibos fleur de cerisier","og_description":"Le rooibos CHARLOTTE Fleur de Cerisier rend hommage \u00e0 Charlotte Cooper la premi\u00e8re femme \u00e0 remporter une m\u00e9daille d\u2019or aux Jeux Olympiques.","og_url":"https:\/\/marquisdesthes.com\/en\/product\/rooibos-charlotte-fleur-de-cerisier\/","og_site_name":"Marquis des th\u00e9s","article_modified_time":"2026-04-04T17:40:26+00:00","og_image":[{"width":800,"height":800,"url":"https:\/\/marquisdesthes.com\/wp-content\/uploads\/2022\/08\/Rooibos-Charlotte-Fleur-de-cerisier-Marquis-des-thes.jpg","type":"image\/jpeg"}],"twitter_card":"summary_large_image","twitter_misc":{"Est. reading time":"1 minute"},"schema":{"@context":"https:\/\/schema.org","@graph":[{"@type":"WebPage","@id":"https:\/\/marquisdesthes.com\/produit\/rooibos-charlotte-fleur-de-cerisier\/","url":"https:\/\/marquisdesthes.com\/produit\/rooibos-charlotte-fleur-de-cerisier\/","name":"CHARLOTTE - Rooibos fleur de cerisier","isPartOf":{"@id":"https:\/\/marquisdesthes.com\/#website"},"primaryImageOfPage":{"@id":"https:\/\/marquisdesthes.com\/produit\/rooibos-charlotte-fleur-de-cerisier\/#primaryimage"},"image":{"@id":"https:\/\/marquisdesthes.com\/produit\/rooibos-charlotte-fleur-de-cerisier\/#primaryimage"},"thumbnailUrl":"https:\/\/marquisdesthes.com\/wp-content\/uploads\/2022\/08\/Rooibos-Charlotte-Fleur-de-cerisier-Marquis-des-thes.jpg","datePublished":"2022-07-31T13:07:18+00:00","dateModified":"2026-04-04T17:40:26+00:00","description":"Le rooibos CHARLOTTE Fleur de Cerisier rend hommage \u00e0 Charlotte Cooper la premi\u00e8re femme \u00e0 remporter une m\u00e9daille d\u2019or aux Jeux Olympiques.","breadcrumb":{"@id":"https:\/\/marquisdesthes.com\/produit\/rooibos-charlotte-fleur-de-cerisier\/#breadcrumb"},"inLanguage":"en-US","potentialAction":[{"@type":"ReadAction","target":["https:\/\/marquisdesthes.com\/produit\/rooibos-charlotte-fleur-de-cerisier\/"]}]},{"@type":"ImageObject","inLanguage":"en-US","@id":"https:\/\/marquisdesthes.com\/produit\/rooibos-charlotte-fleur-de-cerisier\/#primaryimage","url":"https:\/\/marquisdesthes.com\/wp-content\/uploads\/2022\/08\/Rooibos-Charlotte-Fleur-de-cerisier-Marquis-des-thes.jpg","contentUrl":"https:\/\/marquisdesthes.com\/wp-content\/uploads\/2022\/08\/Rooibos-Charlotte-Fleur-de-cerisier-Marquis-des-thes.jpg","width":800,"height":800,"caption":"Rooibos Charlotte Fleur de cerisier Marquis des th\u00e9s"},{"@type":"BreadcrumbList","@id":"https:\/\/marquisdesthes.com\/produit\/rooibos-charlotte-fleur-de-cerisier\/#breadcrumb","itemListElement":[{"@type":"ListItem","position":1,"name":"Accueil","item":"https:\/\/marquisdesthes.com\/"},{"@type":"ListItem","position":2,"name":"Boutique","item":"https:\/\/marquisdesthes.com\/boutique\/"},{"@type":"ListItem","position":3,"name":"CHARLOTTE"}]},{"@type":"WebSite","@id":"https:\/\/marquisdesthes.com\/#website","url":"https:\/\/marquisdesthes.com\/","name":"Marquis des th\u00e9s","description":"","publisher":{"@id":"https:\/\/marquisdesthes.com\/#organization"},"potentialAction":[{"@type":"SearchAction","target":{"@type":"EntryPoint","urlTemplate":"https:\/\/marquisdesthes.com\/?s={search_term_string}"},"query-input":{"@type":"PropertyValueSpecification","valueRequired":true,"valueName":"search_term_string"}}],"inLanguage":"en-US"},{"@type":"Organization","@id":"https:\/\/marquisdesthes.com\/#organization","name":"Marquis des th\u00e9s","url":"https:\/\/marquisdesthes.com\/","logo":{"@type":"ImageObject","inLanguage":"en-US","@id":"https:\/\/marquisdesthes.com\/#\/schema\/logo\/image\/","url":"https:\/\/marquisdesthes.com\/wp-content\/uploads\/2022\/06\/Logo-site-web-marquis-des-thes-e1667926864494.png","contentUrl":"https:\/\/marquisdesthes.com\/wp-content\/uploads\/2022\/06\/Logo-site-web-marquis-des-thes-e1667926864494.png","width":744,"height":279,"caption":"Marquis des th\u00e9s"},"image":{"@id":"https:\/\/marquisdesthes.com\/#\/schema\/logo\/image\/"},"sameAs":["https:\/\/www.instagram.com\/marquisdesthes\/","https:\/\/www.tiktok.com\/@marquisdesthes","https:\/\/www.pinterest.fr\/marquisdesthes\/","https:\/\/www.youtube.com\/channel\/UC903SUajBZcvK-BcncSHcJg"]}]}},"_links":{"self":[{"href":"https:\/\/marquisdesthes.com\/en\/wp-json\/wp\/v2\/product\/2360","targetHints":{"allow":["GET"]}}],"collection":[{"href":"https:\/\/marquisdesthes.com\/en\/wp-json\/wp\/v2\/product"}],"about":[{"href":"https:\/\/marquisdesthes.com\/en\/wp-json\/wp\/v2\/types\/product"}],"version-history":[{"count":2,"href":"https:\/\/marquisdesthes.com\/en\/wp-json\/wp\/v2\/product\/2360\/revisions"}],"predecessor-version":[{"id":4494,"href":"https:\/\/marquisdesthes.com\/en\/wp-json\/wp\/v2\/product\/2360\/revisions\/4494"}],"wp:featuredmedia":[{"embeddable":true,"href":"https:\/\/marquisdesthes.com\/en\/wp-json\/wp\/v2\/media\/2426"}],"wp:attachment":[{"href":"https:\/\/marquisdesthes.com\/en\/wp-json\/wp\/v2\/media?parent=2360"}],"wp:term":[{"taxonomy":"product_brand","embeddable":true,"href":"https:\/\/marquisdesthes.com\/en\/wp-json\/wp\/v2\/product_brand?post=2360"},{"taxonomy":"product_cat","embeddable":true,"href":"https:\/\/marquisdesthes.com\/en\/wp-json\/wp\/v2\/product_cat?post=2360"},{"taxonomy":"product_tag","embeddable":true,"href":"https:\/\/marquisdesthes.com\/en\/wp-json\/wp\/v2\/product_tag?post=2360"}],"curies":[{"name":"wp","href":"https:\/\/api.w.org\/{rel}","templated":true}]}}