{"id":2474,"date":"2022-08-22T14:00:57","date_gmt":"2022-08-22T12:00:57","guid":{"rendered":"https:\/\/marquisdesthes.com\/?post_type=product&#038;p=2474"},"modified":"2026-04-04T19:38:24","modified_gmt":"2026-04-04T17:38:24","slug":"the-blanc-lucie-groseille-framboise-rose","status":"publish","type":"product","link":"https:\/\/marquisdesthes.com\/en\/product\/the-blanc-lucie-groseille-framboise-rose\/","title":{"rendered":"LUCIE"},"content":{"rendered":"<p>Un th\u00e9 blanc rose, groseille, et framboise pour la grande Lucie.<\/p>\n<p>Lucie ? Mais qui est Lucie \ud83e\udd14<\/p>\n<p>Le marquis a voulu ici se rappeler d\u2019une p\u00e9riode sombre de notre histoire : la seconde guerre mondiale, et ce, sans oublier ces hommes et ces femmes qui ont su dire \u00ab non \u00bb. \ud83d\ude45\u200d\u2640\ufe0f<\/p>\n<p>C\u2019est le cas de Lucie Aubrac, une r\u00e9sistante de cette p\u00e9riode pleine d\u2019incertitude.<\/p>\n<p>De l\u2019incertitude, elle n\u2019en a pas eu lorsqu\u2019elle a pris la d\u00e9cision d\u2019organiser la lib\u00e9ration de son mari en 1940, ni lorsqu\u2019elle a particip\u00e9 \u00e0 la cr\u00e9ation et \u00e0 des actions de mouvement de r\u00e9sistances dans le sud-est de notre belle France.<\/p>\n<p>Pour cette femme qui a os\u00e9 r\u00e9sister \u00e0 une \u00e9poque ou \u00e7a aurait pu lui co\u00fbter la vie, et qui n\u2019a pas h\u00e9sit\u00e9 lorsqu\u2019elle a d\u00fb organiser la lib\u00e9ration de son bien aim\u00e9, le marquis a souhait\u00e9 se souvenir. \u2764\ufe0f<\/p>","protected":false},"excerpt":{"rendered":"<p>Th\u00e9 vert China Chun Mee*, th\u00e9 blanc Pai Mu Tan*, th\u00e9 vert China Sencha*, ar\u00f4me naturel de framboise, ar\u00f4me naturel de cassis, p\u00e9tales de rose* (2%), framboise* (2%), aronia*, cassis* (1%). * Issu de l\u2018agriculture biologique<\/p>","protected":false},"featured_media":2469,"template":"","meta":{"_acf_changed":false,"site-sidebar-layout":"default","site-content-layout":"default","ast-site-content-layout":"default","site-content-style":"default","site-sidebar-style":"default","ast-global-header-display":"","ast-banner-title-visibility":"","ast-main-header-display":"","ast-hfb-above-header-display":"","ast-hfb-below-header-display":"","ast-hfb-mobile-header-display":"","site-post-title":"","ast-breadcrumbs-content":"","ast-featured-img":"","footer-sml-layout":"","ast-disable-related-posts":"","theme-transparent-header-meta":"default","adv-header-id-meta":"","stick-header-meta":"default","header-above-stick-meta":"","header-main-stick-meta":"","header-below-stick-meta":"","astra-migrate-meta-layouts":"set","ast-page-background-enabled":"default","ast-page-background-meta":{"desktop":{"background-color":"","background-image":"","background-repeat":"repeat","background-position":"center center","background-size":"auto","background-attachment":"scroll","background-type":"","background-media":"","overlay-type":"","overlay-color":"","overlay-opacity":"","overlay-gradient":""},"tablet":{"background-color":"","background-image":"","background-repeat":"repeat","background-position":"center center","background-size":"auto","background-attachment":"scroll","background-type":"","background-media":"","overlay-type":"","overlay-color":"","overlay-opacity":"","overlay-gradient":""},"mobile":{"background-color":"","background-image":"","background-repeat":"repeat","background-position":"center center","background-size":"auto","background-attachment":"scroll","background-type":"","background-media":"","overlay-type":"","overlay-color":"","overlay-opacity":"","overlay-gradient":""}},"ast-content-background-meta":{"desktop":{"background-color":"var(--ast-global-color-5)","background-image":"","background-repeat":"repeat","background-position":"center center","background-size":"auto","background-attachment":"scroll","background-type":"","background-media":"","overlay-type":"","overlay-color":"","overlay-opacity":"","overlay-gradient":""},"tablet":{"background-color":"var(--ast-global-color-5)","background-image":"","background-repeat":"repeat","background-position":"center center","background-size":"auto","background-attachment":"scroll","background-type":"","background-media":"","overlay-type":"","overlay-color":"","overlay-opacity":"","overlay-gradient":""},"mobile":{"background-color":"var(--ast-global-color-5)","background-image":"","background-repeat":"repeat","background-position":"center center","background-size":"auto","background-attachment":"scroll","background-type":"","background-media":"","overlay-type":"","overlay-color":"","overlay-opacity":"","overlay-gradient":""}}},"product_brand":[],"product_cat":[83,82,59,86,50],"product_tag":[136],"class_list":{"0":"post-2474","1":"product","2":"type-product","3":"status-publish","4":"has-post-thumbnail","6":"product_cat-framboise","7":"product_cat-groseille","8":"product_cat-thes-rose","9":"product_cat-the-blanc","10":"product_cat-thes","11":"product_tag-the-blanc","12":"desktop-align-center","13":"tablet-align-center","14":"mobile-align-center","15":"ast-product-gallery-layout-horizontal-slider","16":"ast-product-gallery-with-no-image","17":"ast-magnify-disabled","18":"ast-product-tabs-layout-horizontal","20":"first","21":"instock","22":"taxable","23":"shipping-taxable","24":"purchasable","25":"product-type-simple"},"acf":[],"yoast_head":"<!-- This site is optimized with the Yoast SEO plugin v27.5 - https:\/\/yoast.com\/product\/yoast-seo-wordpress\/ -->\n<title>LUCIE - Th\u00e9 blanc groseille framboise rose<\/title>\n<meta name=\"description\" content=\"Le th\u00e9 blanc LUCIE Groseille Framboise Rose rend hommage \u00e0 Lucie Aubrac une r\u00e9sistante fran\u00e7aise durant la seconde guerre mondiale. Excellent glac\u00e9 !\" \/>\n<meta name=\"robots\" content=\"index, follow, max-snippet:-1, max-image-preview:large, max-video-preview:-1\" \/>\n<link rel=\"canonical\" href=\"https:\/\/marquisdesthes.com\/en\/product\/the-blanc-lucie-groseille-framboise-rose\/\" \/>\n<meta property=\"og:locale\" content=\"en_US\" \/>\n<meta property=\"og:type\" content=\"article\" \/>\n<meta property=\"og:title\" content=\"LUCIE - Th\u00e9 blanc groseille framboise rose\" \/>\n<meta property=\"og:description\" content=\"Le th\u00e9 blanc LUCIE Groseille Framboise Rose rend hommage \u00e0 Lucie Aubrac une r\u00e9sistante fran\u00e7aise durant la seconde guerre mondiale. Excellent glac\u00e9 !\" \/>\n<meta property=\"og:url\" content=\"https:\/\/marquisdesthes.com\/en\/product\/the-blanc-lucie-groseille-framboise-rose\/\" \/>\n<meta property=\"og:site_name\" content=\"Marquis des th\u00e9s\" \/>\n<meta property=\"article:modified_time\" content=\"2026-04-04T17:38:24+00:00\" \/>\n<meta property=\"og:image\" content=\"https:\/\/marquisdesthes.com\/wp-content\/uploads\/2022\/08\/The-blanc-Lucie-Groseille-Framboise-Rose-Marquis-des-thes.jpg\" \/>\n\t<meta property=\"og:image:width\" content=\"790\" \/>\n\t<meta property=\"og:image:height\" content=\"790\" \/>\n\t<meta property=\"og:image:type\" content=\"image\/jpeg\" \/>\n<meta name=\"twitter:card\" content=\"summary_large_image\" \/>\n<meta name=\"twitter:label1\" content=\"Est. reading time\" \/>\n\t<meta name=\"twitter:data1\" content=\"1 minute\" \/>\n<script type=\"application\/ld+json\" class=\"yoast-schema-graph\">{\"@context\":\"https:\\\/\\\/schema.org\",\"@graph\":[{\"@type\":\"WebPage\",\"@id\":\"https:\\\/\\\/marquisdesthes.com\\\/produit\\\/the-blanc-lucie-groseille-framboise-rose\\\/\",\"url\":\"https:\\\/\\\/marquisdesthes.com\\\/produit\\\/the-blanc-lucie-groseille-framboise-rose\\\/\",\"name\":\"LUCIE - Th\u00e9 blanc groseille framboise rose\",\"isPartOf\":{\"@id\":\"https:\\\/\\\/marquisdesthes.com\\\/#website\"},\"primaryImageOfPage\":{\"@id\":\"https:\\\/\\\/marquisdesthes.com\\\/produit\\\/the-blanc-lucie-groseille-framboise-rose\\\/#primaryimage\"},\"image\":{\"@id\":\"https:\\\/\\\/marquisdesthes.com\\\/produit\\\/the-blanc-lucie-groseille-framboise-rose\\\/#primaryimage\"},\"thumbnailUrl\":\"https:\\\/\\\/marquisdesthes.com\\\/wp-content\\\/uploads\\\/2022\\\/08\\\/The-blanc-Lucie-Groseille-Framboise-Rose-Marquis-des-thes.jpg\",\"datePublished\":\"2022-08-22T12:00:57+00:00\",\"dateModified\":\"2026-04-04T17:38:24+00:00\",\"description\":\"Le th\u00e9 blanc LUCIE Groseille Framboise Rose rend hommage \u00e0 Lucie Aubrac une r\u00e9sistante fran\u00e7aise durant la seconde guerre mondiale. Excellent glac\u00e9 !\",\"breadcrumb\":{\"@id\":\"https:\\\/\\\/marquisdesthes.com\\\/produit\\\/the-blanc-lucie-groseille-framboise-rose\\\/#breadcrumb\"},\"inLanguage\":\"en-US\",\"potentialAction\":[{\"@type\":\"ReadAction\",\"target\":[\"https:\\\/\\\/marquisdesthes.com\\\/produit\\\/the-blanc-lucie-groseille-framboise-rose\\\/\"]}]},{\"@type\":\"ImageObject\",\"inLanguage\":\"en-US\",\"@id\":\"https:\\\/\\\/marquisdesthes.com\\\/produit\\\/the-blanc-lucie-groseille-framboise-rose\\\/#primaryimage\",\"url\":\"https:\\\/\\\/marquisdesthes.com\\\/wp-content\\\/uploads\\\/2022\\\/08\\\/The-blanc-Lucie-Groseille-Framboise-Rose-Marquis-des-thes.jpg\",\"contentUrl\":\"https:\\\/\\\/marquisdesthes.com\\\/wp-content\\\/uploads\\\/2022\\\/08\\\/The-blanc-Lucie-Groseille-Framboise-Rose-Marquis-des-thes.jpg\",\"width\":790,\"height\":790},{\"@type\":\"BreadcrumbList\",\"@id\":\"https:\\\/\\\/marquisdesthes.com\\\/produit\\\/the-blanc-lucie-groseille-framboise-rose\\\/#breadcrumb\",\"itemListElement\":[{\"@type\":\"ListItem\",\"position\":1,\"name\":\"Accueil\",\"item\":\"https:\\\/\\\/marquisdesthes.com\\\/\"},{\"@type\":\"ListItem\",\"position\":2,\"name\":\"Boutique\",\"item\":\"https:\\\/\\\/marquisdesthes.com\\\/boutique\\\/\"},{\"@type\":\"ListItem\",\"position\":3,\"name\":\"LUCIE\"}]},{\"@type\":\"WebSite\",\"@id\":\"https:\\\/\\\/marquisdesthes.com\\\/#website\",\"url\":\"https:\\\/\\\/marquisdesthes.com\\\/\",\"name\":\"Marquis des th\u00e9s\",\"description\":\"\",\"publisher\":{\"@id\":\"https:\\\/\\\/marquisdesthes.com\\\/#organization\"},\"potentialAction\":[{\"@type\":\"SearchAction\",\"target\":{\"@type\":\"EntryPoint\",\"urlTemplate\":\"https:\\\/\\\/marquisdesthes.com\\\/?s={search_term_string}\"},\"query-input\":{\"@type\":\"PropertyValueSpecification\",\"valueRequired\":true,\"valueName\":\"search_term_string\"}}],\"inLanguage\":\"en-US\"},{\"@type\":\"Organization\",\"@id\":\"https:\\\/\\\/marquisdesthes.com\\\/#organization\",\"name\":\"Marquis des th\u00e9s\",\"url\":\"https:\\\/\\\/marquisdesthes.com\\\/\",\"logo\":{\"@type\":\"ImageObject\",\"inLanguage\":\"en-US\",\"@id\":\"https:\\\/\\\/marquisdesthes.com\\\/#\\\/schema\\\/logo\\\/image\\\/\",\"url\":\"https:\\\/\\\/marquisdesthes.com\\\/wp-content\\\/uploads\\\/2022\\\/06\\\/Logo-site-web-marquis-des-thes-e1667926864494.png\",\"contentUrl\":\"https:\\\/\\\/marquisdesthes.com\\\/wp-content\\\/uploads\\\/2022\\\/06\\\/Logo-site-web-marquis-des-thes-e1667926864494.png\",\"width\":744,\"height\":279,\"caption\":\"Marquis des th\u00e9s\"},\"image\":{\"@id\":\"https:\\\/\\\/marquisdesthes.com\\\/#\\\/schema\\\/logo\\\/image\\\/\"},\"sameAs\":[\"https:\\\/\\\/www.instagram.com\\\/marquisdesthes\\\/\",\"https:\\\/\\\/www.tiktok.com\\\/@marquisdesthes\",\"https:\\\/\\\/www.pinterest.fr\\\/marquisdesthes\\\/\",\"https:\\\/\\\/www.youtube.com\\\/channel\\\/UC903SUajBZcvK-BcncSHcJg\"]}]}<\/script>\n<!-- \/ Yoast SEO plugin. -->","yoast_head_json":{"title":"LUCIE - Th\u00e9 blanc groseille framboise rose","description":"Le th\u00e9 blanc LUCIE Groseille Framboise Rose rend hommage \u00e0 Lucie Aubrac une r\u00e9sistante fran\u00e7aise durant la seconde guerre mondiale. Excellent glac\u00e9 !","robots":{"index":"index","follow":"follow","max-snippet":"max-snippet:-1","max-image-preview":"max-image-preview:large","max-video-preview":"max-video-preview:-1"},"canonical":"https:\/\/marquisdesthes.com\/en\/product\/the-blanc-lucie-groseille-framboise-rose\/","og_locale":"en_US","og_type":"article","og_title":"LUCIE - Th\u00e9 blanc groseille framboise rose","og_description":"Le th\u00e9 blanc LUCIE Groseille Framboise Rose rend hommage \u00e0 Lucie Aubrac une r\u00e9sistante fran\u00e7aise durant la seconde guerre mondiale. Excellent glac\u00e9 !","og_url":"https:\/\/marquisdesthes.com\/en\/product\/the-blanc-lucie-groseille-framboise-rose\/","og_site_name":"Marquis des th\u00e9s","article_modified_time":"2026-04-04T17:38:24+00:00","og_image":[{"width":790,"height":790,"url":"https:\/\/marquisdesthes.com\/wp-content\/uploads\/2022\/08\/The-blanc-Lucie-Groseille-Framboise-Rose-Marquis-des-thes.jpg","type":"image\/jpeg"}],"twitter_card":"summary_large_image","twitter_misc":{"Est. reading time":"1 minute"},"schema":{"@context":"https:\/\/schema.org","@graph":[{"@type":"WebPage","@id":"https:\/\/marquisdesthes.com\/produit\/the-blanc-lucie-groseille-framboise-rose\/","url":"https:\/\/marquisdesthes.com\/produit\/the-blanc-lucie-groseille-framboise-rose\/","name":"LUCIE - Th\u00e9 blanc groseille framboise rose","isPartOf":{"@id":"https:\/\/marquisdesthes.com\/#website"},"primaryImageOfPage":{"@id":"https:\/\/marquisdesthes.com\/produit\/the-blanc-lucie-groseille-framboise-rose\/#primaryimage"},"image":{"@id":"https:\/\/marquisdesthes.com\/produit\/the-blanc-lucie-groseille-framboise-rose\/#primaryimage"},"thumbnailUrl":"https:\/\/marquisdesthes.com\/wp-content\/uploads\/2022\/08\/The-blanc-Lucie-Groseille-Framboise-Rose-Marquis-des-thes.jpg","datePublished":"2022-08-22T12:00:57+00:00","dateModified":"2026-04-04T17:38:24+00:00","description":"Le th\u00e9 blanc LUCIE Groseille Framboise Rose rend hommage \u00e0 Lucie Aubrac une r\u00e9sistante fran\u00e7aise durant la seconde guerre mondiale. Excellent glac\u00e9 !","breadcrumb":{"@id":"https:\/\/marquisdesthes.com\/produit\/the-blanc-lucie-groseille-framboise-rose\/#breadcrumb"},"inLanguage":"en-US","potentialAction":[{"@type":"ReadAction","target":["https:\/\/marquisdesthes.com\/produit\/the-blanc-lucie-groseille-framboise-rose\/"]}]},{"@type":"ImageObject","inLanguage":"en-US","@id":"https:\/\/marquisdesthes.com\/produit\/the-blanc-lucie-groseille-framboise-rose\/#primaryimage","url":"https:\/\/marquisdesthes.com\/wp-content\/uploads\/2022\/08\/The-blanc-Lucie-Groseille-Framboise-Rose-Marquis-des-thes.jpg","contentUrl":"https:\/\/marquisdesthes.com\/wp-content\/uploads\/2022\/08\/The-blanc-Lucie-Groseille-Framboise-Rose-Marquis-des-thes.jpg","width":790,"height":790},{"@type":"BreadcrumbList","@id":"https:\/\/marquisdesthes.com\/produit\/the-blanc-lucie-groseille-framboise-rose\/#breadcrumb","itemListElement":[{"@type":"ListItem","position":1,"name":"Accueil","item":"https:\/\/marquisdesthes.com\/"},{"@type":"ListItem","position":2,"name":"Boutique","item":"https:\/\/marquisdesthes.com\/boutique\/"},{"@type":"ListItem","position":3,"name":"LUCIE"}]},{"@type":"WebSite","@id":"https:\/\/marquisdesthes.com\/#website","url":"https:\/\/marquisdesthes.com\/","name":"Marquis des th\u00e9s","description":"","publisher":{"@id":"https:\/\/marquisdesthes.com\/#organization"},"potentialAction":[{"@type":"SearchAction","target":{"@type":"EntryPoint","urlTemplate":"https:\/\/marquisdesthes.com\/?s={search_term_string}"},"query-input":{"@type":"PropertyValueSpecification","valueRequired":true,"valueName":"search_term_string"}}],"inLanguage":"en-US"},{"@type":"Organization","@id":"https:\/\/marquisdesthes.com\/#organization","name":"Marquis des th\u00e9s","url":"https:\/\/marquisdesthes.com\/","logo":{"@type":"ImageObject","inLanguage":"en-US","@id":"https:\/\/marquisdesthes.com\/#\/schema\/logo\/image\/","url":"https:\/\/marquisdesthes.com\/wp-content\/uploads\/2022\/06\/Logo-site-web-marquis-des-thes-e1667926864494.png","contentUrl":"https:\/\/marquisdesthes.com\/wp-content\/uploads\/2022\/06\/Logo-site-web-marquis-des-thes-e1667926864494.png","width":744,"height":279,"caption":"Marquis des th\u00e9s"},"image":{"@id":"https:\/\/marquisdesthes.com\/#\/schema\/logo\/image\/"},"sameAs":["https:\/\/www.instagram.com\/marquisdesthes\/","https:\/\/www.tiktok.com\/@marquisdesthes","https:\/\/www.pinterest.fr\/marquisdesthes\/","https:\/\/www.youtube.com\/channel\/UC903SUajBZcvK-BcncSHcJg"]}]}},"_links":{"self":[{"href":"https:\/\/marquisdesthes.com\/en\/wp-json\/wp\/v2\/product\/2474","targetHints":{"allow":["GET"]}}],"collection":[{"href":"https:\/\/marquisdesthes.com\/en\/wp-json\/wp\/v2\/product"}],"about":[{"href":"https:\/\/marquisdesthes.com\/en\/wp-json\/wp\/v2\/types\/product"}],"version-history":[{"count":1,"href":"https:\/\/marquisdesthes.com\/en\/wp-json\/wp\/v2\/product\/2474\/revisions"}],"predecessor-version":[{"id":4361,"href":"https:\/\/marquisdesthes.com\/en\/wp-json\/wp\/v2\/product\/2474\/revisions\/4361"}],"wp:featuredmedia":[{"embeddable":true,"href":"https:\/\/marquisdesthes.com\/en\/wp-json\/wp\/v2\/media\/2469"}],"wp:attachment":[{"href":"https:\/\/marquisdesthes.com\/en\/wp-json\/wp\/v2\/media?parent=2474"}],"wp:term":[{"taxonomy":"product_brand","embeddable":true,"href":"https:\/\/marquisdesthes.com\/en\/wp-json\/wp\/v2\/product_brand?post=2474"},{"taxonomy":"product_cat","embeddable":true,"href":"https:\/\/marquisdesthes.com\/en\/wp-json\/wp\/v2\/product_cat?post=2474"},{"taxonomy":"product_tag","embeddable":true,"href":"https:\/\/marquisdesthes.com\/en\/wp-json\/wp\/v2\/product_tag?post=2474"}],"curies":[{"name":"wp","href":"https:\/\/api.w.org\/{rel}","templated":true}]}}