{"id":2591,"date":"2022-10-05T11:05:04","date_gmt":"2022-10-05T09:05:04","guid":{"rendered":"https:\/\/marquisdesthes.com\/?post_type=product&#038;p=2591"},"modified":"2026-04-04T19:39:39","modified_gmt":"2026-04-04T17:39:39","slug":"the-vert-nettie-cerise-framboise","status":"publish","type":"product","link":"https:\/\/marquisdesthes.com\/en\/product\/the-vert-nettie-cerise-framboise\/","title":{"rendered":"NETTIE"},"content":{"rendered":"<p><span style=\"font-weight: 400;\">Le Th\u00e9 Nettie, un th\u00e9 vert cerise framboise \ud83c\udf52, en m\u00e9moire de Nettie Stevens. Une g\u00e9n\u00e9ticienne qui en 1905 d\u00e9couvrit les chromosomes X et Y, et le r\u00f4le qu\u2019ils jouent dans la d\u00e9termination sexuelle. Le Marquis souhaite le rappeler\u2026 EN 1905 ! \ud83d\udd2c<\/span><\/p>\n<p><span style=\"font-weight: 400;\">Nettie contribua \u00e0 la science d\u2019une mani\u00e8re remarquable ! Lors de ces recherches elle fut accompagn\u00e9e de mentors : Thomas Hunt Morgan et Edmund Beecher Wilson. Des mentors qui ont malheureusement r\u00e9colt\u00e9 tous les hommages, et qui ont laiss\u00e9 Nettie dans l\u2019ombre. \ud83e\uddea<\/span><\/p>","protected":false},"excerpt":{"rendered":"<p>Le th\u00e9 vert Nettie est compos\u00e9 d&rsquo;un m\u00e9lange de th\u00e9 vert Sencha (Chine), de morceaux de papaye (papaye, sucre), ananas (ananas, sucre) et de raisin (raisin, huile v\u00e9g\u00e9tale). Il est aromatis\u00e9 avec des ar\u00f4mes de fraise, de papaye, de p\u00e9tales de rose, de griotte, de framboise, de cerise et de vanille.<\/p>","protected":false},"featured_media":2630,"template":"","meta":{"_acf_changed":false,"site-sidebar-layout":"default","site-content-layout":"default","ast-site-content-layout":"default","site-content-style":"default","site-sidebar-style":"default","ast-global-header-display":"","ast-banner-title-visibility":"","ast-main-header-display":"","ast-hfb-above-header-display":"","ast-hfb-below-header-display":"","ast-hfb-mobile-header-display":"","site-post-title":"","ast-breadcrumbs-content":"","ast-featured-img":"","footer-sml-layout":"","ast-disable-related-posts":"","theme-transparent-header-meta":"default","adv-header-id-meta":"","stick-header-meta":"default","header-above-stick-meta":"","header-main-stick-meta":"","header-below-stick-meta":"","astra-migrate-meta-layouts":"set","ast-page-background-enabled":"default","ast-page-background-meta":{"desktop":{"background-color":"","background-image":"","background-repeat":"repeat","background-position":"center center","background-size":"auto","background-attachment":"scroll","background-type":"","background-media":"","overlay-type":"","overlay-color":"","overlay-opacity":"","overlay-gradient":""},"tablet":{"background-color":"","background-image":"","background-repeat":"repeat","background-position":"center center","background-size":"auto","background-attachment":"scroll","background-type":"","background-media":"","overlay-type":"","overlay-color":"","overlay-opacity":"","overlay-gradient":""},"mobile":{"background-color":"","background-image":"","background-repeat":"repeat","background-position":"center center","background-size":"auto","background-attachment":"scroll","background-type":"","background-media":"","overlay-type":"","overlay-color":"","overlay-opacity":"","overlay-gradient":""}},"ast-content-background-meta":{"desktop":{"background-color":"var(--ast-global-color-5)","background-image":"","background-repeat":"repeat","background-position":"center center","background-size":"auto","background-attachment":"scroll","background-type":"","background-media":"","overlay-type":"","overlay-color":"","overlay-opacity":"","overlay-gradient":""},"tablet":{"background-color":"var(--ast-global-color-5)","background-image":"","background-repeat":"repeat","background-position":"center center","background-size":"auto","background-attachment":"scroll","background-type":"","background-media":"","overlay-type":"","overlay-color":"","overlay-opacity":"","overlay-gradient":""},"mobile":{"background-color":"var(--ast-global-color-5)","background-image":"","background-repeat":"repeat","background-position":"center center","background-size":"auto","background-attachment":"scroll","background-type":"","background-media":"","overlay-type":"","overlay-color":"","overlay-opacity":"","overlay-gradient":""}}},"product_brand":[],"product_cat":[104,83,89,85,50],"product_tag":[134],"class_list":{"0":"post-2591","1":"product","2":"type-product","3":"status-publish","4":"has-post-thumbnail","6":"product_cat-cerise","7":"product_cat-framboise","8":"product_cat-fruites","9":"product_cat-the-vert","10":"product_cat-thes","11":"product_tag-the-vert","12":"desktop-align-center","13":"tablet-align-center","14":"mobile-align-center","15":"ast-product-gallery-layout-horizontal-slider","16":"ast-product-gallery-with-no-image","17":"ast-magnify-disabled","18":"ast-product-tabs-layout-horizontal","20":"first","21":"instock","22":"featured","23":"taxable","24":"shipping-taxable","25":"purchasable","26":"product-type-simple"},"acf":[],"yoast_head":"<!-- This site is optimized with the Yoast SEO plugin v27.5 - https:\/\/yoast.com\/product\/yoast-seo-wordpress\/ -->\n<title>NETTIE - Th\u00e9 vert cerise framboise<\/title>\n<meta name=\"description\" content=\"Le th\u00e9 vert NETTIE Ceriser Framboise rend hommage \u00e0 Nettie Stevens une g\u00e9n\u00e9ticienne qui en 1905 d\u00e9couvrit les chromosomes X et Y.\" \/>\n<meta name=\"robots\" content=\"index, follow, max-snippet:-1, max-image-preview:large, max-video-preview:-1\" \/>\n<link rel=\"canonical\" href=\"https:\/\/marquisdesthes.com\/en\/product\/the-vert-nettie-cerise-framboise\/\" \/>\n<meta property=\"og:locale\" content=\"en_US\" \/>\n<meta property=\"og:type\" content=\"article\" \/>\n<meta property=\"og:title\" content=\"NETTIE - Th\u00e9 vert cerise framboise\" \/>\n<meta property=\"og:description\" content=\"Le th\u00e9 vert NETTIE Ceriser Framboise rend hommage \u00e0 Nettie Stevens une g\u00e9n\u00e9ticienne qui en 1905 d\u00e9couvrit les chromosomes X et Y.\" \/>\n<meta property=\"og:url\" content=\"https:\/\/marquisdesthes.com\/en\/product\/the-vert-nettie-cerise-framboise\/\" \/>\n<meta property=\"og:site_name\" content=\"Marquis des th\u00e9s\" \/>\n<meta property=\"article:modified_time\" content=\"2026-04-04T17:39:39+00:00\" \/>\n<meta property=\"og:image\" content=\"https:\/\/marquisdesthes.com\/wp-content\/uploads\/2022\/10\/The-vert-Nettie-Cerise-Framboise-Marquis-des-thes.jpg\" \/>\n\t<meta property=\"og:image:width\" content=\"800\" \/>\n\t<meta property=\"og:image:height\" content=\"800\" \/>\n\t<meta property=\"og:image:type\" content=\"image\/jpeg\" \/>\n<meta name=\"twitter:card\" content=\"summary_large_image\" \/>\n<meta name=\"twitter:label1\" content=\"Est. reading time\" \/>\n\t<meta name=\"twitter:data1\" content=\"1 minute\" \/>\n<script type=\"application\/ld+json\" class=\"yoast-schema-graph\">{\"@context\":\"https:\\\/\\\/schema.org\",\"@graph\":[{\"@type\":\"WebPage\",\"@id\":\"https:\\\/\\\/marquisdesthes.com\\\/produit\\\/the-vert-nettie-cerise-framboise\\\/\",\"url\":\"https:\\\/\\\/marquisdesthes.com\\\/produit\\\/the-vert-nettie-cerise-framboise\\\/\",\"name\":\"NETTIE - Th\u00e9 vert cerise framboise\",\"isPartOf\":{\"@id\":\"https:\\\/\\\/marquisdesthes.com\\\/#website\"},\"primaryImageOfPage\":{\"@id\":\"https:\\\/\\\/marquisdesthes.com\\\/produit\\\/the-vert-nettie-cerise-framboise\\\/#primaryimage\"},\"image\":{\"@id\":\"https:\\\/\\\/marquisdesthes.com\\\/produit\\\/the-vert-nettie-cerise-framboise\\\/#primaryimage\"},\"thumbnailUrl\":\"https:\\\/\\\/marquisdesthes.com\\\/wp-content\\\/uploads\\\/2022\\\/10\\\/The-vert-Nettie-Cerise-Framboise-Marquis-des-thes.jpg\",\"datePublished\":\"2022-10-05T09:05:04+00:00\",\"dateModified\":\"2026-04-04T17:39:39+00:00\",\"description\":\"Le th\u00e9 vert NETTIE Ceriser Framboise rend hommage \u00e0 Nettie Stevens une g\u00e9n\u00e9ticienne qui en 1905 d\u00e9couvrit les chromosomes X et Y.\",\"breadcrumb\":{\"@id\":\"https:\\\/\\\/marquisdesthes.com\\\/produit\\\/the-vert-nettie-cerise-framboise\\\/#breadcrumb\"},\"inLanguage\":\"en-US\",\"potentialAction\":[{\"@type\":\"ReadAction\",\"target\":[\"https:\\\/\\\/marquisdesthes.com\\\/produit\\\/the-vert-nettie-cerise-framboise\\\/\"]}]},{\"@type\":\"ImageObject\",\"inLanguage\":\"en-US\",\"@id\":\"https:\\\/\\\/marquisdesthes.com\\\/produit\\\/the-vert-nettie-cerise-framboise\\\/#primaryimage\",\"url\":\"https:\\\/\\\/marquisdesthes.com\\\/wp-content\\\/uploads\\\/2022\\\/10\\\/The-vert-Nettie-Cerise-Framboise-Marquis-des-thes.jpg\",\"contentUrl\":\"https:\\\/\\\/marquisdesthes.com\\\/wp-content\\\/uploads\\\/2022\\\/10\\\/The-vert-Nettie-Cerise-Framboise-Marquis-des-thes.jpg\",\"width\":800,\"height\":800,\"caption\":\"Th\u00e9 vert Nettie, Cerise Framboise, Marquis des th\u00e9s\"},{\"@type\":\"BreadcrumbList\",\"@id\":\"https:\\\/\\\/marquisdesthes.com\\\/produit\\\/the-vert-nettie-cerise-framboise\\\/#breadcrumb\",\"itemListElement\":[{\"@type\":\"ListItem\",\"position\":1,\"name\":\"Accueil\",\"item\":\"https:\\\/\\\/marquisdesthes.com\\\/\"},{\"@type\":\"ListItem\",\"position\":2,\"name\":\"Boutique\",\"item\":\"https:\\\/\\\/marquisdesthes.com\\\/boutique\\\/\"},{\"@type\":\"ListItem\",\"position\":3,\"name\":\"NETTIE\"}]},{\"@type\":\"WebSite\",\"@id\":\"https:\\\/\\\/marquisdesthes.com\\\/#website\",\"url\":\"https:\\\/\\\/marquisdesthes.com\\\/\",\"name\":\"Marquis des th\u00e9s\",\"description\":\"\",\"publisher\":{\"@id\":\"https:\\\/\\\/marquisdesthes.com\\\/#organization\"},\"potentialAction\":[{\"@type\":\"SearchAction\",\"target\":{\"@type\":\"EntryPoint\",\"urlTemplate\":\"https:\\\/\\\/marquisdesthes.com\\\/?s={search_term_string}\"},\"query-input\":{\"@type\":\"PropertyValueSpecification\",\"valueRequired\":true,\"valueName\":\"search_term_string\"}}],\"inLanguage\":\"en-US\"},{\"@type\":\"Organization\",\"@id\":\"https:\\\/\\\/marquisdesthes.com\\\/#organization\",\"name\":\"Marquis des th\u00e9s\",\"url\":\"https:\\\/\\\/marquisdesthes.com\\\/\",\"logo\":{\"@type\":\"ImageObject\",\"inLanguage\":\"en-US\",\"@id\":\"https:\\\/\\\/marquisdesthes.com\\\/#\\\/schema\\\/logo\\\/image\\\/\",\"url\":\"https:\\\/\\\/marquisdesthes.com\\\/wp-content\\\/uploads\\\/2022\\\/06\\\/Logo-site-web-marquis-des-thes-e1667926864494.png\",\"contentUrl\":\"https:\\\/\\\/marquisdesthes.com\\\/wp-content\\\/uploads\\\/2022\\\/06\\\/Logo-site-web-marquis-des-thes-e1667926864494.png\",\"width\":744,\"height\":279,\"caption\":\"Marquis des th\u00e9s\"},\"image\":{\"@id\":\"https:\\\/\\\/marquisdesthes.com\\\/#\\\/schema\\\/logo\\\/image\\\/\"},\"sameAs\":[\"https:\\\/\\\/www.instagram.com\\\/marquisdesthes\\\/\",\"https:\\\/\\\/www.tiktok.com\\\/@marquisdesthes\",\"https:\\\/\\\/www.pinterest.fr\\\/marquisdesthes\\\/\",\"https:\\\/\\\/www.youtube.com\\\/channel\\\/UC903SUajBZcvK-BcncSHcJg\"]}]}<\/script>\n<!-- \/ Yoast SEO plugin. -->","yoast_head_json":{"title":"NETTIE - Th\u00e9 vert cerise framboise","description":"Le th\u00e9 vert NETTIE Ceriser Framboise rend hommage \u00e0 Nettie Stevens une g\u00e9n\u00e9ticienne qui en 1905 d\u00e9couvrit les chromosomes X et Y.","robots":{"index":"index","follow":"follow","max-snippet":"max-snippet:-1","max-image-preview":"max-image-preview:large","max-video-preview":"max-video-preview:-1"},"canonical":"https:\/\/marquisdesthes.com\/en\/product\/the-vert-nettie-cerise-framboise\/","og_locale":"en_US","og_type":"article","og_title":"NETTIE - Th\u00e9 vert cerise framboise","og_description":"Le th\u00e9 vert NETTIE Ceriser Framboise rend hommage \u00e0 Nettie Stevens une g\u00e9n\u00e9ticienne qui en 1905 d\u00e9couvrit les chromosomes X et Y.","og_url":"https:\/\/marquisdesthes.com\/en\/product\/the-vert-nettie-cerise-framboise\/","og_site_name":"Marquis des th\u00e9s","article_modified_time":"2026-04-04T17:39:39+00:00","og_image":[{"width":800,"height":800,"url":"https:\/\/marquisdesthes.com\/wp-content\/uploads\/2022\/10\/The-vert-Nettie-Cerise-Framboise-Marquis-des-thes.jpg","type":"image\/jpeg"}],"twitter_card":"summary_large_image","twitter_misc":{"Est. reading time":"1 minute"},"schema":{"@context":"https:\/\/schema.org","@graph":[{"@type":"WebPage","@id":"https:\/\/marquisdesthes.com\/produit\/the-vert-nettie-cerise-framboise\/","url":"https:\/\/marquisdesthes.com\/produit\/the-vert-nettie-cerise-framboise\/","name":"NETTIE - Th\u00e9 vert cerise framboise","isPartOf":{"@id":"https:\/\/marquisdesthes.com\/#website"},"primaryImageOfPage":{"@id":"https:\/\/marquisdesthes.com\/produit\/the-vert-nettie-cerise-framboise\/#primaryimage"},"image":{"@id":"https:\/\/marquisdesthes.com\/produit\/the-vert-nettie-cerise-framboise\/#primaryimage"},"thumbnailUrl":"https:\/\/marquisdesthes.com\/wp-content\/uploads\/2022\/10\/The-vert-Nettie-Cerise-Framboise-Marquis-des-thes.jpg","datePublished":"2022-10-05T09:05:04+00:00","dateModified":"2026-04-04T17:39:39+00:00","description":"Le th\u00e9 vert NETTIE Ceriser Framboise rend hommage \u00e0 Nettie Stevens une g\u00e9n\u00e9ticienne qui en 1905 d\u00e9couvrit les chromosomes X et Y.","breadcrumb":{"@id":"https:\/\/marquisdesthes.com\/produit\/the-vert-nettie-cerise-framboise\/#breadcrumb"},"inLanguage":"en-US","potentialAction":[{"@type":"ReadAction","target":["https:\/\/marquisdesthes.com\/produit\/the-vert-nettie-cerise-framboise\/"]}]},{"@type":"ImageObject","inLanguage":"en-US","@id":"https:\/\/marquisdesthes.com\/produit\/the-vert-nettie-cerise-framboise\/#primaryimage","url":"https:\/\/marquisdesthes.com\/wp-content\/uploads\/2022\/10\/The-vert-Nettie-Cerise-Framboise-Marquis-des-thes.jpg","contentUrl":"https:\/\/marquisdesthes.com\/wp-content\/uploads\/2022\/10\/The-vert-Nettie-Cerise-Framboise-Marquis-des-thes.jpg","width":800,"height":800,"caption":"Th\u00e9 vert Nettie, Cerise Framboise, Marquis des th\u00e9s"},{"@type":"BreadcrumbList","@id":"https:\/\/marquisdesthes.com\/produit\/the-vert-nettie-cerise-framboise\/#breadcrumb","itemListElement":[{"@type":"ListItem","position":1,"name":"Accueil","item":"https:\/\/marquisdesthes.com\/"},{"@type":"ListItem","position":2,"name":"Boutique","item":"https:\/\/marquisdesthes.com\/boutique\/"},{"@type":"ListItem","position":3,"name":"NETTIE"}]},{"@type":"WebSite","@id":"https:\/\/marquisdesthes.com\/#website","url":"https:\/\/marquisdesthes.com\/","name":"Marquis des th\u00e9s","description":"","publisher":{"@id":"https:\/\/marquisdesthes.com\/#organization"},"potentialAction":[{"@type":"SearchAction","target":{"@type":"EntryPoint","urlTemplate":"https:\/\/marquisdesthes.com\/?s={search_term_string}"},"query-input":{"@type":"PropertyValueSpecification","valueRequired":true,"valueName":"search_term_string"}}],"inLanguage":"en-US"},{"@type":"Organization","@id":"https:\/\/marquisdesthes.com\/#organization","name":"Marquis des th\u00e9s","url":"https:\/\/marquisdesthes.com\/","logo":{"@type":"ImageObject","inLanguage":"en-US","@id":"https:\/\/marquisdesthes.com\/#\/schema\/logo\/image\/","url":"https:\/\/marquisdesthes.com\/wp-content\/uploads\/2022\/06\/Logo-site-web-marquis-des-thes-e1667926864494.png","contentUrl":"https:\/\/marquisdesthes.com\/wp-content\/uploads\/2022\/06\/Logo-site-web-marquis-des-thes-e1667926864494.png","width":744,"height":279,"caption":"Marquis des th\u00e9s"},"image":{"@id":"https:\/\/marquisdesthes.com\/#\/schema\/logo\/image\/"},"sameAs":["https:\/\/www.instagram.com\/marquisdesthes\/","https:\/\/www.tiktok.com\/@marquisdesthes","https:\/\/www.pinterest.fr\/marquisdesthes\/","https:\/\/www.youtube.com\/channel\/UC903SUajBZcvK-BcncSHcJg"]}]}},"_links":{"self":[{"href":"https:\/\/marquisdesthes.com\/en\/wp-json\/wp\/v2\/product\/2591","targetHints":{"allow":["GET"]}}],"collection":[{"href":"https:\/\/marquisdesthes.com\/en\/wp-json\/wp\/v2\/product"}],"about":[{"href":"https:\/\/marquisdesthes.com\/en\/wp-json\/wp\/v2\/types\/product"}],"version-history":[{"count":1,"href":"https:\/\/marquisdesthes.com\/en\/wp-json\/wp\/v2\/product\/2591\/revisions"}],"predecessor-version":[{"id":4386,"href":"https:\/\/marquisdesthes.com\/en\/wp-json\/wp\/v2\/product\/2591\/revisions\/4386"}],"wp:featuredmedia":[{"embeddable":true,"href":"https:\/\/marquisdesthes.com\/en\/wp-json\/wp\/v2\/media\/2630"}],"wp:attachment":[{"href":"https:\/\/marquisdesthes.com\/en\/wp-json\/wp\/v2\/media?parent=2591"}],"wp:term":[{"taxonomy":"product_brand","embeddable":true,"href":"https:\/\/marquisdesthes.com\/en\/wp-json\/wp\/v2\/product_brand?post=2591"},{"taxonomy":"product_cat","embeddable":true,"href":"https:\/\/marquisdesthes.com\/en\/wp-json\/wp\/v2\/product_cat?post=2591"},{"taxonomy":"product_tag","embeddable":true,"href":"https:\/\/marquisdesthes.com\/en\/wp-json\/wp\/v2\/product_tag?post=2591"}],"curies":[{"name":"wp","href":"https:\/\/api.w.org\/{rel}","templated":true}]}}