{"id":2602,"date":"2022-10-11T09:20:20","date_gmt":"2022-10-11T07:20:20","guid":{"rendered":"https:\/\/marquisdesthes.com\/?post_type=product&#038;p=2602"},"modified":"2026-04-04T19:38:43","modified_gmt":"2026-04-04T17:38:43","slug":"the-vert-irena-gunpowder","status":"publish","type":"product","link":"https:\/\/marquisdesthes.com\/en\/product\/the-vert-irena-gunpowder\/","title":{"rendered":"IRENA"},"content":{"rendered":"<p>Un China Gunpowder th\u00e9 vert, nomm\u00e9 Th\u00e9 Irena. \ud83c\udf75<br \/>\nPour qui ? Pour Irena Sendler. Mais qui est-ce vous demandez-vous ?<br \/>\nLe Marquis va vous l\u2019expliquer, pour commencer, nous allons remonter en 1939, la Pologne native d\u2019Irena est envahie par l\u2019arm\u00e9e allemande. \ud83d\udcdc \u00c9l\u00e9ment d\u00e9clencheur du destin d\u2019Irena.<\/p>\n<p>Lors d\u2019une des p\u00e9riodes les plus sombres de notre Histoire, Irena ne renon\u00e7a pas, elle d\u00e9cida de se battre. Elle devient r\u00e9sistante et gr\u00e2ce \u00e0 ses actions elle sauva pas moins de 2500 enfants juifs du guetto de Varsovie.<\/p>\n<p>Le 19 octobre 1943, la Gestapo arr\u00eata Irena, elle fut tortur\u00e9e nuits et jours pendant 3 mois, on lui brisa les jambes et les pieds, la laissant infirme \u00e0 vie, mais malgr\u00e9 \u00e7a, elle n\u2019a JAMAIS dit un seul mot \u00e0 la Gestapo. Pr\u00eate \u00e0 donner sa vie pour en sauver d\u2019autres.<\/p>\n<p>En destin h\u00e9ro\u00efque qui fut mis en lumi\u00e8re seulement en 1999 lorsque 4 \u00e9tudiantes am\u00e9ricaines travaillent sur les h\u00e9ros de la Shoah.<\/p>","protected":false},"excerpt":{"rendered":"<p><span class=\"JsGRdQ\">Gunpowder de haute qualit\u00e9 avec des feuilles enroul\u00e9es et un go\u00fbt l\u00e9g\u00e8rement amer. Issu de l\u2018agriculture biologique.<\/span><\/p>","protected":false},"featured_media":2629,"template":"","meta":{"_acf_changed":false,"site-sidebar-layout":"default","site-content-layout":"default","ast-site-content-layout":"default","site-content-style":"default","site-sidebar-style":"default","ast-global-header-display":"","ast-banner-title-visibility":"","ast-main-header-display":"","ast-hfb-above-header-display":"","ast-hfb-below-header-display":"","ast-hfb-mobile-header-display":"","site-post-title":"","ast-breadcrumbs-content":"","ast-featured-img":"","footer-sml-layout":"","ast-disable-related-posts":"","theme-transparent-header-meta":"default","adv-header-id-meta":"","stick-header-meta":"default","header-above-stick-meta":"","header-main-stick-meta":"","header-below-stick-meta":"","astra-migrate-meta-layouts":"set","ast-page-background-enabled":"default","ast-page-background-meta":{"desktop":{"background-color":"","background-image":"","background-repeat":"repeat","background-position":"center center","background-size":"auto","background-attachment":"scroll","background-type":"","background-media":"","overlay-type":"","overlay-color":"","overlay-opacity":"","overlay-gradient":""},"tablet":{"background-color":"","background-image":"","background-repeat":"repeat","background-position":"center center","background-size":"auto","background-attachment":"scroll","background-type":"","background-media":"","overlay-type":"","overlay-color":"","overlay-opacity":"","overlay-gradient":""},"mobile":{"background-color":"","background-image":"","background-repeat":"repeat","background-position":"center center","background-size":"auto","background-attachment":"scroll","background-type":"","background-media":"","overlay-type":"","overlay-color":"","overlay-opacity":"","overlay-gradient":""}},"ast-content-background-meta":{"desktop":{"background-color":"var(--ast-global-color-5)","background-image":"","background-repeat":"repeat","background-position":"center center","background-size":"auto","background-attachment":"scroll","background-type":"","background-media":"","overlay-type":"","overlay-color":"","overlay-opacity":"","overlay-gradient":""},"tablet":{"background-color":"var(--ast-global-color-5)","background-image":"","background-repeat":"repeat","background-position":"center center","background-size":"auto","background-attachment":"scroll","background-type":"","background-media":"","overlay-type":"","overlay-color":"","overlay-opacity":"","overlay-gradient":""},"mobile":{"background-color":"var(--ast-global-color-5)","background-image":"","background-repeat":"repeat","background-position":"center center","background-size":"auto","background-attachment":"scroll","background-type":"","background-media":"","overlay-type":"","overlay-color":"","overlay-opacity":"","overlay-gradient":""}}},"product_brand":[],"product_cat":[106,105,85,50],"product_tag":[135,134],"class_list":{"0":"post-2602","1":"product","2":"type-product","3":"status-publish","4":"has-post-thumbnail","6":"product_cat-gunpowder","7":"product_cat-the-nature","8":"product_cat-the-vert","9":"product_cat-thes","10":"product_tag-the-nature","11":"product_tag-the-vert","12":"desktop-align-center","13":"tablet-align-center","14":"mobile-align-center","15":"ast-product-gallery-layout-horizontal-slider","16":"ast-product-gallery-with-no-image","17":"ast-magnify-disabled","18":"ast-product-tabs-layout-horizontal","20":"first","21":"instock","22":"taxable","23":"shipping-taxable","24":"purchasable","25":"product-type-simple"},"acf":[],"yoast_head":"<!-- This site is optimized with the Yoast SEO plugin v27.5 - https:\/\/yoast.com\/product\/yoast-seo-wordpress\/ -->\n<title>IRENA - Th\u00e9 vert nature gunpowder<\/title>\n<meta name=\"description\" content=\"Le th\u00e9 vert nature IRENA Gunpowder rend hommage \u00e0 Irena Sendler une r\u00e9sistante polonaise qui sauva 2500 enfants juifs \u00e0 Varsovie entre 1940 et 1943.\" \/>\n<meta name=\"robots\" content=\"index, follow, max-snippet:-1, max-image-preview:large, max-video-preview:-1\" \/>\n<link rel=\"canonical\" href=\"https:\/\/marquisdesthes.com\/en\/product\/the-vert-irena-gunpowder\/\" \/>\n<meta property=\"og:locale\" content=\"en_US\" \/>\n<meta property=\"og:type\" content=\"article\" \/>\n<meta property=\"og:title\" content=\"IRENA - Th\u00e9 vert nature gunpowder\" \/>\n<meta property=\"og:description\" content=\"Le th\u00e9 vert nature IRENA Gunpowder rend hommage \u00e0 Irena Sendler une r\u00e9sistante polonaise qui sauva 2500 enfants juifs \u00e0 Varsovie entre 1940 et 1943.\" \/>\n<meta property=\"og:url\" content=\"https:\/\/marquisdesthes.com\/en\/product\/the-vert-irena-gunpowder\/\" \/>\n<meta property=\"og:site_name\" content=\"Marquis des th\u00e9s\" \/>\n<meta property=\"article:modified_time\" content=\"2026-04-04T17:38:43+00:00\" \/>\n<meta property=\"og:image\" content=\"https:\/\/marquisdesthes.com\/wp-content\/uploads\/2022\/10\/Irena-the-vert-nature-Gunpowder-Marquis-des-thes.jpg\" \/>\n\t<meta property=\"og:image:width\" content=\"800\" \/>\n\t<meta property=\"og:image:height\" content=\"800\" \/>\n\t<meta property=\"og:image:type\" content=\"image\/jpeg\" \/>\n<meta name=\"twitter:card\" content=\"summary_large_image\" \/>\n<meta name=\"twitter:label1\" content=\"Est. reading time\" \/>\n\t<meta name=\"twitter:data1\" content=\"1 minute\" \/>\n<script type=\"application\/ld+json\" class=\"yoast-schema-graph\">{\"@context\":\"https:\\\/\\\/schema.org\",\"@graph\":[{\"@type\":\"WebPage\",\"@id\":\"https:\\\/\\\/marquisdesthes.com\\\/produit\\\/the-vert-irena-gunpowder\\\/\",\"url\":\"https:\\\/\\\/marquisdesthes.com\\\/produit\\\/the-vert-irena-gunpowder\\\/\",\"name\":\"IRENA - Th\u00e9 vert nature gunpowder\",\"isPartOf\":{\"@id\":\"https:\\\/\\\/marquisdesthes.com\\\/#website\"},\"primaryImageOfPage\":{\"@id\":\"https:\\\/\\\/marquisdesthes.com\\\/produit\\\/the-vert-irena-gunpowder\\\/#primaryimage\"},\"image\":{\"@id\":\"https:\\\/\\\/marquisdesthes.com\\\/produit\\\/the-vert-irena-gunpowder\\\/#primaryimage\"},\"thumbnailUrl\":\"https:\\\/\\\/marquisdesthes.com\\\/wp-content\\\/uploads\\\/2022\\\/10\\\/Irena-the-vert-nature-Gunpowder-Marquis-des-thes.jpg\",\"datePublished\":\"2022-10-11T07:20:20+00:00\",\"dateModified\":\"2026-04-04T17:38:43+00:00\",\"description\":\"Le th\u00e9 vert nature IRENA Gunpowder rend hommage \u00e0 Irena Sendler une r\u00e9sistante polonaise qui sauva 2500 enfants juifs \u00e0 Varsovie entre 1940 et 1943.\",\"breadcrumb\":{\"@id\":\"https:\\\/\\\/marquisdesthes.com\\\/produit\\\/the-vert-irena-gunpowder\\\/#breadcrumb\"},\"inLanguage\":\"en-US\",\"potentialAction\":[{\"@type\":\"ReadAction\",\"target\":[\"https:\\\/\\\/marquisdesthes.com\\\/produit\\\/the-vert-irena-gunpowder\\\/\"]}]},{\"@type\":\"ImageObject\",\"inLanguage\":\"en-US\",\"@id\":\"https:\\\/\\\/marquisdesthes.com\\\/produit\\\/the-vert-irena-gunpowder\\\/#primaryimage\",\"url\":\"https:\\\/\\\/marquisdesthes.com\\\/wp-content\\\/uploads\\\/2022\\\/10\\\/Irena-the-vert-nature-Gunpowder-Marquis-des-thes.jpg\",\"contentUrl\":\"https:\\\/\\\/marquisdesthes.com\\\/wp-content\\\/uploads\\\/2022\\\/10\\\/Irena-the-vert-nature-Gunpowder-Marquis-des-thes.jpg\",\"width\":800,\"height\":800,\"caption\":\"Th\u00e9 vert nature Irena, Gunpowder, Marquis des th\u00e9s\"},{\"@type\":\"BreadcrumbList\",\"@id\":\"https:\\\/\\\/marquisdesthes.com\\\/produit\\\/the-vert-irena-gunpowder\\\/#breadcrumb\",\"itemListElement\":[{\"@type\":\"ListItem\",\"position\":1,\"name\":\"Accueil\",\"item\":\"https:\\\/\\\/marquisdesthes.com\\\/\"},{\"@type\":\"ListItem\",\"position\":2,\"name\":\"Boutique\",\"item\":\"https:\\\/\\\/marquisdesthes.com\\\/boutique\\\/\"},{\"@type\":\"ListItem\",\"position\":3,\"name\":\"IRENA\"}]},{\"@type\":\"WebSite\",\"@id\":\"https:\\\/\\\/marquisdesthes.com\\\/#website\",\"url\":\"https:\\\/\\\/marquisdesthes.com\\\/\",\"name\":\"Marquis des th\u00e9s\",\"description\":\"\",\"publisher\":{\"@id\":\"https:\\\/\\\/marquisdesthes.com\\\/#organization\"},\"potentialAction\":[{\"@type\":\"SearchAction\",\"target\":{\"@type\":\"EntryPoint\",\"urlTemplate\":\"https:\\\/\\\/marquisdesthes.com\\\/?s={search_term_string}\"},\"query-input\":{\"@type\":\"PropertyValueSpecification\",\"valueRequired\":true,\"valueName\":\"search_term_string\"}}],\"inLanguage\":\"en-US\"},{\"@type\":\"Organization\",\"@id\":\"https:\\\/\\\/marquisdesthes.com\\\/#organization\",\"name\":\"Marquis des th\u00e9s\",\"url\":\"https:\\\/\\\/marquisdesthes.com\\\/\",\"logo\":{\"@type\":\"ImageObject\",\"inLanguage\":\"en-US\",\"@id\":\"https:\\\/\\\/marquisdesthes.com\\\/#\\\/schema\\\/logo\\\/image\\\/\",\"url\":\"https:\\\/\\\/marquisdesthes.com\\\/wp-content\\\/uploads\\\/2022\\\/06\\\/Logo-site-web-marquis-des-thes-e1667926864494.png\",\"contentUrl\":\"https:\\\/\\\/marquisdesthes.com\\\/wp-content\\\/uploads\\\/2022\\\/06\\\/Logo-site-web-marquis-des-thes-e1667926864494.png\",\"width\":744,\"height\":279,\"caption\":\"Marquis des th\u00e9s\"},\"image\":{\"@id\":\"https:\\\/\\\/marquisdesthes.com\\\/#\\\/schema\\\/logo\\\/image\\\/\"},\"sameAs\":[\"https:\\\/\\\/www.instagram.com\\\/marquisdesthes\\\/\",\"https:\\\/\\\/www.tiktok.com\\\/@marquisdesthes\",\"https:\\\/\\\/www.pinterest.fr\\\/marquisdesthes\\\/\",\"https:\\\/\\\/www.youtube.com\\\/channel\\\/UC903SUajBZcvK-BcncSHcJg\"]}]}<\/script>\n<!-- \/ Yoast SEO plugin. -->","yoast_head_json":{"title":"IRENA - Th\u00e9 vert nature gunpowder","description":"Le th\u00e9 vert nature IRENA Gunpowder rend hommage \u00e0 Irena Sendler une r\u00e9sistante polonaise qui sauva 2500 enfants juifs \u00e0 Varsovie entre 1940 et 1943.","robots":{"index":"index","follow":"follow","max-snippet":"max-snippet:-1","max-image-preview":"max-image-preview:large","max-video-preview":"max-video-preview:-1"},"canonical":"https:\/\/marquisdesthes.com\/en\/product\/the-vert-irena-gunpowder\/","og_locale":"en_US","og_type":"article","og_title":"IRENA - Th\u00e9 vert nature gunpowder","og_description":"Le th\u00e9 vert nature IRENA Gunpowder rend hommage \u00e0 Irena Sendler une r\u00e9sistante polonaise qui sauva 2500 enfants juifs \u00e0 Varsovie entre 1940 et 1943.","og_url":"https:\/\/marquisdesthes.com\/en\/product\/the-vert-irena-gunpowder\/","og_site_name":"Marquis des th\u00e9s","article_modified_time":"2026-04-04T17:38:43+00:00","og_image":[{"width":800,"height":800,"url":"https:\/\/marquisdesthes.com\/wp-content\/uploads\/2022\/10\/Irena-the-vert-nature-Gunpowder-Marquis-des-thes.jpg","type":"image\/jpeg"}],"twitter_card":"summary_large_image","twitter_misc":{"Est. reading time":"1 minute"},"schema":{"@context":"https:\/\/schema.org","@graph":[{"@type":"WebPage","@id":"https:\/\/marquisdesthes.com\/produit\/the-vert-irena-gunpowder\/","url":"https:\/\/marquisdesthes.com\/produit\/the-vert-irena-gunpowder\/","name":"IRENA - Th\u00e9 vert nature gunpowder","isPartOf":{"@id":"https:\/\/marquisdesthes.com\/#website"},"primaryImageOfPage":{"@id":"https:\/\/marquisdesthes.com\/produit\/the-vert-irena-gunpowder\/#primaryimage"},"image":{"@id":"https:\/\/marquisdesthes.com\/produit\/the-vert-irena-gunpowder\/#primaryimage"},"thumbnailUrl":"https:\/\/marquisdesthes.com\/wp-content\/uploads\/2022\/10\/Irena-the-vert-nature-Gunpowder-Marquis-des-thes.jpg","datePublished":"2022-10-11T07:20:20+00:00","dateModified":"2026-04-04T17:38:43+00:00","description":"Le th\u00e9 vert nature IRENA Gunpowder rend hommage \u00e0 Irena Sendler une r\u00e9sistante polonaise qui sauva 2500 enfants juifs \u00e0 Varsovie entre 1940 et 1943.","breadcrumb":{"@id":"https:\/\/marquisdesthes.com\/produit\/the-vert-irena-gunpowder\/#breadcrumb"},"inLanguage":"en-US","potentialAction":[{"@type":"ReadAction","target":["https:\/\/marquisdesthes.com\/produit\/the-vert-irena-gunpowder\/"]}]},{"@type":"ImageObject","inLanguage":"en-US","@id":"https:\/\/marquisdesthes.com\/produit\/the-vert-irena-gunpowder\/#primaryimage","url":"https:\/\/marquisdesthes.com\/wp-content\/uploads\/2022\/10\/Irena-the-vert-nature-Gunpowder-Marquis-des-thes.jpg","contentUrl":"https:\/\/marquisdesthes.com\/wp-content\/uploads\/2022\/10\/Irena-the-vert-nature-Gunpowder-Marquis-des-thes.jpg","width":800,"height":800,"caption":"Th\u00e9 vert nature Irena, Gunpowder, Marquis des th\u00e9s"},{"@type":"BreadcrumbList","@id":"https:\/\/marquisdesthes.com\/produit\/the-vert-irena-gunpowder\/#breadcrumb","itemListElement":[{"@type":"ListItem","position":1,"name":"Accueil","item":"https:\/\/marquisdesthes.com\/"},{"@type":"ListItem","position":2,"name":"Boutique","item":"https:\/\/marquisdesthes.com\/boutique\/"},{"@type":"ListItem","position":3,"name":"IRENA"}]},{"@type":"WebSite","@id":"https:\/\/marquisdesthes.com\/#website","url":"https:\/\/marquisdesthes.com\/","name":"Marquis des th\u00e9s","description":"","publisher":{"@id":"https:\/\/marquisdesthes.com\/#organization"},"potentialAction":[{"@type":"SearchAction","target":{"@type":"EntryPoint","urlTemplate":"https:\/\/marquisdesthes.com\/?s={search_term_string}"},"query-input":{"@type":"PropertyValueSpecification","valueRequired":true,"valueName":"search_term_string"}}],"inLanguage":"en-US"},{"@type":"Organization","@id":"https:\/\/marquisdesthes.com\/#organization","name":"Marquis des th\u00e9s","url":"https:\/\/marquisdesthes.com\/","logo":{"@type":"ImageObject","inLanguage":"en-US","@id":"https:\/\/marquisdesthes.com\/#\/schema\/logo\/image\/","url":"https:\/\/marquisdesthes.com\/wp-content\/uploads\/2022\/06\/Logo-site-web-marquis-des-thes-e1667926864494.png","contentUrl":"https:\/\/marquisdesthes.com\/wp-content\/uploads\/2022\/06\/Logo-site-web-marquis-des-thes-e1667926864494.png","width":744,"height":279,"caption":"Marquis des th\u00e9s"},"image":{"@id":"https:\/\/marquisdesthes.com\/#\/schema\/logo\/image\/"},"sameAs":["https:\/\/www.instagram.com\/marquisdesthes\/","https:\/\/www.tiktok.com\/@marquisdesthes","https:\/\/www.pinterest.fr\/marquisdesthes\/","https:\/\/www.youtube.com\/channel\/UC903SUajBZcvK-BcncSHcJg"]}]}},"_links":{"self":[{"href":"https:\/\/marquisdesthes.com\/en\/wp-json\/wp\/v2\/product\/2602","targetHints":{"allow":["GET"]}}],"collection":[{"href":"https:\/\/marquisdesthes.com\/en\/wp-json\/wp\/v2\/product"}],"about":[{"href":"https:\/\/marquisdesthes.com\/en\/wp-json\/wp\/v2\/types\/product"}],"version-history":[{"count":2,"href":"https:\/\/marquisdesthes.com\/en\/wp-json\/wp\/v2\/product\/2602\/revisions"}],"predecessor-version":[{"id":4490,"href":"https:\/\/marquisdesthes.com\/en\/wp-json\/wp\/v2\/product\/2602\/revisions\/4490"}],"wp:featuredmedia":[{"embeddable":true,"href":"https:\/\/marquisdesthes.com\/en\/wp-json\/wp\/v2\/media\/2629"}],"wp:attachment":[{"href":"https:\/\/marquisdesthes.com\/en\/wp-json\/wp\/v2\/media?parent=2602"}],"wp:term":[{"taxonomy":"product_brand","embeddable":true,"href":"https:\/\/marquisdesthes.com\/en\/wp-json\/wp\/v2\/product_brand?post=2602"},{"taxonomy":"product_cat","embeddable":true,"href":"https:\/\/marquisdesthes.com\/en\/wp-json\/wp\/v2\/product_cat?post=2602"},{"taxonomy":"product_tag","embeddable":true,"href":"https:\/\/marquisdesthes.com\/en\/wp-json\/wp\/v2\/product_tag?post=2602"}],"curies":[{"name":"wp","href":"https:\/\/api.w.org\/{rel}","templated":true}]}}