{"id":2625,"date":"2022-10-11T09:18:44","date_gmt":"2022-10-11T07:18:44","guid":{"rendered":"https:\/\/marquisdesthes.com\/?post_type=product&#038;p=2625"},"modified":"2026-04-04T19:39:20","modified_gmt":"2026-04-04T17:39:20","slug":"the-noir-hedy-orange-cannelle","status":"publish","type":"product","link":"https:\/\/marquisdesthes.com\/en\/product\/the-noir-hedy-orange-cannelle\/","title":{"rendered":"HEDY"},"content":{"rendered":"<p>Un th\u00e9 noir \u00e0 l\u2019orange et la cannelle, un th\u00e9 qui, selon le Marquis, est id\u00e9al pour regarder vos meilleurs films de No\u00ebl sous votre plaid pr\u00e9f\u00e9r\u00e9 ! \ud83c\udf7f<\/p>\n<p>Et \u00e7a tombe bien, car ce th\u00e9 noir cannelle orange, porte le pr\u00e9nom d\u2019une femme qui a marqu\u00e9 le petit \u00e9cran pour bien des raisons ! \ud83c\udfac En effet, avec le th\u00e9 Hedy, en hommage \u00e0 Madame Hedy Lamar, le Marquis souhaite se souvenir d\u2019une grande dame.<\/p>\n<p>Une star Hollywoodienne, une reine du glamour, mais \u00e9galement une inventrice en avance sur son temps ! \ud83d\udca1<br \/>\nLa belle Hedy Lamar n\u2019avait pas que le cin\u00e9ma dans sa vie, elle avait \u00e9galement le go\u00fbt des recherches scientifiques ! Elle se pencha notamment sur la question des t\u00e9l\u00e9communications en inventant avec le compositeur George Antheil, un moyen de coder des transmissions dans les ann\u00e9es 1960. Un principe de transmission utilis\u00e9 actuellement pour le positionnement par satellites (GPS, etc.), les liaisons chiffr\u00e9es militaires ou dans certaines techniques Wi-Fi. \ud83c\udf10<\/p>","protected":false},"excerpt":{"rendered":"<p><span class=\"JsGRdQ\">Th\u00e9 noir Assam, -Inde du Sud, pomme, \u00e9corces d&rsquo;orange, b\u00e2tons de cannelle, ar\u00f4me naturel d&rsquo;orange, p\u00e9tales de rose, cardamome, ar\u00f4me naturel. Ingr\u00e9dients issus de l&rsquo;agriculture durable et des ar\u00f4mes naturels.<\/span><\/p>","protected":false},"featured_media":2631,"template":"","meta":{"_acf_changed":false,"site-sidebar-layout":"default","site-content-layout":"default","ast-site-content-layout":"default","site-content-style":"default","site-sidebar-style":"default","ast-global-header-display":"","ast-banner-title-visibility":"","ast-main-header-display":"","ast-hfb-above-header-display":"","ast-hfb-below-header-display":"","ast-hfb-mobile-header-display":"","site-post-title":"","ast-breadcrumbs-content":"","ast-featured-img":"","footer-sml-layout":"","ast-disable-related-posts":"","theme-transparent-header-meta":"default","adv-header-id-meta":"","stick-header-meta":"default","header-above-stick-meta":"","header-main-stick-meta":"","header-below-stick-meta":"","astra-migrate-meta-layouts":"set","ast-page-background-enabled":"default","ast-page-background-meta":{"desktop":{"background-color":"","background-image":"","background-repeat":"repeat","background-position":"center center","background-size":"auto","background-attachment":"scroll","background-type":"","background-media":"","overlay-type":"","overlay-color":"","overlay-opacity":"","overlay-gradient":""},"tablet":{"background-color":"","background-image":"","background-repeat":"repeat","background-position":"center center","background-size":"auto","background-attachment":"scroll","background-type":"","background-media":"","overlay-type":"","overlay-color":"","overlay-opacity":"","overlay-gradient":""},"mobile":{"background-color":"","background-image":"","background-repeat":"repeat","background-position":"center center","background-size":"auto","background-attachment":"scroll","background-type":"","background-media":"","overlay-type":"","overlay-color":"","overlay-opacity":"","overlay-gradient":""}},"ast-content-background-meta":{"desktop":{"background-color":"var(--ast-global-color-5)","background-image":"","background-repeat":"repeat","background-position":"center center","background-size":"auto","background-attachment":"scroll","background-type":"","background-media":"","overlay-type":"","overlay-color":"","overlay-opacity":"","overlay-gradient":""},"tablet":{"background-color":"var(--ast-global-color-5)","background-image":"","background-repeat":"repeat","background-position":"center center","background-size":"auto","background-attachment":"scroll","background-type":"","background-media":"","overlay-type":"","overlay-color":"","overlay-opacity":"","overlay-gradient":""},"mobile":{"background-color":"var(--ast-global-color-5)","background-image":"","background-repeat":"repeat","background-position":"center center","background-size":"auto","background-attachment":"scroll","background-type":"","background-media":"","overlay-type":"","overlay-color":"","overlay-opacity":"","overlay-gradient":""}}},"product_brand":[],"product_cat":[113,112,96,87,50],"product_tag":[137],"class_list":{"0":"post-2625","1":"product","2":"type-product","3":"status-publish","4":"has-post-thumbnail","6":"product_cat-cannelle","7":"product_cat-epices","8":"product_cat-orange","9":"product_cat-the-noir","10":"product_cat-thes","11":"product_tag-the-noir","12":"desktop-align-center","13":"tablet-align-center","14":"mobile-align-center","15":"ast-product-gallery-layout-horizontal-slider","16":"ast-product-gallery-with-no-image","17":"ast-magnify-disabled","18":"ast-product-tabs-layout-horizontal","20":"first","21":"outofstock","22":"taxable","23":"shipping-taxable","24":"purchasable","25":"product-type-simple"},"acf":[],"yoast_head":"<!-- This site is optimized with the Yoast SEO plugin v27.5 - https:\/\/yoast.com\/product\/yoast-seo-wordpress\/ -->\n<title>HEDY - Th\u00e9 noir orange cannelle<\/title>\n<meta name=\"description\" content=\"Le th\u00e9 noir HEDY Orange Cannelle rend hommage \u00e0 Hedy Lamarr actrice, productrice de cin\u00e9ma et aussi une scientifique autrichienne et \u00e9tatsunienne.\" \/>\n<meta name=\"robots\" content=\"index, follow, max-snippet:-1, max-image-preview:large, max-video-preview:-1\" \/>\n<link rel=\"canonical\" href=\"https:\/\/marquisdesthes.com\/en\/product\/the-noir-hedy-orange-cannelle\/\" \/>\n<meta property=\"og:locale\" content=\"en_US\" \/>\n<meta property=\"og:type\" content=\"article\" \/>\n<meta property=\"og:title\" content=\"HEDY - Th\u00e9 noir orange cannelle\" \/>\n<meta property=\"og:description\" content=\"Le th\u00e9 noir HEDY Orange Cannelle rend hommage \u00e0 Hedy Lamarr actrice, productrice de cin\u00e9ma et aussi une scientifique autrichienne et \u00e9tatsunienne.\" \/>\n<meta property=\"og:url\" content=\"https:\/\/marquisdesthes.com\/en\/product\/the-noir-hedy-orange-cannelle\/\" \/>\n<meta property=\"og:site_name\" content=\"Marquis des th\u00e9s\" \/>\n<meta property=\"article:modified_time\" content=\"2026-04-04T17:39:20+00:00\" \/>\n<meta property=\"og:image\" content=\"https:\/\/marquisdesthes.com\/wp-content\/uploads\/2022\/10\/The-noir-Hedy-Cannelle-Orange-Marquis-des-thes.jpg\" \/>\n\t<meta property=\"og:image:width\" content=\"800\" \/>\n\t<meta property=\"og:image:height\" content=\"800\" \/>\n\t<meta property=\"og:image:type\" content=\"image\/jpeg\" \/>\n<meta name=\"twitter:card\" content=\"summary_large_image\" \/>\n<meta name=\"twitter:label1\" content=\"Est. reading time\" \/>\n\t<meta name=\"twitter:data1\" content=\"1 minute\" \/>\n<script type=\"application\/ld+json\" class=\"yoast-schema-graph\">{\"@context\":\"https:\\\/\\\/schema.org\",\"@graph\":[{\"@type\":\"WebPage\",\"@id\":\"https:\\\/\\\/marquisdesthes.com\\\/produit\\\/the-noir-hedy-orange-cannelle\\\/\",\"url\":\"https:\\\/\\\/marquisdesthes.com\\\/produit\\\/the-noir-hedy-orange-cannelle\\\/\",\"name\":\"HEDY - Th\u00e9 noir orange cannelle\",\"isPartOf\":{\"@id\":\"https:\\\/\\\/marquisdesthes.com\\\/#website\"},\"primaryImageOfPage\":{\"@id\":\"https:\\\/\\\/marquisdesthes.com\\\/produit\\\/the-noir-hedy-orange-cannelle\\\/#primaryimage\"},\"image\":{\"@id\":\"https:\\\/\\\/marquisdesthes.com\\\/produit\\\/the-noir-hedy-orange-cannelle\\\/#primaryimage\"},\"thumbnailUrl\":\"https:\\\/\\\/marquisdesthes.com\\\/wp-content\\\/uploads\\\/2022\\\/10\\\/The-noir-Hedy-Cannelle-Orange-Marquis-des-thes.jpg\",\"datePublished\":\"2022-10-11T07:18:44+00:00\",\"dateModified\":\"2026-04-04T17:39:20+00:00\",\"description\":\"Le th\u00e9 noir HEDY Orange Cannelle rend hommage \u00e0 Hedy Lamarr actrice, productrice de cin\u00e9ma et aussi une scientifique autrichienne et \u00e9tatsunienne.\",\"breadcrumb\":{\"@id\":\"https:\\\/\\\/marquisdesthes.com\\\/produit\\\/the-noir-hedy-orange-cannelle\\\/#breadcrumb\"},\"inLanguage\":\"en-US\",\"potentialAction\":[{\"@type\":\"ReadAction\",\"target\":[\"https:\\\/\\\/marquisdesthes.com\\\/produit\\\/the-noir-hedy-orange-cannelle\\\/\"]}]},{\"@type\":\"ImageObject\",\"inLanguage\":\"en-US\",\"@id\":\"https:\\\/\\\/marquisdesthes.com\\\/produit\\\/the-noir-hedy-orange-cannelle\\\/#primaryimage\",\"url\":\"https:\\\/\\\/marquisdesthes.com\\\/wp-content\\\/uploads\\\/2022\\\/10\\\/The-noir-Hedy-Cannelle-Orange-Marquis-des-thes.jpg\",\"contentUrl\":\"https:\\\/\\\/marquisdesthes.com\\\/wp-content\\\/uploads\\\/2022\\\/10\\\/The-noir-Hedy-Cannelle-Orange-Marquis-des-thes.jpg\",\"width\":800,\"height\":800,\"caption\":\"Th\u00e9 noir Hedy, Cannelle Orange, Marquis des th\u00e9s\"},{\"@type\":\"BreadcrumbList\",\"@id\":\"https:\\\/\\\/marquisdesthes.com\\\/produit\\\/the-noir-hedy-orange-cannelle\\\/#breadcrumb\",\"itemListElement\":[{\"@type\":\"ListItem\",\"position\":1,\"name\":\"Accueil\",\"item\":\"https:\\\/\\\/marquisdesthes.com\\\/\"},{\"@type\":\"ListItem\",\"position\":2,\"name\":\"Boutique\",\"item\":\"https:\\\/\\\/marquisdesthes.com\\\/boutique\\\/\"},{\"@type\":\"ListItem\",\"position\":3,\"name\":\"HEDY\"}]},{\"@type\":\"WebSite\",\"@id\":\"https:\\\/\\\/marquisdesthes.com\\\/#website\",\"url\":\"https:\\\/\\\/marquisdesthes.com\\\/\",\"name\":\"Marquis des th\u00e9s\",\"description\":\"\",\"publisher\":{\"@id\":\"https:\\\/\\\/marquisdesthes.com\\\/#organization\"},\"potentialAction\":[{\"@type\":\"SearchAction\",\"target\":{\"@type\":\"EntryPoint\",\"urlTemplate\":\"https:\\\/\\\/marquisdesthes.com\\\/?s={search_term_string}\"},\"query-input\":{\"@type\":\"PropertyValueSpecification\",\"valueRequired\":true,\"valueName\":\"search_term_string\"}}],\"inLanguage\":\"en-US\"},{\"@type\":\"Organization\",\"@id\":\"https:\\\/\\\/marquisdesthes.com\\\/#organization\",\"name\":\"Marquis des th\u00e9s\",\"url\":\"https:\\\/\\\/marquisdesthes.com\\\/\",\"logo\":{\"@type\":\"ImageObject\",\"inLanguage\":\"en-US\",\"@id\":\"https:\\\/\\\/marquisdesthes.com\\\/#\\\/schema\\\/logo\\\/image\\\/\",\"url\":\"https:\\\/\\\/marquisdesthes.com\\\/wp-content\\\/uploads\\\/2022\\\/06\\\/Logo-site-web-marquis-des-thes-e1667926864494.png\",\"contentUrl\":\"https:\\\/\\\/marquisdesthes.com\\\/wp-content\\\/uploads\\\/2022\\\/06\\\/Logo-site-web-marquis-des-thes-e1667926864494.png\",\"width\":744,\"height\":279,\"caption\":\"Marquis des th\u00e9s\"},\"image\":{\"@id\":\"https:\\\/\\\/marquisdesthes.com\\\/#\\\/schema\\\/logo\\\/image\\\/\"},\"sameAs\":[\"https:\\\/\\\/www.instagram.com\\\/marquisdesthes\\\/\",\"https:\\\/\\\/www.tiktok.com\\\/@marquisdesthes\",\"https:\\\/\\\/www.pinterest.fr\\\/marquisdesthes\\\/\",\"https:\\\/\\\/www.youtube.com\\\/channel\\\/UC903SUajBZcvK-BcncSHcJg\"]}]}<\/script>\n<!-- \/ Yoast SEO plugin. -->","yoast_head_json":{"title":"HEDY - Th\u00e9 noir orange cannelle","description":"Le th\u00e9 noir HEDY Orange Cannelle rend hommage \u00e0 Hedy Lamarr actrice, productrice de cin\u00e9ma et aussi une scientifique autrichienne et \u00e9tatsunienne.","robots":{"index":"index","follow":"follow","max-snippet":"max-snippet:-1","max-image-preview":"max-image-preview:large","max-video-preview":"max-video-preview:-1"},"canonical":"https:\/\/marquisdesthes.com\/en\/product\/the-noir-hedy-orange-cannelle\/","og_locale":"en_US","og_type":"article","og_title":"HEDY - Th\u00e9 noir orange cannelle","og_description":"Le th\u00e9 noir HEDY Orange Cannelle rend hommage \u00e0 Hedy Lamarr actrice, productrice de cin\u00e9ma et aussi une scientifique autrichienne et \u00e9tatsunienne.","og_url":"https:\/\/marquisdesthes.com\/en\/product\/the-noir-hedy-orange-cannelle\/","og_site_name":"Marquis des th\u00e9s","article_modified_time":"2026-04-04T17:39:20+00:00","og_image":[{"width":800,"height":800,"url":"https:\/\/marquisdesthes.com\/wp-content\/uploads\/2022\/10\/The-noir-Hedy-Cannelle-Orange-Marquis-des-thes.jpg","type":"image\/jpeg"}],"twitter_card":"summary_large_image","twitter_misc":{"Est. reading time":"1 minute"},"schema":{"@context":"https:\/\/schema.org","@graph":[{"@type":"WebPage","@id":"https:\/\/marquisdesthes.com\/produit\/the-noir-hedy-orange-cannelle\/","url":"https:\/\/marquisdesthes.com\/produit\/the-noir-hedy-orange-cannelle\/","name":"HEDY - Th\u00e9 noir orange cannelle","isPartOf":{"@id":"https:\/\/marquisdesthes.com\/#website"},"primaryImageOfPage":{"@id":"https:\/\/marquisdesthes.com\/produit\/the-noir-hedy-orange-cannelle\/#primaryimage"},"image":{"@id":"https:\/\/marquisdesthes.com\/produit\/the-noir-hedy-orange-cannelle\/#primaryimage"},"thumbnailUrl":"https:\/\/marquisdesthes.com\/wp-content\/uploads\/2022\/10\/The-noir-Hedy-Cannelle-Orange-Marquis-des-thes.jpg","datePublished":"2022-10-11T07:18:44+00:00","dateModified":"2026-04-04T17:39:20+00:00","description":"Le th\u00e9 noir HEDY Orange Cannelle rend hommage \u00e0 Hedy Lamarr actrice, productrice de cin\u00e9ma et aussi une scientifique autrichienne et \u00e9tatsunienne.","breadcrumb":{"@id":"https:\/\/marquisdesthes.com\/produit\/the-noir-hedy-orange-cannelle\/#breadcrumb"},"inLanguage":"en-US","potentialAction":[{"@type":"ReadAction","target":["https:\/\/marquisdesthes.com\/produit\/the-noir-hedy-orange-cannelle\/"]}]},{"@type":"ImageObject","inLanguage":"en-US","@id":"https:\/\/marquisdesthes.com\/produit\/the-noir-hedy-orange-cannelle\/#primaryimage","url":"https:\/\/marquisdesthes.com\/wp-content\/uploads\/2022\/10\/The-noir-Hedy-Cannelle-Orange-Marquis-des-thes.jpg","contentUrl":"https:\/\/marquisdesthes.com\/wp-content\/uploads\/2022\/10\/The-noir-Hedy-Cannelle-Orange-Marquis-des-thes.jpg","width":800,"height":800,"caption":"Th\u00e9 noir Hedy, Cannelle Orange, Marquis des th\u00e9s"},{"@type":"BreadcrumbList","@id":"https:\/\/marquisdesthes.com\/produit\/the-noir-hedy-orange-cannelle\/#breadcrumb","itemListElement":[{"@type":"ListItem","position":1,"name":"Accueil","item":"https:\/\/marquisdesthes.com\/"},{"@type":"ListItem","position":2,"name":"Boutique","item":"https:\/\/marquisdesthes.com\/boutique\/"},{"@type":"ListItem","position":3,"name":"HEDY"}]},{"@type":"WebSite","@id":"https:\/\/marquisdesthes.com\/#website","url":"https:\/\/marquisdesthes.com\/","name":"Marquis des th\u00e9s","description":"","publisher":{"@id":"https:\/\/marquisdesthes.com\/#organization"},"potentialAction":[{"@type":"SearchAction","target":{"@type":"EntryPoint","urlTemplate":"https:\/\/marquisdesthes.com\/?s={search_term_string}"},"query-input":{"@type":"PropertyValueSpecification","valueRequired":true,"valueName":"search_term_string"}}],"inLanguage":"en-US"},{"@type":"Organization","@id":"https:\/\/marquisdesthes.com\/#organization","name":"Marquis des th\u00e9s","url":"https:\/\/marquisdesthes.com\/","logo":{"@type":"ImageObject","inLanguage":"en-US","@id":"https:\/\/marquisdesthes.com\/#\/schema\/logo\/image\/","url":"https:\/\/marquisdesthes.com\/wp-content\/uploads\/2022\/06\/Logo-site-web-marquis-des-thes-e1667926864494.png","contentUrl":"https:\/\/marquisdesthes.com\/wp-content\/uploads\/2022\/06\/Logo-site-web-marquis-des-thes-e1667926864494.png","width":744,"height":279,"caption":"Marquis des th\u00e9s"},"image":{"@id":"https:\/\/marquisdesthes.com\/#\/schema\/logo\/image\/"},"sameAs":["https:\/\/www.instagram.com\/marquisdesthes\/","https:\/\/www.tiktok.com\/@marquisdesthes","https:\/\/www.pinterest.fr\/marquisdesthes\/","https:\/\/www.youtube.com\/channel\/UC903SUajBZcvK-BcncSHcJg"]}]}},"_links":{"self":[{"href":"https:\/\/marquisdesthes.com\/en\/wp-json\/wp\/v2\/product\/2625","targetHints":{"allow":["GET"]}}],"collection":[{"href":"https:\/\/marquisdesthes.com\/en\/wp-json\/wp\/v2\/product"}],"about":[{"href":"https:\/\/marquisdesthes.com\/en\/wp-json\/wp\/v2\/types\/product"}],"version-history":[{"count":1,"href":"https:\/\/marquisdesthes.com\/en\/wp-json\/wp\/v2\/product\/2625\/revisions"}],"predecessor-version":[{"id":4373,"href":"https:\/\/marquisdesthes.com\/en\/wp-json\/wp\/v2\/product\/2625\/revisions\/4373"}],"wp:featuredmedia":[{"embeddable":true,"href":"https:\/\/marquisdesthes.com\/en\/wp-json\/wp\/v2\/media\/2631"}],"wp:attachment":[{"href":"https:\/\/marquisdesthes.com\/en\/wp-json\/wp\/v2\/media?parent=2625"}],"wp:term":[{"taxonomy":"product_brand","embeddable":true,"href":"https:\/\/marquisdesthes.com\/en\/wp-json\/wp\/v2\/product_brand?post=2625"},{"taxonomy":"product_cat","embeddable":true,"href":"https:\/\/marquisdesthes.com\/en\/wp-json\/wp\/v2\/product_cat?post=2625"},{"taxonomy":"product_tag","embeddable":true,"href":"https:\/\/marquisdesthes.com\/en\/wp-json\/wp\/v2\/product_tag?post=2625"}],"curies":[{"name":"wp","href":"https:\/\/api.w.org\/{rel}","templated":true}]}}