{"id":2785,"date":"2022-11-14T17:05:09","date_gmt":"2022-11-14T16:05:09","guid":{"rendered":"https:\/\/marquisdesthes.com\/?post_type=product&#038;p=2785"},"modified":"2023-12-08T22:41:25","modified_gmt":"2023-12-08T21:41:25","slug":"coffret-de-noel-du-marquis-des-thes","status":"publish","type":"product","link":"https:\/\/marquisdesthes.com\/en\/product\/coffret-de-noel-du-marquis-des-thes\/","title":{"rendered":"Coffret de No\u00ebl du Marquis des th\u00e9s"},"content":{"rendered":"<p style=\"text-align: left;\">D\u00e9couvrez le coffret de No\u00ebl du Marquis des th\u00e9s. Il a \u00e9t\u00e9 imagin\u00e9 pour tous les go\u00fbts. Vous pouvez choisir sa composition selon les modalit\u00e9s suivantes :<\/p>\n<ul style=\"text-align: left;\">\n<li>Coffret \u00ab\u00a0D\u00e9couverte\u00a0\u00bb : 4 sachets vrac surprise (25 \u20ac)<\/li>\n<li>Coffret \u00ab\u00a0Essentiel\u00a0\u00bb : 3 sachets vrac surprise + 1 boite m\u00e9tal surprise + tasse du Marquis (35 \u20ac)<\/li>\n<li>Coffret \u00ab\u00a0Prestige\u00a0\u00bb : 2 boites m\u00e9tal vrac surprise + 1 sachet vrac + tasse du Marquis + 1 fleur (50 \u20ac)<\/li>\n<li>Coffret \u00ab\u00a0Marquis\u00a0\u00bb : 4 boites m\u00e9tal vrac surprise + tasse \u00e0 th\u00e9 du Marquis + 5 fleurs de th\u00e9 (75 \u20ac)<\/li>\n<\/ul>\n<p style=\"text-align: left;\"><strong>Si vous souhaitez choisir les produits qui seront dans votre coffret cela est possible sans variation de prix mais uniquement par mail \u00e0 <a href=\"mailto:contact@marquisdesthes.com\">contact@marquisdesthes.com<\/a> ou via <a href=\"https:\/\/www.facebook.com\/marquisdesthes\" target=\"_blank\" rel=\"noopener\">Facebook<\/a> et <a href=\"https:\/\/www.instagram.com\/marquisdesthes\/\" target=\"_blank\" rel=\"noopener\">Instagram<\/a>.<\/strong><\/p>","protected":false},"excerpt":{"rendered":"<p>D\u00e9couvrez le coffret de No\u00ebl du Marquis des th\u00e9s. Il a \u00e9t\u00e9 imagin\u00e9 pour tous les go\u00fbts. Vous pouvez choisir sa composition selon les modalit\u00e9s suivantes : Coffret \u00ab\u00a0D\u00e9couverte\u00a0\u00bb : 4 sachets vrac surprise (25 \u20ac) Coffret \u00ab\u00a0Essentiel\u00a0\u00bb : 3 sachets vrac surprise + 1 boite m\u00e9tal surprise + tasse du Marquis (35 \u20ac) Coffret [&hellip;]<\/p>\n","protected":false},"featured_media":2793,"template":"","meta":{"_acf_changed":false,"site-sidebar-layout":"default","site-content-layout":"default","ast-site-content-layout":"default","site-content-style":"default","site-sidebar-style":"default","ast-global-header-display":"","ast-banner-title-visibility":"","ast-main-header-display":"","ast-hfb-above-header-display":"","ast-hfb-below-header-display":"","ast-hfb-mobile-header-display":"","site-post-title":"","ast-breadcrumbs-content":"","ast-featured-img":"","footer-sml-layout":"","ast-disable-related-posts":"","theme-transparent-header-meta":"default","adv-header-id-meta":"","stick-header-meta":"","header-above-stick-meta":"","header-main-stick-meta":"","header-below-stick-meta":"","astra-migrate-meta-layouts":"default","ast-page-background-enabled":"default","ast-page-background-meta":{"desktop":{"background-color":"","background-image":"","background-repeat":"repeat","background-position":"center center","background-size":"auto","background-attachment":"scroll","background-type":"","background-media":"","overlay-type":"","overlay-color":"","overlay-opacity":"","overlay-gradient":""},"tablet":{"background-color":"","background-image":"","background-repeat":"repeat","background-position":"center center","background-size":"auto","background-attachment":"scroll","background-type":"","background-media":"","overlay-type":"","overlay-color":"","overlay-opacity":"","overlay-gradient":""},"mobile":{"background-color":"","background-image":"","background-repeat":"repeat","background-position":"center center","background-size":"auto","background-attachment":"scroll","background-type":"","background-media":"","overlay-type":"","overlay-color":"","overlay-opacity":"","overlay-gradient":""}},"ast-content-background-meta":{"desktop":{"background-color":"var(--ast-global-color-5)","background-image":"","background-repeat":"repeat","background-position":"center center","background-size":"auto","background-attachment":"scroll","background-type":"","background-media":"","overlay-type":"","overlay-color":"","overlay-opacity":"","overlay-gradient":""},"tablet":{"background-color":"var(--ast-global-color-5)","background-image":"","background-repeat":"repeat","background-position":"center center","background-size":"auto","background-attachment":"scroll","background-type":"","background-media":"","overlay-type":"","overlay-color":"","overlay-opacity":"","overlay-gradient":""},"mobile":{"background-color":"var(--ast-global-color-5)","background-image":"","background-repeat":"repeat","background-position":"center center","background-size":"auto","background-attachment":"scroll","background-type":"","background-media":"","overlay-type":"","overlay-color":"","overlay-opacity":"","overlay-gradient":""}}},"product_brand":[],"product_cat":[103],"product_tag":[118],"class_list":{"0":"post-2785","1":"product","2":"type-product","3":"status-publish","4":"has-post-thumbnail","6":"product_cat-coffrets","7":"product_tag-coffret-de-noel","8":"desktop-align-center","9":"tablet-align-center","10":"mobile-align-center","11":"ast-product-gallery-layout-horizontal-slider","12":"ast-magnify-disabled","13":"ast-product-single-variable","14":"ast-product-tabs-layout-horizontal","16":"first","17":"outofstock","18":"taxable","19":"shipping-taxable","20":"purchasable","21":"product-type-variable"},"acf":[],"yoast_head":"<!-- This site is optimized with the Yoast SEO plugin v27.5 - https:\/\/yoast.com\/product\/yoast-seo-wordpress\/ -->\n<title>Coffret de No\u00ebl du Marquis des th\u00e9s<\/title>\n<meta name=\"description\" content=\"D\u00e9couvrez le coffret du Marquis des th\u00e9s 2022. Il a \u00e9t\u00e9 imagin\u00e9 pour tous les go\u00fbts. Vous pouvez choisir sa composition selon 4 modalit\u00e9s. Joyeuses f\u00eates !\" \/>\n<meta name=\"robots\" content=\"index, follow, max-snippet:-1, max-image-preview:large, max-video-preview:-1\" \/>\n<link rel=\"canonical\" href=\"https:\/\/marquisdesthes.com\/en\/product\/coffret-de-noel-du-marquis-des-thes\/\" \/>\n<meta property=\"og:locale\" content=\"en_US\" \/>\n<meta property=\"og:type\" content=\"article\" \/>\n<meta property=\"og:title\" content=\"Coffret de No\u00ebl du Marquis des th\u00e9s\" \/>\n<meta property=\"og:description\" content=\"D\u00e9couvrez le coffret du Marquis des th\u00e9s 2022. Il a \u00e9t\u00e9 imagin\u00e9 pour tous les go\u00fbts. Vous pouvez choisir sa composition selon 4 modalit\u00e9s. Joyeuses f\u00eates !\" \/>\n<meta property=\"og:url\" content=\"https:\/\/marquisdesthes.com\/en\/product\/coffret-de-noel-du-marquis-des-thes\/\" \/>\n<meta property=\"og:site_name\" content=\"Marquis des th\u00e9s\" \/>\n<meta property=\"article:modified_time\" content=\"2023-12-08T21:41:25+00:00\" \/>\n<meta property=\"og:image\" content=\"https:\/\/marquisdesthes.com\/wp-content\/uploads\/2022\/11\/Coffret-marquis-Marquis-des-thes.jpg\" \/>\n\t<meta property=\"og:image:width\" content=\"800\" \/>\n\t<meta property=\"og:image:height\" content=\"800\" \/>\n\t<meta property=\"og:image:type\" content=\"image\/jpeg\" \/>\n<meta name=\"twitter:card\" content=\"summary_large_image\" \/>\n<meta name=\"twitter:label1\" content=\"Est. reading time\" \/>\n\t<meta name=\"twitter:data1\" content=\"1 minute\" \/>\n<script type=\"application\/ld+json\" class=\"yoast-schema-graph\">{\"@context\":\"https:\\\/\\\/schema.org\",\"@graph\":[{\"@type\":\"WebPage\",\"@id\":\"https:\\\/\\\/marquisdesthes.com\\\/produit\\\/coffret-de-noel-du-marquis-des-thes\\\/\",\"url\":\"https:\\\/\\\/marquisdesthes.com\\\/produit\\\/coffret-de-noel-du-marquis-des-thes\\\/\",\"name\":\"Coffret de No\u00ebl du Marquis des th\u00e9s\",\"isPartOf\":{\"@id\":\"https:\\\/\\\/marquisdesthes.com\\\/#website\"},\"primaryImageOfPage\":{\"@id\":\"https:\\\/\\\/marquisdesthes.com\\\/produit\\\/coffret-de-noel-du-marquis-des-thes\\\/#primaryimage\"},\"image\":{\"@id\":\"https:\\\/\\\/marquisdesthes.com\\\/produit\\\/coffret-de-noel-du-marquis-des-thes\\\/#primaryimage\"},\"thumbnailUrl\":\"https:\\\/\\\/marquisdesthes.com\\\/wp-content\\\/uploads\\\/2022\\\/11\\\/Coffret-marquis-Marquis-des-thes.jpg\",\"datePublished\":\"2022-11-14T16:05:09+00:00\",\"dateModified\":\"2023-12-08T21:41:25+00:00\",\"description\":\"D\u00e9couvrez le coffret du Marquis des th\u00e9s 2022. Il a \u00e9t\u00e9 imagin\u00e9 pour tous les go\u00fbts. Vous pouvez choisir sa composition selon 4 modalit\u00e9s. Joyeuses f\u00eates !\",\"breadcrumb\":{\"@id\":\"https:\\\/\\\/marquisdesthes.com\\\/produit\\\/coffret-de-noel-du-marquis-des-thes\\\/#breadcrumb\"},\"inLanguage\":\"en-US\",\"potentialAction\":[{\"@type\":\"ReadAction\",\"target\":[\"https:\\\/\\\/marquisdesthes.com\\\/produit\\\/coffret-de-noel-du-marquis-des-thes\\\/\"]}]},{\"@type\":\"ImageObject\",\"inLanguage\":\"en-US\",\"@id\":\"https:\\\/\\\/marquisdesthes.com\\\/produit\\\/coffret-de-noel-du-marquis-des-thes\\\/#primaryimage\",\"url\":\"https:\\\/\\\/marquisdesthes.com\\\/wp-content\\\/uploads\\\/2022\\\/11\\\/Coffret-marquis-Marquis-des-thes.jpg\",\"contentUrl\":\"https:\\\/\\\/marquisdesthes.com\\\/wp-content\\\/uploads\\\/2022\\\/11\\\/Coffret-marquis-Marquis-des-thes.jpg\",\"width\":800,\"height\":800,\"caption\":\"Coffret marquis Marquis des th\u00e9s\"},{\"@type\":\"BreadcrumbList\",\"@id\":\"https:\\\/\\\/marquisdesthes.com\\\/produit\\\/coffret-de-noel-du-marquis-des-thes\\\/#breadcrumb\",\"itemListElement\":[{\"@type\":\"ListItem\",\"position\":1,\"name\":\"Accueil\",\"item\":\"https:\\\/\\\/marquisdesthes.com\\\/\"},{\"@type\":\"ListItem\",\"position\":2,\"name\":\"Boutique\",\"item\":\"https:\\\/\\\/marquisdesthes.com\\\/boutique\\\/\"},{\"@type\":\"ListItem\",\"position\":3,\"name\":\"Coffret de No\u00ebl du Marquis des th\u00e9s\"}]},{\"@type\":\"WebSite\",\"@id\":\"https:\\\/\\\/marquisdesthes.com\\\/#website\",\"url\":\"https:\\\/\\\/marquisdesthes.com\\\/\",\"name\":\"Marquis des th\u00e9s\",\"description\":\"\",\"publisher\":{\"@id\":\"https:\\\/\\\/marquisdesthes.com\\\/#organization\"},\"potentialAction\":[{\"@type\":\"SearchAction\",\"target\":{\"@type\":\"EntryPoint\",\"urlTemplate\":\"https:\\\/\\\/marquisdesthes.com\\\/?s={search_term_string}\"},\"query-input\":{\"@type\":\"PropertyValueSpecification\",\"valueRequired\":true,\"valueName\":\"search_term_string\"}}],\"inLanguage\":\"en-US\"},{\"@type\":\"Organization\",\"@id\":\"https:\\\/\\\/marquisdesthes.com\\\/#organization\",\"name\":\"Marquis des th\u00e9s\",\"url\":\"https:\\\/\\\/marquisdesthes.com\\\/\",\"logo\":{\"@type\":\"ImageObject\",\"inLanguage\":\"en-US\",\"@id\":\"https:\\\/\\\/marquisdesthes.com\\\/#\\\/schema\\\/logo\\\/image\\\/\",\"url\":\"https:\\\/\\\/marquisdesthes.com\\\/wp-content\\\/uploads\\\/2022\\\/06\\\/Logo-site-web-marquis-des-thes-e1667926864494.png\",\"contentUrl\":\"https:\\\/\\\/marquisdesthes.com\\\/wp-content\\\/uploads\\\/2022\\\/06\\\/Logo-site-web-marquis-des-thes-e1667926864494.png\",\"width\":744,\"height\":279,\"caption\":\"Marquis des th\u00e9s\"},\"image\":{\"@id\":\"https:\\\/\\\/marquisdesthes.com\\\/#\\\/schema\\\/logo\\\/image\\\/\"},\"sameAs\":[\"https:\\\/\\\/www.instagram.com\\\/marquisdesthes\\\/\",\"https:\\\/\\\/www.tiktok.com\\\/@marquisdesthes\",\"https:\\\/\\\/www.pinterest.fr\\\/marquisdesthes\\\/\",\"https:\\\/\\\/www.youtube.com\\\/channel\\\/UC903SUajBZcvK-BcncSHcJg\"]}]}<\/script>\n<!-- \/ Yoast SEO plugin. -->","yoast_head_json":{"title":"Coffret de No\u00ebl du Marquis des th\u00e9s","description":"D\u00e9couvrez le coffret du Marquis des th\u00e9s 2022. Il a \u00e9t\u00e9 imagin\u00e9 pour tous les go\u00fbts. Vous pouvez choisir sa composition selon 4 modalit\u00e9s. Joyeuses f\u00eates !","robots":{"index":"index","follow":"follow","max-snippet":"max-snippet:-1","max-image-preview":"max-image-preview:large","max-video-preview":"max-video-preview:-1"},"canonical":"https:\/\/marquisdesthes.com\/en\/product\/coffret-de-noel-du-marquis-des-thes\/","og_locale":"en_US","og_type":"article","og_title":"Coffret de No\u00ebl du Marquis des th\u00e9s","og_description":"D\u00e9couvrez le coffret du Marquis des th\u00e9s 2022. Il a \u00e9t\u00e9 imagin\u00e9 pour tous les go\u00fbts. Vous pouvez choisir sa composition selon 4 modalit\u00e9s. Joyeuses f\u00eates !","og_url":"https:\/\/marquisdesthes.com\/en\/product\/coffret-de-noel-du-marquis-des-thes\/","og_site_name":"Marquis des th\u00e9s","article_modified_time":"2023-12-08T21:41:25+00:00","og_image":[{"width":800,"height":800,"url":"https:\/\/marquisdesthes.com\/wp-content\/uploads\/2022\/11\/Coffret-marquis-Marquis-des-thes.jpg","type":"image\/jpeg"}],"twitter_card":"summary_large_image","twitter_misc":{"Est. reading time":"1 minute"},"schema":{"@context":"https:\/\/schema.org","@graph":[{"@type":"WebPage","@id":"https:\/\/marquisdesthes.com\/produit\/coffret-de-noel-du-marquis-des-thes\/","url":"https:\/\/marquisdesthes.com\/produit\/coffret-de-noel-du-marquis-des-thes\/","name":"Coffret de No\u00ebl du Marquis des th\u00e9s","isPartOf":{"@id":"https:\/\/marquisdesthes.com\/#website"},"primaryImageOfPage":{"@id":"https:\/\/marquisdesthes.com\/produit\/coffret-de-noel-du-marquis-des-thes\/#primaryimage"},"image":{"@id":"https:\/\/marquisdesthes.com\/produit\/coffret-de-noel-du-marquis-des-thes\/#primaryimage"},"thumbnailUrl":"https:\/\/marquisdesthes.com\/wp-content\/uploads\/2022\/11\/Coffret-marquis-Marquis-des-thes.jpg","datePublished":"2022-11-14T16:05:09+00:00","dateModified":"2023-12-08T21:41:25+00:00","description":"D\u00e9couvrez le coffret du Marquis des th\u00e9s 2022. Il a \u00e9t\u00e9 imagin\u00e9 pour tous les go\u00fbts. Vous pouvez choisir sa composition selon 4 modalit\u00e9s. Joyeuses f\u00eates !","breadcrumb":{"@id":"https:\/\/marquisdesthes.com\/produit\/coffret-de-noel-du-marquis-des-thes\/#breadcrumb"},"inLanguage":"en-US","potentialAction":[{"@type":"ReadAction","target":["https:\/\/marquisdesthes.com\/produit\/coffret-de-noel-du-marquis-des-thes\/"]}]},{"@type":"ImageObject","inLanguage":"en-US","@id":"https:\/\/marquisdesthes.com\/produit\/coffret-de-noel-du-marquis-des-thes\/#primaryimage","url":"https:\/\/marquisdesthes.com\/wp-content\/uploads\/2022\/11\/Coffret-marquis-Marquis-des-thes.jpg","contentUrl":"https:\/\/marquisdesthes.com\/wp-content\/uploads\/2022\/11\/Coffret-marquis-Marquis-des-thes.jpg","width":800,"height":800,"caption":"Coffret marquis Marquis des th\u00e9s"},{"@type":"BreadcrumbList","@id":"https:\/\/marquisdesthes.com\/produit\/coffret-de-noel-du-marquis-des-thes\/#breadcrumb","itemListElement":[{"@type":"ListItem","position":1,"name":"Accueil","item":"https:\/\/marquisdesthes.com\/"},{"@type":"ListItem","position":2,"name":"Boutique","item":"https:\/\/marquisdesthes.com\/boutique\/"},{"@type":"ListItem","position":3,"name":"Coffret de No\u00ebl du Marquis des th\u00e9s"}]},{"@type":"WebSite","@id":"https:\/\/marquisdesthes.com\/#website","url":"https:\/\/marquisdesthes.com\/","name":"Marquis des th\u00e9s","description":"","publisher":{"@id":"https:\/\/marquisdesthes.com\/#organization"},"potentialAction":[{"@type":"SearchAction","target":{"@type":"EntryPoint","urlTemplate":"https:\/\/marquisdesthes.com\/?s={search_term_string}"},"query-input":{"@type":"PropertyValueSpecification","valueRequired":true,"valueName":"search_term_string"}}],"inLanguage":"en-US"},{"@type":"Organization","@id":"https:\/\/marquisdesthes.com\/#organization","name":"Marquis des th\u00e9s","url":"https:\/\/marquisdesthes.com\/","logo":{"@type":"ImageObject","inLanguage":"en-US","@id":"https:\/\/marquisdesthes.com\/#\/schema\/logo\/image\/","url":"https:\/\/marquisdesthes.com\/wp-content\/uploads\/2022\/06\/Logo-site-web-marquis-des-thes-e1667926864494.png","contentUrl":"https:\/\/marquisdesthes.com\/wp-content\/uploads\/2022\/06\/Logo-site-web-marquis-des-thes-e1667926864494.png","width":744,"height":279,"caption":"Marquis des th\u00e9s"},"image":{"@id":"https:\/\/marquisdesthes.com\/#\/schema\/logo\/image\/"},"sameAs":["https:\/\/www.instagram.com\/marquisdesthes\/","https:\/\/www.tiktok.com\/@marquisdesthes","https:\/\/www.pinterest.fr\/marquisdesthes\/","https:\/\/www.youtube.com\/channel\/UC903SUajBZcvK-BcncSHcJg"]}]}},"_links":{"self":[{"href":"https:\/\/marquisdesthes.com\/en\/wp-json\/wp\/v2\/product\/2785","targetHints":{"allow":["GET"]}}],"collection":[{"href":"https:\/\/marquisdesthes.com\/en\/wp-json\/wp\/v2\/product"}],"about":[{"href":"https:\/\/marquisdesthes.com\/en\/wp-json\/wp\/v2\/types\/product"}],"version-history":[{"count":1,"href":"https:\/\/marquisdesthes.com\/en\/wp-json\/wp\/v2\/product\/2785\/revisions"}],"predecessor-version":[{"id":4767,"href":"https:\/\/marquisdesthes.com\/en\/wp-json\/wp\/v2\/product\/2785\/revisions\/4767"}],"wp:featuredmedia":[{"embeddable":true,"href":"https:\/\/marquisdesthes.com\/en\/wp-json\/wp\/v2\/media\/2793"}],"wp:attachment":[{"href":"https:\/\/marquisdesthes.com\/en\/wp-json\/wp\/v2\/media?parent=2785"}],"wp:term":[{"taxonomy":"product_brand","embeddable":true,"href":"https:\/\/marquisdesthes.com\/en\/wp-json\/wp\/v2\/product_brand?post=2785"},{"taxonomy":"product_cat","embeddable":true,"href":"https:\/\/marquisdesthes.com\/en\/wp-json\/wp\/v2\/product_cat?post=2785"},{"taxonomy":"product_tag","embeddable":true,"href":"https:\/\/marquisdesthes.com\/en\/wp-json\/wp\/v2\/product_tag?post=2785"}],"curies":[{"name":"wp","href":"https:\/\/api.w.org\/{rel}","templated":true}]}}