{"id":2840,"date":"2022-11-29T08:52:35","date_gmt":"2022-11-29T07:52:35","guid":{"rendered":"https:\/\/marquisdesthes.com\/?post_type=product&#038;p=2840"},"modified":"2026-04-04T19:37:22","modified_gmt":"2026-04-04T17:37:22","slug":"rooibos-marguerite-miel-citron","status":"publish","type":"product","link":"https:\/\/marquisdesthes.com\/en\/product\/rooibos-marguerite-miel-citron\/","title":{"rendered":"MARGUERITE"},"content":{"rendered":"<p>Un rooibos sans th\u00e9ine au miel et au citron vert, une r\u00e9f\u00e9rence qui ne laisse pas indiff\u00e9rent votre Marquis pr\u00e9f\u00e9r\u00e9 ! \ud83c\udf6f\ud83c\udf4b<br \/>\nVoici le rooibos Marguerite, pour Madame <a href=\"https:\/\/fr.wikipedia.org\/wiki\/Marguerite_Yourcenar\" target=\"_blank\" rel=\"noopener\">Marguerite Yourcenar<\/a>.<\/p>\n<p>Une femme de lettres fran\u00e7aise, autrice de romans, et de r\u00e9cits, mais \u00e9galement une po\u00e9tesse, et critique litt\u00e9raire. En 1929, elle publie son premier roman. \ud83d\udcda<\/p>\n<p>C\u2019est d\u00e9j\u00e0 pas mal nous direz-vous ? Effectivement, le Marquis tire son haut-de-forme \u00e0 Marguerite ! \ud83c\udfa9<br \/>\nMais Marguerite Yourcenar est \u00e9galement la premi\u00e8re femme \u00e9lue membre de l\u2019Acad\u00e9mie fran\u00e7aise en 1980.<br \/>\nMarguerite est une \u00e9rudite fran\u00e7aise qu\u2019on ne doit pas oublier, elle \u00e9crivit un grand nombre d\u2019essais divers et vari\u00e9s, elle lisait couramment le grec ancien et le latin et avait une vaste connaissance de la litt\u00e9rature antique. \ud83d\udcd6<\/p>","protected":false},"excerpt":{"rendered":"<p><span class=\"JsGRdQ\">Rooibos Super Grade, ananas (ananas, sucre), menthe poivr\u00e9e, thym, \u00e9corces d&rsquo;orange, ar\u00f4me, \u00e9corces de citron, fleurs d&rsquo;oranger, fleurs de souci.<\/span><\/p>","protected":false},"featured_media":2632,"template":"","meta":{"_acf_changed":false,"site-sidebar-layout":"default","site-content-layout":"default","ast-site-content-layout":"default","site-content-style":"default","site-sidebar-style":"default","ast-global-header-display":"","ast-banner-title-visibility":"","ast-main-header-display":"","ast-hfb-above-header-display":"","ast-hfb-below-header-display":"","ast-hfb-mobile-header-display":"","site-post-title":"","ast-breadcrumbs-content":"","ast-featured-img":"","footer-sml-layout":"","ast-disable-related-posts":"","theme-transparent-header-meta":"default","adv-header-id-meta":"","stick-header-meta":"default","header-above-stick-meta":"","header-main-stick-meta":"","header-below-stick-meta":"","astra-migrate-meta-layouts":"set","ast-page-background-enabled":"default","ast-page-background-meta":{"desktop":{"background-color":"","background-image":"","background-repeat":"repeat","background-position":"center center","background-size":"auto","background-attachment":"scroll","background-type":"","background-media":"","overlay-type":"","overlay-color":"","overlay-opacity":"","overlay-gradient":""},"tablet":{"background-color":"","background-image":"","background-repeat":"repeat","background-position":"center center","background-size":"auto","background-attachment":"scroll","background-type":"","background-media":"","overlay-type":"","overlay-color":"","overlay-opacity":"","overlay-gradient":""},"mobile":{"background-color":"","background-image":"","background-repeat":"repeat","background-position":"center center","background-size":"auto","background-attachment":"scroll","background-type":"","background-media":"","overlay-type":"","overlay-color":"","overlay-opacity":"","overlay-gradient":""}},"ast-content-background-meta":{"desktop":{"background-color":"var(--ast-global-color-5)","background-image":"","background-repeat":"repeat","background-position":"center center","background-size":"auto","background-attachment":"scroll","background-type":"","background-media":"","overlay-type":"","overlay-color":"","overlay-opacity":"","overlay-gradient":""},"tablet":{"background-color":"var(--ast-global-color-5)","background-image":"","background-repeat":"repeat","background-position":"center center","background-size":"auto","background-attachment":"scroll","background-type":"","background-media":"","overlay-type":"","overlay-color":"","overlay-opacity":"","overlay-gradient":""},"mobile":{"background-color":"var(--ast-global-color-5)","background-image":"","background-repeat":"repeat","background-position":"center center","background-size":"auto","background-attachment":"scroll","background-type":"","background-media":"","overlay-type":"","overlay-color":"","overlay-opacity":"","overlay-gradient":""}}},"product_brand":[],"product_cat":[107,109,108,75,78],"product_tag":[139],"class_list":{"0":"post-2840","1":"product","2":"type-product","3":"status-publish","4":"has-post-thumbnail","6":"product_cat-citron-vert","7":"product_cat-miel","8":"product_cat-notes-sucrees","9":"product_cat-rooibos","10":"product_cat-tisanes","11":"product_tag-rooibos","12":"desktop-align-center","13":"tablet-align-center","14":"mobile-align-center","15":"ast-product-gallery-layout-horizontal-slider","16":"ast-product-gallery-with-no-image","17":"ast-magnify-disabled","18":"ast-product-tabs-layout-horizontal","20":"first","21":"instock","22":"taxable","23":"shipping-taxable","24":"purchasable","25":"product-type-simple"},"acf":[],"yoast_head":"<!-- This site is optimized with the Yoast SEO plugin v27.5 - https:\/\/yoast.com\/product\/yoast-seo-wordpress\/ -->\n<title>MARGUERITE - Rooibos miel citron vert<\/title>\n<meta name=\"description\" content=\"Le rooibos MARGUERITE miel citron vert rend hommage \u00e0 Marguerite Yourcenar la premi\u00e8re femme \u00e9lue membre de l\u2019Acad\u00e9mie fran\u00e7aise en 1980.\" \/>\n<meta name=\"robots\" content=\"index, follow, max-snippet:-1, max-image-preview:large, max-video-preview:-1\" \/>\n<link rel=\"canonical\" href=\"https:\/\/marquisdesthes.com\/en\/product\/rooibos-marguerite-miel-citron\/\" \/>\n<meta property=\"og:locale\" content=\"en_US\" \/>\n<meta property=\"og:type\" content=\"article\" \/>\n<meta property=\"og:title\" content=\"MARGUERITE - Rooibos miel citron vert\" \/>\n<meta property=\"og:description\" content=\"Le rooibos MARGUERITE miel citron vert rend hommage \u00e0 Marguerite Yourcenar la premi\u00e8re femme \u00e9lue membre de l\u2019Acad\u00e9mie fran\u00e7aise en 1980.\" \/>\n<meta property=\"og:url\" content=\"https:\/\/marquisdesthes.com\/en\/product\/rooibos-marguerite-miel-citron\/\" \/>\n<meta property=\"og:site_name\" content=\"Marquis des th\u00e9s\" \/>\n<meta property=\"article:modified_time\" content=\"2026-04-04T17:37:22+00:00\" \/>\n<meta property=\"og:image\" content=\"https:\/\/marquisdesthes.com\/wp-content\/uploads\/2022\/10\/Rooibos-Marguerite-Miel-Citron-vert-Marquis-des-thes.jpg\" \/>\n\t<meta property=\"og:image:width\" content=\"800\" \/>\n\t<meta property=\"og:image:height\" content=\"800\" \/>\n\t<meta property=\"og:image:type\" content=\"image\/jpeg\" \/>\n<meta name=\"twitter:card\" content=\"summary_large_image\" \/>\n<meta name=\"twitter:label1\" content=\"Est. reading time\" \/>\n\t<meta name=\"twitter:data1\" content=\"1 minute\" \/>\n<script type=\"application\/ld+json\" class=\"yoast-schema-graph\">{\"@context\":\"https:\\\/\\\/schema.org\",\"@graph\":[{\"@type\":\"WebPage\",\"@id\":\"https:\\\/\\\/marquisdesthes.com\\\/produit\\\/rooibos-marguerite-miel-citron\\\/\",\"url\":\"https:\\\/\\\/marquisdesthes.com\\\/produit\\\/rooibos-marguerite-miel-citron\\\/\",\"name\":\"MARGUERITE - Rooibos miel citron vert\",\"isPartOf\":{\"@id\":\"https:\\\/\\\/marquisdesthes.com\\\/#website\"},\"primaryImageOfPage\":{\"@id\":\"https:\\\/\\\/marquisdesthes.com\\\/produit\\\/rooibos-marguerite-miel-citron\\\/#primaryimage\"},\"image\":{\"@id\":\"https:\\\/\\\/marquisdesthes.com\\\/produit\\\/rooibos-marguerite-miel-citron\\\/#primaryimage\"},\"thumbnailUrl\":\"https:\\\/\\\/marquisdesthes.com\\\/wp-content\\\/uploads\\\/2022\\\/10\\\/Rooibos-Marguerite-Miel-Citron-vert-Marquis-des-thes.jpg\",\"datePublished\":\"2022-11-29T07:52:35+00:00\",\"dateModified\":\"2026-04-04T17:37:22+00:00\",\"description\":\"Le rooibos MARGUERITE miel citron vert rend hommage \u00e0 Marguerite Yourcenar la premi\u00e8re femme \u00e9lue membre de l\u2019Acad\u00e9mie fran\u00e7aise en 1980.\",\"breadcrumb\":{\"@id\":\"https:\\\/\\\/marquisdesthes.com\\\/produit\\\/rooibos-marguerite-miel-citron\\\/#breadcrumb\"},\"inLanguage\":\"en-US\",\"potentialAction\":[{\"@type\":\"ReadAction\",\"target\":[\"https:\\\/\\\/marquisdesthes.com\\\/produit\\\/rooibos-marguerite-miel-citron\\\/\"]}]},{\"@type\":\"ImageObject\",\"inLanguage\":\"en-US\",\"@id\":\"https:\\\/\\\/marquisdesthes.com\\\/produit\\\/rooibos-marguerite-miel-citron\\\/#primaryimage\",\"url\":\"https:\\\/\\\/marquisdesthes.com\\\/wp-content\\\/uploads\\\/2022\\\/10\\\/Rooibos-Marguerite-Miel-Citron-vert-Marquis-des-thes.jpg\",\"contentUrl\":\"https:\\\/\\\/marquisdesthes.com\\\/wp-content\\\/uploads\\\/2022\\\/10\\\/Rooibos-Marguerite-Miel-Citron-vert-Marquis-des-thes.jpg\",\"width\":800,\"height\":800,\"caption\":\"Rooibos Marguerite, Miel Citron vert, Marquis des th\u00e9s\"},{\"@type\":\"BreadcrumbList\",\"@id\":\"https:\\\/\\\/marquisdesthes.com\\\/produit\\\/rooibos-marguerite-miel-citron\\\/#breadcrumb\",\"itemListElement\":[{\"@type\":\"ListItem\",\"position\":1,\"name\":\"Accueil\",\"item\":\"https:\\\/\\\/marquisdesthes.com\\\/\"},{\"@type\":\"ListItem\",\"position\":2,\"name\":\"Boutique\",\"item\":\"https:\\\/\\\/marquisdesthes.com\\\/boutique\\\/\"},{\"@type\":\"ListItem\",\"position\":3,\"name\":\"MARGUERITE\"}]},{\"@type\":\"WebSite\",\"@id\":\"https:\\\/\\\/marquisdesthes.com\\\/#website\",\"url\":\"https:\\\/\\\/marquisdesthes.com\\\/\",\"name\":\"Marquis des th\u00e9s\",\"description\":\"\",\"publisher\":{\"@id\":\"https:\\\/\\\/marquisdesthes.com\\\/#organization\"},\"potentialAction\":[{\"@type\":\"SearchAction\",\"target\":{\"@type\":\"EntryPoint\",\"urlTemplate\":\"https:\\\/\\\/marquisdesthes.com\\\/?s={search_term_string}\"},\"query-input\":{\"@type\":\"PropertyValueSpecification\",\"valueRequired\":true,\"valueName\":\"search_term_string\"}}],\"inLanguage\":\"en-US\"},{\"@type\":\"Organization\",\"@id\":\"https:\\\/\\\/marquisdesthes.com\\\/#organization\",\"name\":\"Marquis des th\u00e9s\",\"url\":\"https:\\\/\\\/marquisdesthes.com\\\/\",\"logo\":{\"@type\":\"ImageObject\",\"inLanguage\":\"en-US\",\"@id\":\"https:\\\/\\\/marquisdesthes.com\\\/#\\\/schema\\\/logo\\\/image\\\/\",\"url\":\"https:\\\/\\\/marquisdesthes.com\\\/wp-content\\\/uploads\\\/2022\\\/06\\\/Logo-site-web-marquis-des-thes-e1667926864494.png\",\"contentUrl\":\"https:\\\/\\\/marquisdesthes.com\\\/wp-content\\\/uploads\\\/2022\\\/06\\\/Logo-site-web-marquis-des-thes-e1667926864494.png\",\"width\":744,\"height\":279,\"caption\":\"Marquis des th\u00e9s\"},\"image\":{\"@id\":\"https:\\\/\\\/marquisdesthes.com\\\/#\\\/schema\\\/logo\\\/image\\\/\"},\"sameAs\":[\"https:\\\/\\\/www.instagram.com\\\/marquisdesthes\\\/\",\"https:\\\/\\\/www.tiktok.com\\\/@marquisdesthes\",\"https:\\\/\\\/www.pinterest.fr\\\/marquisdesthes\\\/\",\"https:\\\/\\\/www.youtube.com\\\/channel\\\/UC903SUajBZcvK-BcncSHcJg\"]}]}<\/script>\n<!-- \/ Yoast SEO plugin. -->","yoast_head_json":{"title":"MARGUERITE - Rooibos miel citron vert","description":"Le rooibos MARGUERITE miel citron vert rend hommage \u00e0 Marguerite Yourcenar la premi\u00e8re femme \u00e9lue membre de l\u2019Acad\u00e9mie fran\u00e7aise en 1980.","robots":{"index":"index","follow":"follow","max-snippet":"max-snippet:-1","max-image-preview":"max-image-preview:large","max-video-preview":"max-video-preview:-1"},"canonical":"https:\/\/marquisdesthes.com\/en\/product\/rooibos-marguerite-miel-citron\/","og_locale":"en_US","og_type":"article","og_title":"MARGUERITE - Rooibos miel citron vert","og_description":"Le rooibos MARGUERITE miel citron vert rend hommage \u00e0 Marguerite Yourcenar la premi\u00e8re femme \u00e9lue membre de l\u2019Acad\u00e9mie fran\u00e7aise en 1980.","og_url":"https:\/\/marquisdesthes.com\/en\/product\/rooibos-marguerite-miel-citron\/","og_site_name":"Marquis des th\u00e9s","article_modified_time":"2026-04-04T17:37:22+00:00","og_image":[{"width":800,"height":800,"url":"https:\/\/marquisdesthes.com\/wp-content\/uploads\/2022\/10\/Rooibos-Marguerite-Miel-Citron-vert-Marquis-des-thes.jpg","type":"image\/jpeg"}],"twitter_card":"summary_large_image","twitter_misc":{"Est. reading time":"1 minute"},"schema":{"@context":"https:\/\/schema.org","@graph":[{"@type":"WebPage","@id":"https:\/\/marquisdesthes.com\/produit\/rooibos-marguerite-miel-citron\/","url":"https:\/\/marquisdesthes.com\/produit\/rooibos-marguerite-miel-citron\/","name":"MARGUERITE - Rooibos miel citron vert","isPartOf":{"@id":"https:\/\/marquisdesthes.com\/#website"},"primaryImageOfPage":{"@id":"https:\/\/marquisdesthes.com\/produit\/rooibos-marguerite-miel-citron\/#primaryimage"},"image":{"@id":"https:\/\/marquisdesthes.com\/produit\/rooibos-marguerite-miel-citron\/#primaryimage"},"thumbnailUrl":"https:\/\/marquisdesthes.com\/wp-content\/uploads\/2022\/10\/Rooibos-Marguerite-Miel-Citron-vert-Marquis-des-thes.jpg","datePublished":"2022-11-29T07:52:35+00:00","dateModified":"2026-04-04T17:37:22+00:00","description":"Le rooibos MARGUERITE miel citron vert rend hommage \u00e0 Marguerite Yourcenar la premi\u00e8re femme \u00e9lue membre de l\u2019Acad\u00e9mie fran\u00e7aise en 1980.","breadcrumb":{"@id":"https:\/\/marquisdesthes.com\/produit\/rooibos-marguerite-miel-citron\/#breadcrumb"},"inLanguage":"en-US","potentialAction":[{"@type":"ReadAction","target":["https:\/\/marquisdesthes.com\/produit\/rooibos-marguerite-miel-citron\/"]}]},{"@type":"ImageObject","inLanguage":"en-US","@id":"https:\/\/marquisdesthes.com\/produit\/rooibos-marguerite-miel-citron\/#primaryimage","url":"https:\/\/marquisdesthes.com\/wp-content\/uploads\/2022\/10\/Rooibos-Marguerite-Miel-Citron-vert-Marquis-des-thes.jpg","contentUrl":"https:\/\/marquisdesthes.com\/wp-content\/uploads\/2022\/10\/Rooibos-Marguerite-Miel-Citron-vert-Marquis-des-thes.jpg","width":800,"height":800,"caption":"Rooibos Marguerite, Miel Citron vert, Marquis des th\u00e9s"},{"@type":"BreadcrumbList","@id":"https:\/\/marquisdesthes.com\/produit\/rooibos-marguerite-miel-citron\/#breadcrumb","itemListElement":[{"@type":"ListItem","position":1,"name":"Accueil","item":"https:\/\/marquisdesthes.com\/"},{"@type":"ListItem","position":2,"name":"Boutique","item":"https:\/\/marquisdesthes.com\/boutique\/"},{"@type":"ListItem","position":3,"name":"MARGUERITE"}]},{"@type":"WebSite","@id":"https:\/\/marquisdesthes.com\/#website","url":"https:\/\/marquisdesthes.com\/","name":"Marquis des th\u00e9s","description":"","publisher":{"@id":"https:\/\/marquisdesthes.com\/#organization"},"potentialAction":[{"@type":"SearchAction","target":{"@type":"EntryPoint","urlTemplate":"https:\/\/marquisdesthes.com\/?s={search_term_string}"},"query-input":{"@type":"PropertyValueSpecification","valueRequired":true,"valueName":"search_term_string"}}],"inLanguage":"en-US"},{"@type":"Organization","@id":"https:\/\/marquisdesthes.com\/#organization","name":"Marquis des th\u00e9s","url":"https:\/\/marquisdesthes.com\/","logo":{"@type":"ImageObject","inLanguage":"en-US","@id":"https:\/\/marquisdesthes.com\/#\/schema\/logo\/image\/","url":"https:\/\/marquisdesthes.com\/wp-content\/uploads\/2022\/06\/Logo-site-web-marquis-des-thes-e1667926864494.png","contentUrl":"https:\/\/marquisdesthes.com\/wp-content\/uploads\/2022\/06\/Logo-site-web-marquis-des-thes-e1667926864494.png","width":744,"height":279,"caption":"Marquis des th\u00e9s"},"image":{"@id":"https:\/\/marquisdesthes.com\/#\/schema\/logo\/image\/"},"sameAs":["https:\/\/www.instagram.com\/marquisdesthes\/","https:\/\/www.tiktok.com\/@marquisdesthes","https:\/\/www.pinterest.fr\/marquisdesthes\/","https:\/\/www.youtube.com\/channel\/UC903SUajBZcvK-BcncSHcJg"]}]}},"_links":{"self":[{"href":"https:\/\/marquisdesthes.com\/en\/wp-json\/wp\/v2\/product\/2840","targetHints":{"allow":["GET"]}}],"collection":[{"href":"https:\/\/marquisdesthes.com\/en\/wp-json\/wp\/v2\/product"}],"about":[{"href":"https:\/\/marquisdesthes.com\/en\/wp-json\/wp\/v2\/types\/product"}],"version-history":[{"count":2,"href":"https:\/\/marquisdesthes.com\/en\/wp-json\/wp\/v2\/product\/2840\/revisions"}],"predecessor-version":[{"id":4493,"href":"https:\/\/marquisdesthes.com\/en\/wp-json\/wp\/v2\/product\/2840\/revisions\/4493"}],"wp:featuredmedia":[{"embeddable":true,"href":"https:\/\/marquisdesthes.com\/en\/wp-json\/wp\/v2\/media\/2632"}],"wp:attachment":[{"href":"https:\/\/marquisdesthes.com\/en\/wp-json\/wp\/v2\/media?parent=2840"}],"wp:term":[{"taxonomy":"product_brand","embeddable":true,"href":"https:\/\/marquisdesthes.com\/en\/wp-json\/wp\/v2\/product_brand?post=2840"},{"taxonomy":"product_cat","embeddable":true,"href":"https:\/\/marquisdesthes.com\/en\/wp-json\/wp\/v2\/product_cat?post=2840"},{"taxonomy":"product_tag","embeddable":true,"href":"https:\/\/marquisdesthes.com\/en\/wp-json\/wp\/v2\/product_tag?post=2840"}],"curies":[{"name":"wp","href":"https:\/\/api.w.org\/{rel}","templated":true}]}}