{"id":4601,"date":"2023-11-09T22:22:50","date_gmt":"2023-11-09T21:22:50","guid":{"rendered":"https:\/\/marquisdesthes.com\/?post_type=product&#038;p=4601"},"modified":"2026-04-04T19:34:41","modified_gmt":"2026-04-04T17:34:41","slug":"infusion-caresse-romarin-thym-citron","status":"publish","type":"product","link":"https:\/\/marquisdesthes.com\/en\/product\/infusion-caresse-romarin-thym-citron\/","title":{"rendered":"CARESSE"},"content":{"rendered":"","protected":false},"excerpt":{"rendered":"","protected":false},"featured_media":4578,"template":"","meta":{"_acf_changed":false,"site-sidebar-layout":"default","site-content-layout":"","ast-site-content-layout":"default","site-content-style":"default","site-sidebar-style":"default","ast-global-header-display":"","ast-banner-title-visibility":"","ast-main-header-display":"","ast-hfb-above-header-display":"","ast-hfb-below-header-display":"","ast-hfb-mobile-header-display":"","site-post-title":"","ast-breadcrumbs-content":"","ast-featured-img":"","footer-sml-layout":"","ast-disable-related-posts":"","theme-transparent-header-meta":"default","adv-header-id-meta":"","stick-header-meta":"default","header-above-stick-meta":"","header-main-stick-meta":"","header-below-stick-meta":"","astra-migrate-meta-layouts":"set","ast-page-background-enabled":"default","ast-page-background-meta":{"desktop":{"background-color":"","background-image":"","background-repeat":"repeat","background-position":"center center","background-size":"auto","background-attachment":"scroll","background-type":"","background-media":"","overlay-type":"","overlay-color":"","overlay-opacity":"","overlay-gradient":""},"tablet":{"background-color":"","background-image":"","background-repeat":"repeat","background-position":"center center","background-size":"auto","background-attachment":"scroll","background-type":"","background-media":"","overlay-type":"","overlay-color":"","overlay-opacity":"","overlay-gradient":""},"mobile":{"background-color":"","background-image":"","background-repeat":"repeat","background-position":"center center","background-size":"auto","background-attachment":"scroll","background-type":"","background-media":"","overlay-type":"","overlay-color":"","overlay-opacity":"","overlay-gradient":""}},"ast-content-background-meta":{"desktop":{"background-color":"var(--ast-global-color-5)","background-image":"","background-repeat":"repeat","background-position":"center center","background-size":"auto","background-attachment":"scroll","background-type":"","background-media":"","overlay-type":"","overlay-color":"","overlay-opacity":"","overlay-gradient":""},"tablet":{"background-color":"var(--ast-global-color-5)","background-image":"","background-repeat":"repeat","background-position":"center center","background-size":"auto","background-attachment":"scroll","background-type":"","background-media":"","overlay-type":"","overlay-color":"","overlay-opacity":"","overlay-gradient":""},"mobile":{"background-color":"var(--ast-global-color-5)","background-image":"","background-repeat":"repeat","background-position":"center center","background-size":"auto","background-attachment":"scroll","background-type":"","background-media":"","overlay-type":"","overlay-color":"","overlay-opacity":"","overlay-gradient":""}}},"product_brand":[],"product_cat":[91,162,89,77,161,160,78],"product_tag":[],"class_list":{"0":"post-4601","1":"product","2":"type-product","3":"status-publish","4":"has-post-thumbnail","6":"product_cat-aromatiques","7":"product_cat-citron","8":"product_cat-fruites","9":"product_cat-infusions","10":"product_cat-romarin","11":"product_cat-thym","12":"product_cat-tisanes","13":"desktop-align-center","14":"tablet-align-center","15":"mobile-align-center","16":"ast-product-gallery-layout-horizontal-slider","17":"ast-product-gallery-with-no-image","18":"ast-magnify-disabled","19":"ast-product-tabs-layout-horizontal","21":"first","22":"instock","23":"taxable","24":"shipping-taxable","25":"purchasable","26":"product-type-simple"},"acf":[],"yoast_head":"<!-- This site is optimized with the Yoast SEO plugin v27.5 - https:\/\/yoast.com\/product\/yoast-seo-wordpress\/ -->\n<title>CARESSE - Infusion Thym Romarin Citron<\/title>\n<meta name=\"description\" content=\"L&#039;infusion CARESSE thym romarin citron rend hommage \u00e0 Caresse Crosby la cr\u00e9atrice des brassi\u00e8res, sans armatures, pour remplacer les corsets.\" \/>\n<meta name=\"robots\" content=\"index, follow, max-snippet:-1, max-image-preview:large, max-video-preview:-1\" \/>\n<link rel=\"canonical\" href=\"https:\/\/marquisdesthes.com\/en\/product\/infusion-caresse-romarin-thym-citron\/\" \/>\n<meta property=\"og:locale\" content=\"en_US\" \/>\n<meta property=\"og:type\" content=\"article\" \/>\n<meta property=\"og:title\" content=\"CARESSE - Infusion Thym Romarin Citron\" \/>\n<meta property=\"og:description\" content=\"L&#039;infusion CARESSE thym romarin citron rend hommage \u00e0 Caresse Crosby la cr\u00e9atrice des brassi\u00e8res, sans armatures, pour remplacer les corsets.\" \/>\n<meta property=\"og:url\" content=\"https:\/\/marquisdesthes.com\/en\/product\/infusion-caresse-romarin-thym-citron\/\" \/>\n<meta property=\"og:site_name\" content=\"Marquis des th\u00e9s\" \/>\n<meta property=\"article:modified_time\" content=\"2026-04-04T17:34:41+00:00\" \/>\n<meta property=\"og:image\" content=\"https:\/\/marquisdesthes.com\/wp-content\/uploads\/2023\/11\/Infusion-Caresse-Crosby-jpg.webp\" \/>\n\t<meta property=\"og:image:width\" content=\"810\" \/>\n\t<meta property=\"og:image:height\" content=\"810\" \/>\n\t<meta property=\"og:image:type\" content=\"image\/jpeg\" \/>\n<meta name=\"twitter:card\" content=\"summary_large_image\" \/>\n<script type=\"application\/ld+json\" class=\"yoast-schema-graph\">{\"@context\":\"https:\\\/\\\/schema.org\",\"@graph\":[{\"@type\":\"WebPage\",\"@id\":\"https:\\\/\\\/marquisdesthes.com\\\/produit\\\/infusion-caresse-romarin-thym-citron\\\/\",\"url\":\"https:\\\/\\\/marquisdesthes.com\\\/produit\\\/infusion-caresse-romarin-thym-citron\\\/\",\"name\":\"CARESSE - Infusion Thym Romarin Citron\",\"isPartOf\":{\"@id\":\"https:\\\/\\\/marquisdesthes.com\\\/#website\"},\"primaryImageOfPage\":{\"@id\":\"https:\\\/\\\/marquisdesthes.com\\\/produit\\\/infusion-caresse-romarin-thym-citron\\\/#primaryimage\"},\"image\":{\"@id\":\"https:\\\/\\\/marquisdesthes.com\\\/produit\\\/infusion-caresse-romarin-thym-citron\\\/#primaryimage\"},\"thumbnailUrl\":\"https:\\\/\\\/marquisdesthes.com\\\/wp-content\\\/uploads\\\/2023\\\/11\\\/Infusion-Caresse-Crosby-jpg.webp\",\"datePublished\":\"2023-11-09T21:22:50+00:00\",\"dateModified\":\"2026-04-04T17:34:41+00:00\",\"description\":\"L'infusion CARESSE thym romarin citron rend hommage \u00e0 Caresse Crosby la cr\u00e9atrice des brassi\u00e8res, sans armatures, pour remplacer les corsets.\",\"breadcrumb\":{\"@id\":\"https:\\\/\\\/marquisdesthes.com\\\/produit\\\/infusion-caresse-romarin-thym-citron\\\/#breadcrumb\"},\"inLanguage\":\"en-US\",\"potentialAction\":[{\"@type\":\"ReadAction\",\"target\":[\"https:\\\/\\\/marquisdesthes.com\\\/produit\\\/infusion-caresse-romarin-thym-citron\\\/\"]}]},{\"@type\":\"ImageObject\",\"inLanguage\":\"en-US\",\"@id\":\"https:\\\/\\\/marquisdesthes.com\\\/produit\\\/infusion-caresse-romarin-thym-citron\\\/#primaryimage\",\"url\":\"https:\\\/\\\/marquisdesthes.com\\\/wp-content\\\/uploads\\\/2023\\\/11\\\/Infusion-Caresse-Crosby-jpg.webp\",\"contentUrl\":\"https:\\\/\\\/marquisdesthes.com\\\/wp-content\\\/uploads\\\/2023\\\/11\\\/Infusion-Caresse-Crosby-jpg.webp\",\"width\":810,\"height\":810,\"caption\":\"Infusion Caresse Crosby\"},{\"@type\":\"BreadcrumbList\",\"@id\":\"https:\\\/\\\/marquisdesthes.com\\\/produit\\\/infusion-caresse-romarin-thym-citron\\\/#breadcrumb\",\"itemListElement\":[{\"@type\":\"ListItem\",\"position\":1,\"name\":\"Accueil\",\"item\":\"https:\\\/\\\/marquisdesthes.com\\\/\"},{\"@type\":\"ListItem\",\"position\":2,\"name\":\"Boutique\",\"item\":\"https:\\\/\\\/marquisdesthes.com\\\/boutique\\\/\"},{\"@type\":\"ListItem\",\"position\":3,\"name\":\"CARESSE\"}]},{\"@type\":\"WebSite\",\"@id\":\"https:\\\/\\\/marquisdesthes.com\\\/#website\",\"url\":\"https:\\\/\\\/marquisdesthes.com\\\/\",\"name\":\"Marquis des th\u00e9s\",\"description\":\"\",\"publisher\":{\"@id\":\"https:\\\/\\\/marquisdesthes.com\\\/#organization\"},\"potentialAction\":[{\"@type\":\"SearchAction\",\"target\":{\"@type\":\"EntryPoint\",\"urlTemplate\":\"https:\\\/\\\/marquisdesthes.com\\\/?s={search_term_string}\"},\"query-input\":{\"@type\":\"PropertyValueSpecification\",\"valueRequired\":true,\"valueName\":\"search_term_string\"}}],\"inLanguage\":\"en-US\"},{\"@type\":\"Organization\",\"@id\":\"https:\\\/\\\/marquisdesthes.com\\\/#organization\",\"name\":\"Marquis des th\u00e9s\",\"url\":\"https:\\\/\\\/marquisdesthes.com\\\/\",\"logo\":{\"@type\":\"ImageObject\",\"inLanguage\":\"en-US\",\"@id\":\"https:\\\/\\\/marquisdesthes.com\\\/#\\\/schema\\\/logo\\\/image\\\/\",\"url\":\"https:\\\/\\\/marquisdesthes.com\\\/wp-content\\\/uploads\\\/2022\\\/06\\\/Logo-site-web-marquis-des-thes-e1667926864494.png\",\"contentUrl\":\"https:\\\/\\\/marquisdesthes.com\\\/wp-content\\\/uploads\\\/2022\\\/06\\\/Logo-site-web-marquis-des-thes-e1667926864494.png\",\"width\":744,\"height\":279,\"caption\":\"Marquis des th\u00e9s\"},\"image\":{\"@id\":\"https:\\\/\\\/marquisdesthes.com\\\/#\\\/schema\\\/logo\\\/image\\\/\"},\"sameAs\":[\"https:\\\/\\\/www.instagram.com\\\/marquisdesthes\\\/\",\"https:\\\/\\\/www.tiktok.com\\\/@marquisdesthes\",\"https:\\\/\\\/www.pinterest.fr\\\/marquisdesthes\\\/\",\"https:\\\/\\\/www.youtube.com\\\/channel\\\/UC903SUajBZcvK-BcncSHcJg\"]}]}<\/script>\n<!-- \/ Yoast SEO plugin. -->","yoast_head_json":{"title":"CARESSE - Infusion Thym Romarin Citron","description":"L'infusion CARESSE thym romarin citron rend hommage \u00e0 Caresse Crosby la cr\u00e9atrice des brassi\u00e8res, sans armatures, pour remplacer les corsets.","robots":{"index":"index","follow":"follow","max-snippet":"max-snippet:-1","max-image-preview":"max-image-preview:large","max-video-preview":"max-video-preview:-1"},"canonical":"https:\/\/marquisdesthes.com\/en\/product\/infusion-caresse-romarin-thym-citron\/","og_locale":"en_US","og_type":"article","og_title":"CARESSE - Infusion Thym Romarin Citron","og_description":"L'infusion CARESSE thym romarin citron rend hommage \u00e0 Caresse Crosby la cr\u00e9atrice des brassi\u00e8res, sans armatures, pour remplacer les corsets.","og_url":"https:\/\/marquisdesthes.com\/en\/product\/infusion-caresse-romarin-thym-citron\/","og_site_name":"Marquis des th\u00e9s","article_modified_time":"2026-04-04T17:34:41+00:00","og_image":[{"width":810,"height":810,"url":"https:\/\/marquisdesthes.com\/wp-content\/uploads\/2023\/11\/Infusion-Caresse-Crosby-jpg.webp","type":"image\/jpeg"}],"twitter_card":"summary_large_image","schema":{"@context":"https:\/\/schema.org","@graph":[{"@type":"WebPage","@id":"https:\/\/marquisdesthes.com\/produit\/infusion-caresse-romarin-thym-citron\/","url":"https:\/\/marquisdesthes.com\/produit\/infusion-caresse-romarin-thym-citron\/","name":"CARESSE - Infusion Thym Romarin Citron","isPartOf":{"@id":"https:\/\/marquisdesthes.com\/#website"},"primaryImageOfPage":{"@id":"https:\/\/marquisdesthes.com\/produit\/infusion-caresse-romarin-thym-citron\/#primaryimage"},"image":{"@id":"https:\/\/marquisdesthes.com\/produit\/infusion-caresse-romarin-thym-citron\/#primaryimage"},"thumbnailUrl":"https:\/\/marquisdesthes.com\/wp-content\/uploads\/2023\/11\/Infusion-Caresse-Crosby-jpg.webp","datePublished":"2023-11-09T21:22:50+00:00","dateModified":"2026-04-04T17:34:41+00:00","description":"L'infusion CARESSE thym romarin citron rend hommage \u00e0 Caresse Crosby la cr\u00e9atrice des brassi\u00e8res, sans armatures, pour remplacer les corsets.","breadcrumb":{"@id":"https:\/\/marquisdesthes.com\/produit\/infusion-caresse-romarin-thym-citron\/#breadcrumb"},"inLanguage":"en-US","potentialAction":[{"@type":"ReadAction","target":["https:\/\/marquisdesthes.com\/produit\/infusion-caresse-romarin-thym-citron\/"]}]},{"@type":"ImageObject","inLanguage":"en-US","@id":"https:\/\/marquisdesthes.com\/produit\/infusion-caresse-romarin-thym-citron\/#primaryimage","url":"https:\/\/marquisdesthes.com\/wp-content\/uploads\/2023\/11\/Infusion-Caresse-Crosby-jpg.webp","contentUrl":"https:\/\/marquisdesthes.com\/wp-content\/uploads\/2023\/11\/Infusion-Caresse-Crosby-jpg.webp","width":810,"height":810,"caption":"Infusion Caresse Crosby"},{"@type":"BreadcrumbList","@id":"https:\/\/marquisdesthes.com\/produit\/infusion-caresse-romarin-thym-citron\/#breadcrumb","itemListElement":[{"@type":"ListItem","position":1,"name":"Accueil","item":"https:\/\/marquisdesthes.com\/"},{"@type":"ListItem","position":2,"name":"Boutique","item":"https:\/\/marquisdesthes.com\/boutique\/"},{"@type":"ListItem","position":3,"name":"CARESSE"}]},{"@type":"WebSite","@id":"https:\/\/marquisdesthes.com\/#website","url":"https:\/\/marquisdesthes.com\/","name":"Marquis des th\u00e9s","description":"","publisher":{"@id":"https:\/\/marquisdesthes.com\/#organization"},"potentialAction":[{"@type":"SearchAction","target":{"@type":"EntryPoint","urlTemplate":"https:\/\/marquisdesthes.com\/?s={search_term_string}"},"query-input":{"@type":"PropertyValueSpecification","valueRequired":true,"valueName":"search_term_string"}}],"inLanguage":"en-US"},{"@type":"Organization","@id":"https:\/\/marquisdesthes.com\/#organization","name":"Marquis des th\u00e9s","url":"https:\/\/marquisdesthes.com\/","logo":{"@type":"ImageObject","inLanguage":"en-US","@id":"https:\/\/marquisdesthes.com\/#\/schema\/logo\/image\/","url":"https:\/\/marquisdesthes.com\/wp-content\/uploads\/2022\/06\/Logo-site-web-marquis-des-thes-e1667926864494.png","contentUrl":"https:\/\/marquisdesthes.com\/wp-content\/uploads\/2022\/06\/Logo-site-web-marquis-des-thes-e1667926864494.png","width":744,"height":279,"caption":"Marquis des th\u00e9s"},"image":{"@id":"https:\/\/marquisdesthes.com\/#\/schema\/logo\/image\/"},"sameAs":["https:\/\/www.instagram.com\/marquisdesthes\/","https:\/\/www.tiktok.com\/@marquisdesthes","https:\/\/www.pinterest.fr\/marquisdesthes\/","https:\/\/www.youtube.com\/channel\/UC903SUajBZcvK-BcncSHcJg"]}]}},"_links":{"self":[{"href":"https:\/\/marquisdesthes.com\/en\/wp-json\/wp\/v2\/product\/4601","targetHints":{"allow":["GET"]}}],"collection":[{"href":"https:\/\/marquisdesthes.com\/en\/wp-json\/wp\/v2\/product"}],"about":[{"href":"https:\/\/marquisdesthes.com\/en\/wp-json\/wp\/v2\/types\/product"}],"version-history":[{"count":1,"href":"https:\/\/marquisdesthes.com\/en\/wp-json\/wp\/v2\/product\/4601\/revisions"}],"predecessor-version":[{"id":4604,"href":"https:\/\/marquisdesthes.com\/en\/wp-json\/wp\/v2\/product\/4601\/revisions\/4604"}],"wp:featuredmedia":[{"embeddable":true,"href":"https:\/\/marquisdesthes.com\/en\/wp-json\/wp\/v2\/media\/4578"}],"wp:attachment":[{"href":"https:\/\/marquisdesthes.com\/en\/wp-json\/wp\/v2\/media?parent=4601"}],"wp:term":[{"taxonomy":"product_brand","embeddable":true,"href":"https:\/\/marquisdesthes.com\/en\/wp-json\/wp\/v2\/product_brand?post=4601"},{"taxonomy":"product_cat","embeddable":true,"href":"https:\/\/marquisdesthes.com\/en\/wp-json\/wp\/v2\/product_cat?post=4601"},{"taxonomy":"product_tag","embeddable":true,"href":"https:\/\/marquisdesthes.com\/en\/wp-json\/wp\/v2\/product_tag?post=4601"}],"curies":[{"name":"wp","href":"https:\/\/api.w.org\/{rel}","templated":true}]}}